{"id":8618,"date":"2023-08-23T00:01:48","date_gmt":"2023-08-22T21:01:48","guid":{"rendered":"https:\/\/www.cncmarketi.com\/index.php\/product\/alti-yollu-sanziman\/"},"modified":"2023-09-05T20:27:25","modified_gmt":"2023-09-05T17:27:25","slug":"alti-yollu-sanziman","status":"publish","type":"product","link":"https:\/\/www.cncmarketi.com\/index.php\/product\/alti-yollu-sanziman\/","title":{"rendered":"Alt\u0131 yollu \u015fanz\u0131man"},"content":{"rendered":"<p>Six Way Gearbox has 6 shafts, including one input shaft and five output shaft which can increase speed and reducer with gear ratio 1:2.<br \/>\nWith excellent processing technology and stable quality assurance, G+ supplied these multiple way gearbox to many manufacturers in grinding industry and polishing industry.<\/p>\n","protected":false},"excerpt":{"rendered":"<p>Six Way Gearbox has 6 shafts, including one input shaft and five output shaft which can increase speed and reducer with gear ratio 1:2. With&#8230;<\/p>\n","protected":false},"featured_media":8617,"comment_status":"open","ping_status":"closed","template":"","meta":[],"etheme_brands":[{"term_id":287,"name":"Gigager","slug":"gigager","term_group":0,"term_taxonomy_id":287,"taxonomy":"brand","description":"","parent":0,"count":189,"filter":"raw"}],"product_cat":[50],"product_tag":[],"_links":{"self":[{"href":"https:\/\/www.cncmarketi.com\/index.php\/wp-json\/wp\/v2\/product\/8618"}],"collection":[{"href":"https:\/\/www.cncmarketi.com\/index.php\/wp-json\/wp\/v2\/product"}],"about":[{"href":"https:\/\/www.cncmarketi.com\/index.php\/wp-json\/wp\/v2\/types\/product"}],"replies":[{"embeddable":true,"href":"https:\/\/www.cncmarketi.com\/index.php\/wp-json\/wp\/v2\/comments?post=8618"}],"version-history":[{"count":0,"href":"https:\/\/www.cncmarketi.com\/index.php\/wp-json\/wp\/v2\/product\/8618\/revisions"}],"wp:featuredmedia":[{"embeddable":true,"href":"https:\/\/www.cncmarketi.com\/index.php\/wp-json\/wp\/v2\/media\/8617"}],"wp:attachment":[{"href":"https:\/\/www.cncmarketi.com\/index.php\/wp-json\/wp\/v2\/media?parent=8618"}],"wp:term":[{"taxonomy":"brand","embeddable":true,"href":"https:\/\/www.cncmarketi.com\/index.php\/wp-json\/wp\/v2\/etheme_brands?post=8618"},{"taxonomy":"product_cat","embeddable":true,"href":"https:\/\/www.cncmarketi.com\/index.php\/wp-json\/wp\/v2\/product_cat?post=8618"},{"taxonomy":"product_tag","embeddable":true,"href":"https:\/\/www.cncmarketi.com\/index.php\/wp-json\/wp\/v2\/product_tag?post=8618"}],"curies":[{"name":"wp","href":"https:\/\/api.w.org\/{rel}","templated":true}]}}