{"id":8616,"date":"2023-08-23T00:01:47","date_gmt":"2023-08-22T21:01:47","guid":{"rendered":"https:\/\/www.cncmarketi.com\/index.php\/product\/dort-yollu-sanziman\/"},"modified":"2023-08-23T00:23:55","modified_gmt":"2023-08-22T21:23:55","slug":"dort-yollu-sanziman","status":"publish","type":"product","link":"https:\/\/www.cncmarketi.com\/index.php\/product\/dort-yollu-sanziman\/","title":{"rendered":"D\u00f6rt yollu \u015fanz\u0131man"},"content":{"rendered":"<p>Four Way Gearbox, also named Multi Shafts Gearbox or Spline 4 Way Gearbox. It is used in the grinding industry, such as CCC Product Surface Gringding Machine or Five Axis Linkage CNC Polishing Mahcine.<br \/>\nIts max input speed is 3000 rpm, while the max output speed can reach 6000 rpm. With 1:2 gear ratio, the four way gearbox could be the speed increaser and reducer.<\/p>\n","protected":false},"excerpt":{"rendered":"<p>Four Way Gearbox, also named Multi Shafts Gearbox or Spline 4 Way Gearbox. It is used in the grinding industry, such as CCC Product Surface&#8230;<\/p>\n","protected":false},"featured_media":8615,"comment_status":"open","ping_status":"closed","template":"","meta":[],"etheme_brands":[{"term_id":287,"name":"Gigager","slug":"gigager","term_group":0,"term_taxonomy_id":287,"taxonomy":"brand","description":"","parent":0,"count":189,"filter":"raw"}],"product_cat":[50],"product_tag":[],"_links":{"self":[{"href":"https:\/\/www.cncmarketi.com\/index.php\/wp-json\/wp\/v2\/product\/8616"}],"collection":[{"href":"https:\/\/www.cncmarketi.com\/index.php\/wp-json\/wp\/v2\/product"}],"about":[{"href":"https:\/\/www.cncmarketi.com\/index.php\/wp-json\/wp\/v2\/types\/product"}],"replies":[{"embeddable":true,"href":"https:\/\/www.cncmarketi.com\/index.php\/wp-json\/wp\/v2\/comments?post=8616"}],"version-history":[{"count":0,"href":"https:\/\/www.cncmarketi.com\/index.php\/wp-json\/wp\/v2\/product\/8616\/revisions"}],"wp:featuredmedia":[{"embeddable":true,"href":"https:\/\/www.cncmarketi.com\/index.php\/wp-json\/wp\/v2\/media\/8615"}],"wp:attachment":[{"href":"https:\/\/www.cncmarketi.com\/index.php\/wp-json\/wp\/v2\/media?parent=8616"}],"wp:term":[{"taxonomy":"brand","embeddable":true,"href":"https:\/\/www.cncmarketi.com\/index.php\/wp-json\/wp\/v2\/etheme_brands?post=8616"},{"taxonomy":"product_cat","embeddable":true,"href":"https:\/\/www.cncmarketi.com\/index.php\/wp-json\/wp\/v2\/product_cat?post=8616"},{"taxonomy":"product_tag","embeddable":true,"href":"https:\/\/www.cncmarketi.com\/index.php\/wp-json\/wp\/v2\/product_tag?post=8616"}],"curies":[{"name":"wp","href":"https:\/\/api.w.org\/{rel}","templated":true}]}}