{"id":8614,"date":"2023-08-23T00:01:45","date_gmt":"2023-08-22T21:01:45","guid":{"rendered":"https:\/\/www.cncmarketi.com\/index.php\/product\/sag-acili-disli-kutusu\/"},"modified":"2023-08-23T00:23:55","modified_gmt":"2023-08-22T21:23:55","slug":"sag-acili-disli-kutusu","status":"publish","type":"product","link":"https:\/\/www.cncmarketi.com\/index.php\/product\/sag-acili-disli-kutusu\/","title":{"rendered":"Sa\u011f a\u00e7\u0131l\u0131 di\u015fli kutusu"},"content":{"rendered":"<p>GSZ42-03K-SV with frame size 42mm gear ratio 1:3 for servo motor. Designed specially for servo motor gearbox for motion control applications. GIGAGER right angle&#8230;<\/p>\n","protected":false},"excerpt":{"rendered":"<p>GSZ42-03K-SV with frame size 42mm gear ratio 1:3 for servo motor. Designed specially for servo motor gearbox for motion control applications. GIGAGER right angle&#8230;<\/p>\n","protected":false},"featured_media":8606,"comment_status":"open","ping_status":"closed","template":"","meta":[],"etheme_brands":[{"term_id":287,"name":"Gigager","slug":"gigager","term_group":0,"term_taxonomy_id":287,"taxonomy":"brand","description":"","parent":0,"count":189,"filter":"raw"}],"product_cat":[50],"product_tag":[],"_links":{"self":[{"href":"https:\/\/www.cncmarketi.com\/index.php\/wp-json\/wp\/v2\/product\/8614"}],"collection":[{"href":"https:\/\/www.cncmarketi.com\/index.php\/wp-json\/wp\/v2\/product"}],"about":[{"href":"https:\/\/www.cncmarketi.com\/index.php\/wp-json\/wp\/v2\/types\/product"}],"replies":[{"embeddable":true,"href":"https:\/\/www.cncmarketi.com\/index.php\/wp-json\/wp\/v2\/comments?post=8614"}],"version-history":[{"count":0,"href":"https:\/\/www.cncmarketi.com\/index.php\/wp-json\/wp\/v2\/product\/8614\/revisions"}],"wp:featuredmedia":[{"embeddable":true,"href":"https:\/\/www.cncmarketi.com\/index.php\/wp-json\/wp\/v2\/media\/8606"}],"wp:attachment":[{"href":"https:\/\/www.cncmarketi.com\/index.php\/wp-json\/wp\/v2\/media?parent=8614"}],"wp:term":[{"taxonomy":"brand","embeddable":true,"href":"https:\/\/www.cncmarketi.com\/index.php\/wp-json\/wp\/v2\/etheme_brands?post=8614"},{"taxonomy":"product_cat","embeddable":true,"href":"https:\/\/www.cncmarketi.com\/index.php\/wp-json\/wp\/v2\/product_cat?post=8614"},{"taxonomy":"product_tag","embeddable":true,"href":"https:\/\/www.cncmarketi.com\/index.php\/wp-json\/wp\/v2\/product_tag?post=8614"}],"curies":[{"name":"wp","href":"https:\/\/api.w.org\/{rel}","templated":true}]}}