{"id":8605,"date":"2023-08-23T00:01:38","date_gmt":"2023-08-22T21:01:38","guid":{"rendered":"https:\/\/www.cncmarketi.com\/index.php\/product\/90-derece-hiz-azaltici\/"},"modified":"2023-09-05T20:27:13","modified_gmt":"2023-09-05T17:27:13","slug":"90-derece-hiz-azaltici","status":"publish","type":"product","link":"https:\/\/www.cncmarketi.com\/index.php\/product\/90-derece-hiz-azaltici\/","title":{"rendered":"90 derece h\u0131z azalt\u0131c\u0131"},"content":{"rendered":"<p>GSZ60-02K-SV and GSZ60-03K-SV with frame size 60mm gear ratio 1:2 and 1:3 for servo motor. A kind of force direction changes gearbox for meeting some requirement of special mechanism design. It can connect with the&#8230;<\/p>\n","protected":false},"excerpt":{"rendered":"<p>GSZ60-02K-SV and GSZ60-03K-SV with frame size 60mm gear ratio 1:2 and 1:3 for servo motor. A kind of force direction changes gearbox for meeting some&#8230;<\/p>\n","protected":false},"featured_media":8601,"comment_status":"open","ping_status":"closed","template":"","meta":[],"etheme_brands":[{"term_id":287,"name":"Gigager","slug":"gigager","term_group":0,"term_taxonomy_id":287,"taxonomy":"brand","description":"","parent":0,"count":189,"filter":"raw"}],"product_cat":[50],"product_tag":[],"_links":{"self":[{"href":"https:\/\/www.cncmarketi.com\/index.php\/wp-json\/wp\/v2\/product\/8605"}],"collection":[{"href":"https:\/\/www.cncmarketi.com\/index.php\/wp-json\/wp\/v2\/product"}],"about":[{"href":"https:\/\/www.cncmarketi.com\/index.php\/wp-json\/wp\/v2\/types\/product"}],"replies":[{"embeddable":true,"href":"https:\/\/www.cncmarketi.com\/index.php\/wp-json\/wp\/v2\/comments?post=8605"}],"version-history":[{"count":0,"href":"https:\/\/www.cncmarketi.com\/index.php\/wp-json\/wp\/v2\/product\/8605\/revisions"}],"wp:featuredmedia":[{"embeddable":true,"href":"https:\/\/www.cncmarketi.com\/index.php\/wp-json\/wp\/v2\/media\/8601"}],"wp:attachment":[{"href":"https:\/\/www.cncmarketi.com\/index.php\/wp-json\/wp\/v2\/media?parent=8605"}],"wp:term":[{"taxonomy":"brand","embeddable":true,"href":"https:\/\/www.cncmarketi.com\/index.php\/wp-json\/wp\/v2\/etheme_brands?post=8605"},{"taxonomy":"product_cat","embeddable":true,"href":"https:\/\/www.cncmarketi.com\/index.php\/wp-json\/wp\/v2\/product_cat?post=8605"},{"taxonomy":"product_tag","embeddable":true,"href":"https:\/\/www.cncmarketi.com\/index.php\/wp-json\/wp\/v2\/product_tag?post=8605"}],"curies":[{"name":"wp","href":"https:\/\/api.w.org\/{rel}","templated":true}]}}