{"id":8600,"date":"2023-08-23T00:01:35","date_gmt":"2023-08-22T21:01:35","guid":{"rendered":"https:\/\/www.cncmarketi.com\/index.php\/product\/sag-acili-disli-suruculeri\/"},"modified":"2023-08-23T00:23:55","modified_gmt":"2023-08-22T21:23:55","slug":"sag-acili-disli-suruculeri","status":"publish","type":"product","link":"https:\/\/www.cncmarketi.com\/index.php\/product\/sag-acili-disli-suruculeri\/","title":{"rendered":"Sa\u011f a\u00e7\u0131l\u0131 di\u015fli s\u00fcr\u00fcc\u00fcleri"},"content":{"rendered":"<p>GSZ90-02K-SV and GSZ90-03K-SV with frame size 90mm gear ratio 1:2 and 1:3 for servo motor.<\/p>\n","protected":false},"excerpt":{"rendered":"<p>GSZ90-02K-SV and GSZ90-03K-SV with frame size 90mm gear ratio 1:2 and 1:3 for servo motor.<\/p>\n","protected":false},"featured_media":8596,"comment_status":"open","ping_status":"closed","template":"","meta":[],"etheme_brands":[{"term_id":287,"name":"Gigager","slug":"gigager","term_group":0,"term_taxonomy_id":287,"taxonomy":"brand","description":"","parent":0,"count":189,"filter":"raw"}],"product_cat":[50],"product_tag":[],"_links":{"self":[{"href":"https:\/\/www.cncmarketi.com\/index.php\/wp-json\/wp\/v2\/product\/8600"}],"collection":[{"href":"https:\/\/www.cncmarketi.com\/index.php\/wp-json\/wp\/v2\/product"}],"about":[{"href":"https:\/\/www.cncmarketi.com\/index.php\/wp-json\/wp\/v2\/types\/product"}],"replies":[{"embeddable":true,"href":"https:\/\/www.cncmarketi.com\/index.php\/wp-json\/wp\/v2\/comments?post=8600"}],"version-history":[{"count":0,"href":"https:\/\/www.cncmarketi.com\/index.php\/wp-json\/wp\/v2\/product\/8600\/revisions"}],"wp:featuredmedia":[{"embeddable":true,"href":"https:\/\/www.cncmarketi.com\/index.php\/wp-json\/wp\/v2\/media\/8596"}],"wp:attachment":[{"href":"https:\/\/www.cncmarketi.com\/index.php\/wp-json\/wp\/v2\/media?parent=8600"}],"wp:term":[{"taxonomy":"brand","embeddable":true,"href":"https:\/\/www.cncmarketi.com\/index.php\/wp-json\/wp\/v2\/etheme_brands?post=8600"},{"taxonomy":"product_cat","embeddable":true,"href":"https:\/\/www.cncmarketi.com\/index.php\/wp-json\/wp\/v2\/product_cat?post=8600"},{"taxonomy":"product_tag","embeddable":true,"href":"https:\/\/www.cncmarketi.com\/index.php\/wp-json\/wp\/v2\/product_tag?post=8600"}],"curies":[{"name":"wp","href":"https:\/\/api.w.org\/{rel}","templated":true}]}}