{"id":8477,"date":"2023-08-22T23:59:11","date_gmt":"2023-08-22T20:59:11","guid":{"rendered":"https:\/\/www.cncmarketi.com\/index.php\/product\/motor-servolari-icin-ici-bos-doner-tablolar\/"},"modified":"2023-08-23T00:24:26","modified_gmt":"2023-08-22T21:24:26","slug":"motor-servolari-icin-ici-bos-doner-tablolar","status":"publish","type":"product","link":"https:\/\/www.cncmarketi.com\/index.php\/product\/motor-servolari-icin-ici-bos-doner-tablolar\/","title":{"rendered":"Motor servolar\u0131 i\u00e7in i\u00e7i bo\u015f d\u00f6ner tablolar"},"content":{"rendered":"<p>GSN 85-05K-SV with table size 85mm gear ratio 1:5 for servo motor. Designed specially for servo motor gearbox for motion control applications. It takes full advantage of the flexibility of the servo motor, giving designers greater freedom of mechanism design.<\/p>\n","protected":false},"excerpt":{"rendered":"<p>GSN 85-05K-SV with table size 85mm gear ratio 1:5 for servo motor. Designed specially for servo motor gearbox for motion control applications. It takes full&#8230;<\/p>\n","protected":false},"featured_media":8473,"comment_status":"open","ping_status":"closed","template":"","meta":[],"etheme_brands":[{"term_id":287,"name":"Gigager","slug":"gigager","term_group":0,"term_taxonomy_id":287,"taxonomy":"brand","description":"","parent":0,"count":189,"filter":"raw"}],"product_cat":[50],"product_tag":[],"_links":{"self":[{"href":"https:\/\/www.cncmarketi.com\/index.php\/wp-json\/wp\/v2\/product\/8477"}],"collection":[{"href":"https:\/\/www.cncmarketi.com\/index.php\/wp-json\/wp\/v2\/product"}],"about":[{"href":"https:\/\/www.cncmarketi.com\/index.php\/wp-json\/wp\/v2\/types\/product"}],"replies":[{"embeddable":true,"href":"https:\/\/www.cncmarketi.com\/index.php\/wp-json\/wp\/v2\/comments?post=8477"}],"version-history":[{"count":0,"href":"https:\/\/www.cncmarketi.com\/index.php\/wp-json\/wp\/v2\/product\/8477\/revisions"}],"wp:featuredmedia":[{"embeddable":true,"href":"https:\/\/www.cncmarketi.com\/index.php\/wp-json\/wp\/v2\/media\/8473"}],"wp:attachment":[{"href":"https:\/\/www.cncmarketi.com\/index.php\/wp-json\/wp\/v2\/media?parent=8477"}],"wp:term":[{"taxonomy":"brand","embeddable":true,"href":"https:\/\/www.cncmarketi.com\/index.php\/wp-json\/wp\/v2\/etheme_brands?post=8477"},{"taxonomy":"product_cat","embeddable":true,"href":"https:\/\/www.cncmarketi.com\/index.php\/wp-json\/wp\/v2\/product_cat?post=8477"},{"taxonomy":"product_tag","embeddable":true,"href":"https:\/\/www.cncmarketi.com\/index.php\/wp-json\/wp\/v2\/product_tag?post=8477"}],"curies":[{"name":"wp","href":"https:\/\/api.w.org\/{rel}","templated":true}]}}