{"id":8472,"date":"2023-08-22T23:59:05","date_gmt":"2023-08-22T20:59:05","guid":{"rendered":"https:\/\/www.cncmarketi.com\/index.php\/product\/motor-servo-icin-ici-bos-doner-aktuator\/"},"modified":"2023-08-23T00:24:26","modified_gmt":"2023-08-22T21:24:26","slug":"motor-servo-icin-ici-bos-doner-aktuator","status":"publish","type":"product","link":"https:\/\/www.cncmarketi.com\/index.php\/product\/motor-servo-icin-ici-bos-doner-aktuator\/","title":{"rendered":"Motor servo i\u00e7in i\u00e7i bo\u015f d\u00f6ner akt\u00fcat\u00f6r"},"content":{"rendered":"<p>GSN85-18K-SV with table size 85mm gear ratio 1:18 for servo motor. Designed specially for servo motor gearbox for motion control applications. It takes full advantage of the flexibility of the servo motor, giving designers greater freedom of mechanism design.<\/p>\n","protected":false},"excerpt":{"rendered":"<p>GSN85-18K-SV with table size 85mm gear ratio 1:18 for servo motor. Designed specially for servo motor gearbox for motion control applications. It takes full advantage&#8230;<\/p>\n","protected":false},"featured_media":8468,"comment_status":"open","ping_status":"closed","template":"","meta":[],"etheme_brands":[{"term_id":287,"name":"Gigager","slug":"gigager","term_group":0,"term_taxonomy_id":287,"taxonomy":"brand","description":"","parent":0,"count":189,"filter":"raw"}],"product_cat":[50],"product_tag":[],"_links":{"self":[{"href":"https:\/\/www.cncmarketi.com\/index.php\/wp-json\/wp\/v2\/product\/8472"}],"collection":[{"href":"https:\/\/www.cncmarketi.com\/index.php\/wp-json\/wp\/v2\/product"}],"about":[{"href":"https:\/\/www.cncmarketi.com\/index.php\/wp-json\/wp\/v2\/types\/product"}],"replies":[{"embeddable":true,"href":"https:\/\/www.cncmarketi.com\/index.php\/wp-json\/wp\/v2\/comments?post=8472"}],"version-history":[{"count":0,"href":"https:\/\/www.cncmarketi.com\/index.php\/wp-json\/wp\/v2\/product\/8472\/revisions"}],"wp:featuredmedia":[{"embeddable":true,"href":"https:\/\/www.cncmarketi.com\/index.php\/wp-json\/wp\/v2\/media\/8468"}],"wp:attachment":[{"href":"https:\/\/www.cncmarketi.com\/index.php\/wp-json\/wp\/v2\/media?parent=8472"}],"wp:term":[{"taxonomy":"brand","embeddable":true,"href":"https:\/\/www.cncmarketi.com\/index.php\/wp-json\/wp\/v2\/etheme_brands?post=8472"},{"taxonomy":"product_cat","embeddable":true,"href":"https:\/\/www.cncmarketi.com\/index.php\/wp-json\/wp\/v2\/product_cat?post=8472"},{"taxonomy":"product_tag","embeddable":true,"href":"https:\/\/www.cncmarketi.com\/index.php\/wp-json\/wp\/v2\/product_tag?post=8472"}],"curies":[{"name":"wp","href":"https:\/\/api.w.org\/{rel}","templated":true}]}}