{"id":8467,"date":"2023-08-22T23:59:01","date_gmt":"2023-08-22T20:59:01","guid":{"rendered":"https:\/\/www.cncmarketi.com\/index.php\/product\/donguler-acik-step-motor-hollow-rotary-mil\/"},"modified":"2023-08-23T00:24:43","modified_gmt":"2023-08-22T21:24:43","slug":"donguler-acik-step-motor-hollow-rotary-mil","status":"publish","type":"product","link":"https:\/\/www.cncmarketi.com\/index.php\/product\/donguler-acik-step-motor-hollow-rotary-mil\/","title":{"rendered":"D\u00f6ng\u00fcler A\u00e7\u0131k Step Motor Hollow Rotary Mil"},"content":{"rendered":"<p>GSN 85-18K-OS with table size 85mm gear ratio 1:18 and open loops stepper motors. It retains the ease of use of a stepper motor, while also allowing for highly accurate positioning of large inertia loads.<\/p>\n","protected":false},"excerpt":{"rendered":"<p>GSN 85-18K-OS with table size 85mm gear ratio 1:18 and open loops stepper motors. It retains the ease of use of a stepper motor, while&#8230;<\/p>\n","protected":false},"featured_media":8463,"comment_status":"open","ping_status":"closed","template":"","meta":[],"etheme_brands":[{"term_id":287,"name":"Gigager","slug":"gigager","term_group":0,"term_taxonomy_id":287,"taxonomy":"brand","description":"","parent":0,"count":189,"filter":"raw"}],"product_cat":[50],"product_tag":[],"_links":{"self":[{"href":"https:\/\/www.cncmarketi.com\/index.php\/wp-json\/wp\/v2\/product\/8467"}],"collection":[{"href":"https:\/\/www.cncmarketi.com\/index.php\/wp-json\/wp\/v2\/product"}],"about":[{"href":"https:\/\/www.cncmarketi.com\/index.php\/wp-json\/wp\/v2\/types\/product"}],"replies":[{"embeddable":true,"href":"https:\/\/www.cncmarketi.com\/index.php\/wp-json\/wp\/v2\/comments?post=8467"}],"version-history":[{"count":0,"href":"https:\/\/www.cncmarketi.com\/index.php\/wp-json\/wp\/v2\/product\/8467\/revisions"}],"wp:featuredmedia":[{"embeddable":true,"href":"https:\/\/www.cncmarketi.com\/index.php\/wp-json\/wp\/v2\/media\/8463"}],"wp:attachment":[{"href":"https:\/\/www.cncmarketi.com\/index.php\/wp-json\/wp\/v2\/media?parent=8467"}],"wp:term":[{"taxonomy":"brand","embeddable":true,"href":"https:\/\/www.cncmarketi.com\/index.php\/wp-json\/wp\/v2\/etheme_brands?post=8467"},{"taxonomy":"product_cat","embeddable":true,"href":"https:\/\/www.cncmarketi.com\/index.php\/wp-json\/wp\/v2\/product_cat?post=8467"},{"taxonomy":"product_tag","embeddable":true,"href":"https:\/\/www.cncmarketi.com\/index.php\/wp-json\/wp\/v2\/product_tag?post=8467"}],"curies":[{"name":"wp","href":"https:\/\/api.w.org\/{rel}","templated":true}]}}