{"id":8430,"date":"2023-08-22T23:58:35","date_gmt":"2023-08-22T20:58:35","guid":{"rendered":"https:\/\/www.cncmarketi.com\/index.php\/product\/ici-bos-doner-azaltici\/"},"modified":"2023-08-23T00:24:43","modified_gmt":"2023-08-22T21:24:43","slug":"ici-bos-doner-azaltici","status":"publish","type":"product","link":"https:\/\/www.cncmarketi.com\/index.php\/product\/ici-bos-doner-azaltici\/","title":{"rendered":"\u0130\u00e7i bo\u015f d\u00f6ner azalt\u0131c\u0131"},"content":{"rendered":"<p>GSN200-18K-CS with table size 200mm gear ratio 1:18 and closed loop stepper motor. It can make segments at any angle with servo motor or stepping motor, which can meet the digit control that the cam indexer cannot achieve.<\/p>\n","protected":false},"excerpt":{"rendered":"<p>GSN200-18K-CS with table size 200mm gear ratio 1:18 and closed loop stepper motor. It can make segments at any angle with servo motor or stepping&#8230;<\/p>\n","protected":false},"featured_media":8426,"comment_status":"open","ping_status":"closed","template":"","meta":[],"etheme_brands":[{"term_id":287,"name":"Gigager","slug":"gigager","term_group":0,"term_taxonomy_id":287,"taxonomy":"brand","description":"","parent":0,"count":189,"filter":"raw"}],"product_cat":[50],"product_tag":[],"_links":{"self":[{"href":"https:\/\/www.cncmarketi.com\/index.php\/wp-json\/wp\/v2\/product\/8430"}],"collection":[{"href":"https:\/\/www.cncmarketi.com\/index.php\/wp-json\/wp\/v2\/product"}],"about":[{"href":"https:\/\/www.cncmarketi.com\/index.php\/wp-json\/wp\/v2\/types\/product"}],"replies":[{"embeddable":true,"href":"https:\/\/www.cncmarketi.com\/index.php\/wp-json\/wp\/v2\/comments?post=8430"}],"version-history":[{"count":0,"href":"https:\/\/www.cncmarketi.com\/index.php\/wp-json\/wp\/v2\/product\/8430\/revisions"}],"wp:featuredmedia":[{"embeddable":true,"href":"https:\/\/www.cncmarketi.com\/index.php\/wp-json\/wp\/v2\/media\/8426"}],"wp:attachment":[{"href":"https:\/\/www.cncmarketi.com\/index.php\/wp-json\/wp\/v2\/media?parent=8430"}],"wp:term":[{"taxonomy":"brand","embeddable":true,"href":"https:\/\/www.cncmarketi.com\/index.php\/wp-json\/wp\/v2\/etheme_brands?post=8430"},{"taxonomy":"product_cat","embeddable":true,"href":"https:\/\/www.cncmarketi.com\/index.php\/wp-json\/wp\/v2\/product_cat?post=8430"},{"taxonomy":"product_tag","embeddable":true,"href":"https:\/\/www.cncmarketi.com\/index.php\/wp-json\/wp\/v2\/product_tag?post=8430"}],"curies":[{"name":"wp","href":"https:\/\/api.w.org\/{rel}","templated":true}]}}