{"id":8425,"date":"2023-08-22T23:58:32","date_gmt":"2023-08-22T20:58:32","guid":{"rendered":"https:\/\/www.cncmarketi.com\/index.php\/product\/robot-kol-eklemi-icin-ici-bos-doner-asama\/"},"modified":"2023-08-23T00:24:43","modified_gmt":"2023-08-22T21:24:43","slug":"robot-kol-eklemi-icin-ici-bos-doner-asama","status":"publish","type":"product","link":"https:\/\/www.cncmarketi.com\/index.php\/product\/robot-kol-eklemi-icin-ici-bos-doner-asama\/","title":{"rendered":"Robot kol eklemi i\u00e7in i\u00e7i bo\u015f d\u00f6ner a\u015fama"},"content":{"rendered":"<p>GSB60-05K-SV with table size 60mm gear ratio 1:5 for servo motor. It takes full advantage of the flexibility of the servo motor, giving designers greater freedom of mechanism design.<\/p>\n","protected":false},"excerpt":{"rendered":"<p>GSB60-05K-SV with table size 60mm gear ratio 1:5 for servo motor. It takes full advantage of the flexibility of the servo motor, giving designers greater&#8230;<\/p>\n","protected":false},"featured_media":8421,"comment_status":"open","ping_status":"closed","template":"","meta":[],"etheme_brands":[{"term_id":287,"name":"Gigager","slug":"gigager","term_group":0,"term_taxonomy_id":287,"taxonomy":"brand","description":"","parent":0,"count":189,"filter":"raw"}],"product_cat":[50],"product_tag":[],"_links":{"self":[{"href":"https:\/\/www.cncmarketi.com\/index.php\/wp-json\/wp\/v2\/product\/8425"}],"collection":[{"href":"https:\/\/www.cncmarketi.com\/index.php\/wp-json\/wp\/v2\/product"}],"about":[{"href":"https:\/\/www.cncmarketi.com\/index.php\/wp-json\/wp\/v2\/types\/product"}],"replies":[{"embeddable":true,"href":"https:\/\/www.cncmarketi.com\/index.php\/wp-json\/wp\/v2\/comments?post=8425"}],"version-history":[{"count":0,"href":"https:\/\/www.cncmarketi.com\/index.php\/wp-json\/wp\/v2\/product\/8425\/revisions"}],"wp:featuredmedia":[{"embeddable":true,"href":"https:\/\/www.cncmarketi.com\/index.php\/wp-json\/wp\/v2\/media\/8421"}],"wp:attachment":[{"href":"https:\/\/www.cncmarketi.com\/index.php\/wp-json\/wp\/v2\/media?parent=8425"}],"wp:term":[{"taxonomy":"brand","embeddable":true,"href":"https:\/\/www.cncmarketi.com\/index.php\/wp-json\/wp\/v2\/etheme_brands?post=8425"},{"taxonomy":"product_cat","embeddable":true,"href":"https:\/\/www.cncmarketi.com\/index.php\/wp-json\/wp\/v2\/product_cat?post=8425"},{"taxonomy":"product_tag","embeddable":true,"href":"https:\/\/www.cncmarketi.com\/index.php\/wp-json\/wp\/v2\/product_tag?post=8425"}],"curies":[{"name":"wp","href":"https:\/\/api.w.org\/{rel}","templated":true}]}}