{"id":8420,"date":"2023-08-22T23:58:29","date_gmt":"2023-08-22T20:58:29","guid":{"rendered":"https:\/\/www.cncmarketi.com\/index.php\/product\/ambalaj-makinesi-icin-ici-bos-doner-hiz-azaltici\/"},"modified":"2023-09-05T20:27:25","modified_gmt":"2023-09-05T17:27:25","slug":"ambalaj-makinesi-icin-ici-bos-doner-hiz-azaltici","status":"publish","type":"product","link":"https:\/\/www.cncmarketi.com\/index.php\/product\/ambalaj-makinesi-icin-ici-bos-doner-hiz-azaltici\/","title":{"rendered":"Ambalaj makinesi i\u00e7in i\u00e7i bo\u015f d\u00f6ner h\u0131z azalt\u0131c\u0131"},"content":{"rendered":"<p>GSB60-05K-OS with table size 60mm gear ratio 1:5 and open loop stepper motor. It retains the ease of use of a stepper motor, while also allowing for highly accurate positioning of large inertia loads.<\/p>\n","protected":false},"excerpt":{"rendered":"<p>GSB60-05K-OS with table size 60mm gear ratio 1:5 and open loop stepper motor. It retains the ease of use of a stepper motor, while also&#8230;<\/p>\n","protected":false},"featured_media":8416,"comment_status":"open","ping_status":"closed","template":"","meta":[],"etheme_brands":[{"term_id":287,"name":"Gigager","slug":"gigager","term_group":0,"term_taxonomy_id":287,"taxonomy":"brand","description":"","parent":0,"count":189,"filter":"raw"}],"product_cat":[50],"product_tag":[],"_links":{"self":[{"href":"https:\/\/www.cncmarketi.com\/index.php\/wp-json\/wp\/v2\/product\/8420"}],"collection":[{"href":"https:\/\/www.cncmarketi.com\/index.php\/wp-json\/wp\/v2\/product"}],"about":[{"href":"https:\/\/www.cncmarketi.com\/index.php\/wp-json\/wp\/v2\/types\/product"}],"replies":[{"embeddable":true,"href":"https:\/\/www.cncmarketi.com\/index.php\/wp-json\/wp\/v2\/comments?post=8420"}],"version-history":[{"count":0,"href":"https:\/\/www.cncmarketi.com\/index.php\/wp-json\/wp\/v2\/product\/8420\/revisions"}],"wp:featuredmedia":[{"embeddable":true,"href":"https:\/\/www.cncmarketi.com\/index.php\/wp-json\/wp\/v2\/media\/8416"}],"wp:attachment":[{"href":"https:\/\/www.cncmarketi.com\/index.php\/wp-json\/wp\/v2\/media?parent=8420"}],"wp:term":[{"taxonomy":"brand","embeddable":true,"href":"https:\/\/www.cncmarketi.com\/index.php\/wp-json\/wp\/v2\/etheme_brands?post=8420"},{"taxonomy":"product_cat","embeddable":true,"href":"https:\/\/www.cncmarketi.com\/index.php\/wp-json\/wp\/v2\/product_cat?post=8420"},{"taxonomy":"product_tag","embeddable":true,"href":"https:\/\/www.cncmarketi.com\/index.php\/wp-json\/wp\/v2\/product_tag?post=8420"}],"curies":[{"name":"wp","href":"https:\/\/api.w.org\/{rel}","templated":true}]}}