{"id":8405,"date":"2023-08-22T23:58:16","date_gmt":"2023-08-22T20:58:16","guid":{"rendered":"https:\/\/www.cncmarketi.com\/index.php\/product\/ccd-test-makinesi-icin-ici-bos-doner-tablo\/"},"modified":"2023-08-23T00:24:43","modified_gmt":"2023-08-22T21:24:43","slug":"ccd-test-makinesi-icin-ici-bos-doner-tablo","status":"publish","type":"product","link":"https:\/\/www.cncmarketi.com\/index.php\/product\/ccd-test-makinesi-icin-ici-bos-doner-tablo\/","title":{"rendered":"CCD test makinesi i\u00e7in i\u00e7i bo\u015f d\u00f6ner tablo"},"content":{"rendered":"<p>GSB130-10K-SV with table size 130mm gear ratio 1:10 for servo motor.<\/p>\n","protected":false},"excerpt":{"rendered":"<p>GSB130-10K-SV with table size 130mm gear ratio 1:10 for servo motor.<\/p>\n","protected":false},"featured_media":8403,"comment_status":"open","ping_status":"closed","template":"","meta":[],"etheme_brands":[{"term_id":287,"name":"Gigager","slug":"gigager","term_group":0,"term_taxonomy_id":287,"taxonomy":"brand","description":"","parent":0,"count":189,"filter":"raw"}],"product_cat":[50],"product_tag":[],"_links":{"self":[{"href":"https:\/\/www.cncmarketi.com\/index.php\/wp-json\/wp\/v2\/product\/8405"}],"collection":[{"href":"https:\/\/www.cncmarketi.com\/index.php\/wp-json\/wp\/v2\/product"}],"about":[{"href":"https:\/\/www.cncmarketi.com\/index.php\/wp-json\/wp\/v2\/types\/product"}],"replies":[{"embeddable":true,"href":"https:\/\/www.cncmarketi.com\/index.php\/wp-json\/wp\/v2\/comments?post=8405"}],"version-history":[{"count":0,"href":"https:\/\/www.cncmarketi.com\/index.php\/wp-json\/wp\/v2\/product\/8405\/revisions"}],"wp:featuredmedia":[{"embeddable":true,"href":"https:\/\/www.cncmarketi.com\/index.php\/wp-json\/wp\/v2\/media\/8403"}],"wp:attachment":[{"href":"https:\/\/www.cncmarketi.com\/index.php\/wp-json\/wp\/v2\/media?parent=8405"}],"wp:term":[{"taxonomy":"brand","embeddable":true,"href":"https:\/\/www.cncmarketi.com\/index.php\/wp-json\/wp\/v2\/etheme_brands?post=8405"},{"taxonomy":"product_cat","embeddable":true,"href":"https:\/\/www.cncmarketi.com\/index.php\/wp-json\/wp\/v2\/product_cat?post=8405"},{"taxonomy":"product_tag","embeddable":true,"href":"https:\/\/www.cncmarketi.com\/index.php\/wp-json\/wp\/v2\/product_tag?post=8405"}],"curies":[{"name":"wp","href":"https:\/\/api.w.org\/{rel}","templated":true}]}}