{"id":8389,"date":"2023-08-22T23:58:06","date_gmt":"2023-08-22T20:58:06","guid":{"rendered":"https:\/\/www.cncmarketi.com\/index.php\/product\/sag-acili-sanziman-ici-bos-tablo\/"},"modified":"2023-08-23T00:24:43","modified_gmt":"2023-08-22T21:24:43","slug":"sag-acili-sanziman-ici-bos-tablo","status":"publish","type":"product","link":"https:\/\/www.cncmarketi.com\/index.php\/product\/sag-acili-sanziman-ici-bos-tablo\/","title":{"rendered":"Sa\u011f a\u00e7\u0131l\u0131 \u015fanz\u0131man i\u00e7i bo\u015f tablo"},"content":{"rendered":"<p>GSA130-03K-SV with gear ratio 1:3 table size 130mm for servo motor. It could be equipped with right angel gearbox or planetary reducer to increase the gear ratio.<\/p>\n","protected":false},"excerpt":{"rendered":"<p>GSA130-03K-SV with gear ratio 1:3 table size 130mm for servo motor. It could be equipped with right angel gearbox or planetary reducer to increase the&#8230;<\/p>\n","protected":false},"featured_media":8385,"comment_status":"open","ping_status":"closed","template":"","meta":[],"etheme_brands":[{"term_id":287,"name":"Gigager","slug":"gigager","term_group":0,"term_taxonomy_id":287,"taxonomy":"brand","description":"","parent":0,"count":189,"filter":"raw"}],"product_cat":[50],"product_tag":[],"_links":{"self":[{"href":"https:\/\/www.cncmarketi.com\/index.php\/wp-json\/wp\/v2\/product\/8389"}],"collection":[{"href":"https:\/\/www.cncmarketi.com\/index.php\/wp-json\/wp\/v2\/product"}],"about":[{"href":"https:\/\/www.cncmarketi.com\/index.php\/wp-json\/wp\/v2\/types\/product"}],"replies":[{"embeddable":true,"href":"https:\/\/www.cncmarketi.com\/index.php\/wp-json\/wp\/v2\/comments?post=8389"}],"version-history":[{"count":0,"href":"https:\/\/www.cncmarketi.com\/index.php\/wp-json\/wp\/v2\/product\/8389\/revisions"}],"wp:featuredmedia":[{"embeddable":true,"href":"https:\/\/www.cncmarketi.com\/index.php\/wp-json\/wp\/v2\/media\/8385"}],"wp:attachment":[{"href":"https:\/\/www.cncmarketi.com\/index.php\/wp-json\/wp\/v2\/media?parent=8389"}],"wp:term":[{"taxonomy":"brand","embeddable":true,"href":"https:\/\/www.cncmarketi.com\/index.php\/wp-json\/wp\/v2\/etheme_brands?post=8389"},{"taxonomy":"product_cat","embeddable":true,"href":"https:\/\/www.cncmarketi.com\/index.php\/wp-json\/wp\/v2\/product_cat?post=8389"},{"taxonomy":"product_tag","embeddable":true,"href":"https:\/\/www.cncmarketi.com\/index.php\/wp-json\/wp\/v2\/product_tag?post=8389"}],"curies":[{"name":"wp","href":"https:\/\/api.w.org\/{rel}","templated":true}]}}