{"id":8384,"date":"2023-08-22T23:58:03","date_gmt":"2023-08-22T20:58:03","guid":{"rendered":"https:\/\/www.cncmarketi.com\/index.php\/product\/hassas-dik-aci-doner-tablolar\/"},"modified":"2023-08-23T00:24:43","modified_gmt":"2023-08-22T21:24:43","slug":"hassas-dik-aci-doner-tablolar","status":"publish","type":"product","link":"https:\/\/www.cncmarketi.com\/index.php\/product\/hassas-dik-aci-doner-tablolar\/","title":{"rendered":"Hassas dik a\u00e7\u0131 d\u00f6ner tablolar"},"content":{"rendered":"<p>GSA200-05K-SV with gear ratio 1:5 table size 200mm for servo motor. Makes the wiring and piping more convenient and simple, and the advantages of this feature are particularly prominent in complicated&#8230;<\/p>\n","protected":false},"excerpt":{"rendered":"<p>GSA200-05K-SV with gear ratio 1:5 table size 200mm for servo motor. Makes the wiring and piping more convenient and simple, and the advantages of this&#8230;<\/p>\n","protected":false},"featured_media":8380,"comment_status":"open","ping_status":"closed","template":"","meta":[],"etheme_brands":[{"term_id":287,"name":"Gigager","slug":"gigager","term_group":0,"term_taxonomy_id":287,"taxonomy":"brand","description":"","parent":0,"count":189,"filter":"raw"}],"product_cat":[50],"product_tag":[],"_links":{"self":[{"href":"https:\/\/www.cncmarketi.com\/index.php\/wp-json\/wp\/v2\/product\/8384"}],"collection":[{"href":"https:\/\/www.cncmarketi.com\/index.php\/wp-json\/wp\/v2\/product"}],"about":[{"href":"https:\/\/www.cncmarketi.com\/index.php\/wp-json\/wp\/v2\/types\/product"}],"replies":[{"embeddable":true,"href":"https:\/\/www.cncmarketi.com\/index.php\/wp-json\/wp\/v2\/comments?post=8384"}],"version-history":[{"count":0,"href":"https:\/\/www.cncmarketi.com\/index.php\/wp-json\/wp\/v2\/product\/8384\/revisions"}],"wp:featuredmedia":[{"embeddable":true,"href":"https:\/\/www.cncmarketi.com\/index.php\/wp-json\/wp\/v2\/media\/8380"}],"wp:attachment":[{"href":"https:\/\/www.cncmarketi.com\/index.php\/wp-json\/wp\/v2\/media?parent=8384"}],"wp:term":[{"taxonomy":"brand","embeddable":true,"href":"https:\/\/www.cncmarketi.com\/index.php\/wp-json\/wp\/v2\/etheme_brands?post=8384"},{"taxonomy":"product_cat","embeddable":true,"href":"https:\/\/www.cncmarketi.com\/index.php\/wp-json\/wp\/v2\/product_cat?post=8384"},{"taxonomy":"product_tag","embeddable":true,"href":"https:\/\/www.cncmarketi.com\/index.php\/wp-json\/wp\/v2\/product_tag?post=8384"}],"curies":[{"name":"wp","href":"https:\/\/api.w.org\/{rel}","templated":true}]}}