{"id":8365,"date":"2023-08-22T23:57:48","date_gmt":"2023-08-22T20:57:48","guid":{"rendered":"https:\/\/www.cncmarketi.com\/index.php\/product\/hassas-konumlandirma-asamasi\/"},"modified":"2023-08-23T00:25:09","modified_gmt":"2023-08-22T21:25:09","slug":"hassas-konumlandirma-asamasi","status":"publish","type":"product","link":"https:\/\/www.cncmarketi.com\/index.php\/product\/hassas-konumlandirma-asamasi\/","title":{"rendered":"Hassas konumland\u0131rma a\u015famas\u0131"},"content":{"rendered":"<p>GIGAGER XXY Precision Positioning Stage performs strict quality control on incoming materials, assembly and testing to ensure the accuracy, stability and service life of the stage. 1. Specification&#8230;<\/p>\n","protected":false},"excerpt":{"rendered":"<p>GIGAGER XXY Precision Positioning Stage performs strict quality control on incoming materials, assembly and testing to ensure the accuracy, stability and service life of the&#8230;<\/p>\n","protected":false},"featured_media":8363,"comment_status":"open","ping_status":"closed","template":"","meta":[],"etheme_brands":[{"term_id":287,"name":"Gigager","slug":"gigager","term_group":0,"term_taxonomy_id":287,"taxonomy":"brand","description":"","parent":0,"count":189,"filter":"raw"}],"product_cat":[50],"product_tag":[],"_links":{"self":[{"href":"https:\/\/www.cncmarketi.com\/index.php\/wp-json\/wp\/v2\/product\/8365"}],"collection":[{"href":"https:\/\/www.cncmarketi.com\/index.php\/wp-json\/wp\/v2\/product"}],"about":[{"href":"https:\/\/www.cncmarketi.com\/index.php\/wp-json\/wp\/v2\/types\/product"}],"replies":[{"embeddable":true,"href":"https:\/\/www.cncmarketi.com\/index.php\/wp-json\/wp\/v2\/comments?post=8365"}],"version-history":[{"count":0,"href":"https:\/\/www.cncmarketi.com\/index.php\/wp-json\/wp\/v2\/product\/8365\/revisions"}],"wp:featuredmedia":[{"embeddable":true,"href":"https:\/\/www.cncmarketi.com\/index.php\/wp-json\/wp\/v2\/media\/8363"}],"wp:attachment":[{"href":"https:\/\/www.cncmarketi.com\/index.php\/wp-json\/wp\/v2\/media?parent=8365"}],"wp:term":[{"taxonomy":"brand","embeddable":true,"href":"https:\/\/www.cncmarketi.com\/index.php\/wp-json\/wp\/v2\/etheme_brands?post=8365"},{"taxonomy":"product_cat","embeddable":true,"href":"https:\/\/www.cncmarketi.com\/index.php\/wp-json\/wp\/v2\/product_cat?post=8365"},{"taxonomy":"product_tag","embeddable":true,"href":"https:\/\/www.cncmarketi.com\/index.php\/wp-json\/wp\/v2\/product_tag?post=8365"}],"curies":[{"name":"wp","href":"https:\/\/api.w.org\/{rel}","templated":true}]}}