{"id":7909,"date":"2023-08-16T12:37:53","date_gmt":"2023-08-16T09:37:53","guid":{"rendered":"https:\/\/www.cncmarketi.com\/index.php\/product\/tvm802b-arti-smt-pick-and-place-machine-2heads-58slot-masaustu-pick-place-deluxe-edition\/"},"modified":"2023-08-16T13:06:56","modified_gmt":"2023-08-16T10:06:56","slug":"tvm802b-arti-smt-pick-and-place-machine-2heads-58slot-masaustu-pick-place-deluxe-edition","status":"publish","type":"product","link":"https:\/\/www.cncmarketi.com\/index.php\/product\/tvm802b-arti-smt-pick-and-place-machine-2heads-58slot-masaustu-pick-place-deluxe-edition\/","title":{"rendered":"Tvm802b art\u0131 SMT Pick and Place Machine 2heads 58slot Masa\u00fcst\u00fc Pick &#038; Place Deluxe Edition"},"content":{"rendered":"<p>Description<br \/>\nA popular and professional desktop placement machine designed by Qihe SMT team.We used a new design language, combined with the design and production experience of TVM802 series pnp machine to create this pro edition desktop pick and place machine Model TVM802B Plus.<br \/>\nWe designed a brand new feeder rack and increased to 58 slots\uff0cupdated new drive accessories\uff0cX,Y axis linear slides,placement head\uff0cflight camera\uff0coperation panel .It can easily operate LQFP100 pin IC chips and 0402 inch resistor capacitor package .Such a upgraded highly intelligent, efficient and affordable desktop placement machine. It\u2019s an excellent partner for development, design and business establishment.Brand new operation panel, with LED ring light button, more convenient for you to observe and operate.<br \/>\nWe have adopted the detachable combined packaging of the external equipment, in order to facilitate transportation and reduce the freight cost of customers.<br \/>\nA smart desktop pick and place machine for Hobbiest\/Low vol Usag support mostly 0402,0603, 0805, TSSOP, SOIC, TQFP, QFNs<br \/>\nModelTVM802B PlusMin applicable PCB size20*20mmMax applicable PCB size300*320mmMax xy moving range490*440mmMax z moving range12.5mmPlacement head quantity2Max mounting capabilityVision on: 5500pcs\/hVision off: 6500pcs\/hFeeder slots &#038; Tape widthstandard 58 slots \uff088mm=50, 12mm=6,16mm=2\uff09Applicable componentResistor\/Capacitor size:0402-5050 inch,Largest size:LQFP100SOP,TQFP,QFN\u2026Dual Visual systemOne HD inspection cameraOne high speed Flight cameraLack detectionVacuum detectionWork power280WPower supply220V\/110VNet weight55kgGross weight70kgMachine sizeL675*W890*H340mm(With monitor assembled)L675*W1250*H340mm(With feeder slots device assembled )Volume0.4CBM<br \/>\nQH3502 Automatic Solder Paste Mixer<br \/>\nQR962C Desktop SMT Reflow Oven solder welding<br \/>\nQH3040 high-precision manual stencil printer<br \/>\nRead more: TVM802B Plus SMT pick and place machine 2heads 58slots desktop pick&#038;place deluxe editionAbout QIHE SMT pick and place machineQHSMT is an enterprise specializing in the production of SMT equipment, like pick and place machine \uff0creflow oven\uff0cstencil printer \uff0csmt pick and place machine,pnp,pick&#038;place,pcb assembly,smd chip shooter,pnp machine,chip mounter,smt line,welcome to send inquiryyou can choose a reflow oven to meets your need like qfr630,qrf835,qrf1235stencil printer model qh3040,qp3250,qfa5060Also we have different kinds of smt pick and place machine like tvm802a,tvm802b,tvm802ax,tvm802bx,tvm802b plus,tvm925s,tvm926s,ql41,qm61,qm62,qm81,qm10<br \/>\nKnow more about us https:\/\/www.qhsmt.com\/about-qihe-smt-equipment\/Follow us on social media https:\/\/www.facebook.com\/Qihesmt\/<br \/>\nWHAT IS SMT pick and place machine\uff1fSMT (Surface Mounted Technology) is a comprehensive system engineering technology, which covers substrates, design, equipment, components, assembly processes, production accessories and management. When it comes to SMT pick and place machines, the automatic SMT production line requires automatic loading and unloading machine, automatic solder paste printing machine, placement machine, reflow soldering machine, AOI inspection equipment, conveyor,connecting table, etc. For these SMT assembly line equipment, Qihe SMT can offer you machines in prototype SMT line, small SMT production line, mass production SMT line at low SMT line cost. Contact us now if you are interested.<\/p>\n","protected":false},"excerpt":{"rendered":"<p>Description A popular and professional desktop placement machine designed by Qihe SMT team.We used a new design language, combined with the design and production experience&#8230;<\/p>\n","protected":false},"featured_media":7907,"comment_status":"open","ping_status":"closed","template":"","meta":[],"etheme_brands":[{"term_id":196,"name":"QiHe","slug":"qihe","term_group":0,"term_taxonomy_id":196,"taxonomy":"brand","description":"","parent":0,"count":35,"filter":"raw"}],"product_cat":[63],"product_tag":[217,259,218,226,286],"_links":{"self":[{"href":"https:\/\/www.cncmarketi.com\/index.php\/wp-json\/wp\/v2\/product\/7909"}],"collection":[{"href":"https:\/\/www.cncmarketi.com\/index.php\/wp-json\/wp\/v2\/product"}],"about":[{"href":"https:\/\/www.cncmarketi.com\/index.php\/wp-json\/wp\/v2\/types\/product"}],"replies":[{"embeddable":true,"href":"https:\/\/www.cncmarketi.com\/index.php\/wp-json\/wp\/v2\/comments?post=7909"}],"version-history":[{"count":0,"href":"https:\/\/www.cncmarketi.com\/index.php\/wp-json\/wp\/v2\/product\/7909\/revisions"}],"wp:featuredmedia":[{"embeddable":true,"href":"https:\/\/www.cncmarketi.com\/index.php\/wp-json\/wp\/v2\/media\/7907"}],"wp:attachment":[{"href":"https:\/\/www.cncmarketi.com\/index.php\/wp-json\/wp\/v2\/media?parent=7909"}],"wp:term":[{"taxonomy":"brand","embeddable":true,"href":"https:\/\/www.cncmarketi.com\/index.php\/wp-json\/wp\/v2\/etheme_brands?post=7909"},{"taxonomy":"product_cat","embeddable":true,"href":"https:\/\/www.cncmarketi.com\/index.php\/wp-json\/wp\/v2\/product_cat?post=7909"},{"taxonomy":"product_tag","embeddable":true,"href":"https:\/\/www.cncmarketi.com\/index.php\/wp-json\/wp\/v2\/product_tag?post=7909"}],"curies":[{"name":"wp","href":"https:\/\/api.w.org\/{rel}","templated":true}]}}