{"id":7873,"date":"2023-08-16T12:35:38","date_gmt":"2023-08-16T09:35:38","guid":{"rendered":"https:\/\/www.cncmarketi.com\/index.php\/product\/qrf320-qh320-paletli-tip-5-bolge-smt-yedekleme-firini-lehim-kaynagi\/"},"modified":"2023-08-16T13:06:57","modified_gmt":"2023-08-16T10:06:57","slug":"qrf320-qh320-paletli-tip-5-bolge-smt-yedekleme-firini-lehim-kaynagi","status":"publish","type":"product","link":"https:\/\/www.cncmarketi.com\/index.php\/product\/qrf320-qh320-paletli-tip-5-bolge-smt-yedekleme-firini-lehim-kaynagi\/","title":{"rendered":"QRF320 \/ QH320 Paletli Tip 5 B\u00f6lge SMT Yedekleme F\u0131r\u0131n\u0131 Lehim Kayna\u011f\u0131"},"content":{"rendered":"<p>QRF320 \/ QH320 Crawler-type 5 Zones SMT Reflow Oven solder welding<br \/>\nSMT Reflow Oven 5 Zone solder welding QRF320 \/ QH320 Crawler-type 5 heating zones ,Power supply 380V \/220V<br \/>\nDescription<br \/>\nInquiry<br \/>\nDescription<br \/>\nWe are a well-known name in the market in offering a wide range of SMT Reflow Oven 5 Zone solder welding QRF320 \/ QH320. This is equipped with the crawler-type and five temperature area heating systems, and each temperature area uses independent PID controlling and up-down heating type, can make the inside temperature more accurate and well-proportioned. Moreover, offered range of products is tested on various parameters to follow the ongoing market trends. We assure timely delivery of our offered products.<br \/>\nProduct name5 zone crawler-type reflow ovenModelQH320 \/ QRF320The heating zone quantityUpper3\/down2The length of the heating zone960 mmThe heating typeintelligent level sirocco and rapid infrared heatingThe cooling zone quantity1Maximum width of PCB board300 mmThe operation directionleft\u2192rightDelivery OptionsNet transmission chain transmissionThe speed of conveyor belt0-1600 mm\/minThe power supplyThree phase 5 line 380 V 50\/60 Hz \/220VPeak Power8 kwWork Power4.5 kwHeating up timeAround 15 minsTemperature control rangeRoom temperature to 350 \u2103Temperature control modePID closed-loop controlTemperature control accuracy\u00b13PCB temperature distribution deviation\u00b12Overall Dimensions1450\u00d7630\u00d7470Machine Weight90 kg<\/p>\n","protected":false},"excerpt":{"rendered":"<p>QRF320 \/ QH320 Crawler-type 5 Zones SMT Reflow Oven solder welding SMT Reflow Oven 5 Zone solder welding QRF320 \/ QH320 Crawler-type 5 heating zones&#8230;<\/p>\n","protected":false},"featured_media":7865,"comment_status":"open","ping_status":"closed","template":"","meta":[],"etheme_brands":[{"term_id":196,"name":"QiHe","slug":"qihe","term_group":0,"term_taxonomy_id":196,"taxonomy":"brand","description":"","parent":0,"count":35,"filter":"raw"}],"product_cat":[63],"product_tag":[204,205,274,206,208,209,210,276,277,213,214],"_links":{"self":[{"href":"https:\/\/www.cncmarketi.com\/index.php\/wp-json\/wp\/v2\/product\/7873"}],"collection":[{"href":"https:\/\/www.cncmarketi.com\/index.php\/wp-json\/wp\/v2\/product"}],"about":[{"href":"https:\/\/www.cncmarketi.com\/index.php\/wp-json\/wp\/v2\/types\/product"}],"replies":[{"embeddable":true,"href":"https:\/\/www.cncmarketi.com\/index.php\/wp-json\/wp\/v2\/comments?post=7873"}],"version-history":[{"count":0,"href":"https:\/\/www.cncmarketi.com\/index.php\/wp-json\/wp\/v2\/product\/7873\/revisions"}],"wp:featuredmedia":[{"embeddable":true,"href":"https:\/\/www.cncmarketi.com\/index.php\/wp-json\/wp\/v2\/media\/7865"}],"wp:attachment":[{"href":"https:\/\/www.cncmarketi.com\/index.php\/wp-json\/wp\/v2\/media?parent=7873"}],"wp:term":[{"taxonomy":"brand","embeddable":true,"href":"https:\/\/www.cncmarketi.com\/index.php\/wp-json\/wp\/v2\/etheme_brands?post=7873"},{"taxonomy":"product_cat","embeddable":true,"href":"https:\/\/www.cncmarketi.com\/index.php\/wp-json\/wp\/v2\/product_cat?post=7873"},{"taxonomy":"product_tag","embeddable":true,"href":"https:\/\/www.cncmarketi.com\/index.php\/wp-json\/wp\/v2\/product_tag?post=7873"}],"curies":[{"name":"wp","href":"https:\/\/api.w.org\/{rel}","templated":true}]}}