{"id":7864,"date":"2023-08-16T12:35:24","date_gmt":"2023-08-16T09:35:24","guid":{"rendered":"https:\/\/www.cncmarketi.com\/index.php\/product\/qr962c-masaustu-smt-yedekleme-firini-lehim-kaynagi\/"},"modified":"2023-08-16T13:06:57","modified_gmt":"2023-08-16T10:06:57","slug":"qr962c-masaustu-smt-yedekleme-firini-lehim-kaynagi","status":"publish","type":"product","link":"https:\/\/www.cncmarketi.com\/index.php\/product\/qr962c-masaustu-smt-yedekleme-firini-lehim-kaynagi\/","title":{"rendered":"QR962C Masa\u00fcst\u00fc SMT Yedekleme F\u0131r\u0131n\u0131 Lehim Kayna\u011f\u0131"},"content":{"rendered":"<p>Description<br \/>\nQR962C Desktop SMT Reflow Oven solder welding Maximum Soldering Area\uff1a 400*600 mm<br \/>\nSuitable for small laboratories, offices, personal design and processing<br \/>\n1. desktop SMT Reflow Oven solder welding Mixed Process<br \/>\n1. Single-sided mixing process: (Plug-in and surface-mount components are on the A side of the PCB) Incoming material inspection -> Solder paste mixing -> PCB A-side silk-screen solder paste -> Patch -> A-side reflow soldering \u2013 > PCB A-side plug-in -> Wave soldering or dip soldering (a small number of plug-ins can be soldered by hand) -> (Cleaning) -> Inspection -> Rework (first post-inserted)<br \/>\n2. Double-sided mixing process: (surface mount components on the A side of the PCB, plug-in on the B side of the PCB)<br \/>\nA. Incoming material inspection -> solder paste mixing -> PCB A-side silk screen solder paste -> patch -> reflow soldering -> PCB B-side plug-in -> wave soldering (a small number of plug-ins can be hand soldered) -> (cleaning )-> Inspection -> Rework<br \/>\nB. Incoming material inspection -> PCB A-side silk-screen solder paste -> SMD -> Manual pad on the A side of the PCB pad solder paste -> PCB B-side insert -> Reflow soldering -> (cleaning) \u2013 > Inspection -> Rework (surface mount components on the A and B sides of the PCB, plug-in on either or both sides of the PCB) Surface mount components on both sides of the A and B sides of the double-sided PCB by double-sided assembly Reflow soldering, then manual soldering of the two-sided insert<br \/>\nProduct namedesktop reflow ovenModelQR962CPower SupplyAC220V 60 HZ ~ AC240V 50HZRated power2500WMaximum Soldering Area400*600 mmTemperature Range0\u2103~280\u2103Cycle Time1~8 minMachine Dimension68.4*50.4*22.5 cmMeasurement71*61*35 cmGross Weight28KGS<\/p>\n","protected":false},"excerpt":{"rendered":"<p>Description QR962C Desktop SMT Reflow Oven solder welding Maximum Soldering Area\uff1a 400*600 mm Suitable for small laboratories, offices, personal design and processing 1. desktop SMT&#8230;<\/p>\n","protected":false},"featured_media":7860,"comment_status":"open","ping_status":"closed","template":"","meta":[],"etheme_brands":[{"term_id":196,"name":"QiHe","slug":"qihe","term_group":0,"term_taxonomy_id":196,"taxonomy":"brand","description":"","parent":0,"count":35,"filter":"raw"}],"product_cat":[63],"product_tag":[273,204,205,274,206,208,209,210,275,228,213,214],"_links":{"self":[{"href":"https:\/\/www.cncmarketi.com\/index.php\/wp-json\/wp\/v2\/product\/7864"}],"collection":[{"href":"https:\/\/www.cncmarketi.com\/index.php\/wp-json\/wp\/v2\/product"}],"about":[{"href":"https:\/\/www.cncmarketi.com\/index.php\/wp-json\/wp\/v2\/types\/product"}],"replies":[{"embeddable":true,"href":"https:\/\/www.cncmarketi.com\/index.php\/wp-json\/wp\/v2\/comments?post=7864"}],"version-history":[{"count":0,"href":"https:\/\/www.cncmarketi.com\/index.php\/wp-json\/wp\/v2\/product\/7864\/revisions"}],"wp:featuredmedia":[{"embeddable":true,"href":"https:\/\/www.cncmarketi.com\/index.php\/wp-json\/wp\/v2\/media\/7860"}],"wp:attachment":[{"href":"https:\/\/www.cncmarketi.com\/index.php\/wp-json\/wp\/v2\/media?parent=7864"}],"wp:term":[{"taxonomy":"brand","embeddable":true,"href":"https:\/\/www.cncmarketi.com\/index.php\/wp-json\/wp\/v2\/etheme_brands?post=7864"},{"taxonomy":"product_cat","embeddable":true,"href":"https:\/\/www.cncmarketi.com\/index.php\/wp-json\/wp\/v2\/product_cat?post=7864"},{"taxonomy":"product_tag","embeddable":true,"href":"https:\/\/www.cncmarketi.com\/index.php\/wp-json\/wp\/v2\/product_tag?post=7864"}],"curies":[{"name":"wp","href":"https:\/\/api.w.org\/{rel}","templated":true}]}}