{"id":7847,"date":"2023-08-16T12:34:47","date_gmt":"2023-08-16T09:34:47","guid":{"rendered":"https:\/\/www.cncmarketi.com\/index.php\/product\/pcbleri-hafifletmek-denetleme-test-etmek-icin-kullanilan-smt-muayene-konveyoru\/"},"modified":"2023-08-16T13:06:57","modified_gmt":"2023-08-16T10:06:57","slug":"pcbleri-hafifletmek-denetleme-test-etmek-icin-kullanilan-smt-muayene-konveyoru","status":"publish","type":"product","link":"https:\/\/www.cncmarketi.com\/index.php\/product\/pcbleri-hafifletmek-denetleme-test-etmek-icin-kullanilan-smt-muayene-konveyoru\/","title":{"rendered":"PCB&#8217;leri hafifletmek, denetleme, test etmek i\u00e7in kullan\u0131lan SMT Muayene Konvey\u00f6r\u00fc"},"content":{"rendered":"<p>SMT Inspection Conveyor used for easing, inspection, testing PCBs<br \/>\nSMT Conveyor PCB Inspection Conveyor which mainly used for connection between SMT and AI production line .used for easing, inspection, testing PCBs or manual plug-in of electronic components between PCB<br \/>\nDescription<br \/>\nInquiry<br \/>\nDescription<br \/>\nSMT Conveyor QIHE SMT Inspection Conveyor mainly used for connection between SMT and AI production line, can be used for easing, inspection, testing or manual plug-in of electronic components between PCB.Width adjustment mechanism with double screw nut, easy to operate; Adapting high-quality speed motor; Input total power supply voltage: single phase 220V, power consumption 30W; Using a professional wear-resistant base belt, tension pulley and pulley evenly bearing; Equipped with signal communication interface at a standard level, online connecting with other equipment. Automatic\/manual switching functions, photoelectric switch detection PCB board.<br \/>\nThe docking station is used for connection between SMT production lines, and can also be manually inserted by buffering, inspection, testing or electronic components of the PCB.<br \/>\nModelQJB50QJB100QJB120QJB200Rail Length(mm)500 mm1000 mm1200 mm2000 mmDimension (mm)500*700*9501000*700*9501200*700*9502000*700*950PCB Width50 to 350 mm50 to 350 mm50 to 350 mm50 to 350 mmPCB DirectionL\u2192R or R\u2192LL\u2192R or R\u2192LL\u2192R or R\u2192LL\u2192R or R\u2192LSpeedAdjustableAdjustableAdjustableAdjustableControl SystemPLCPLCPLCPLCCommunicationSMEMA for in &#038; outSMEMA for in &#038; outSMEMA for in &#038; outSMEMA for in &#038; outPower SupplyAC 220V 50\/60HzAC 220V 50\/60HzAC 220V 50\/60HzAC 220V 50\/60HzWeight70 Kg95 Kg105 Kg150 Kg<\/p>\n","protected":false},"excerpt":{"rendered":"<p>SMT Inspection Conveyor used for easing, inspection, testing PCBs SMT Conveyor PCB Inspection Conveyor which mainly used for connection between SMT and AI production line&#8230;<\/p>\n","protected":false},"featured_media":7845,"comment_status":"open","ping_status":"closed","template":"","meta":[],"etheme_brands":[{"term_id":196,"name":"QiHe","slug":"qihe","term_group":0,"term_taxonomy_id":196,"taxonomy":"brand","description":"","parent":0,"count":35,"filter":"raw"}],"product_cat":[63],"product_tag":[267],"_links":{"self":[{"href":"https:\/\/www.cncmarketi.com\/index.php\/wp-json\/wp\/v2\/product\/7847"}],"collection":[{"href":"https:\/\/www.cncmarketi.com\/index.php\/wp-json\/wp\/v2\/product"}],"about":[{"href":"https:\/\/www.cncmarketi.com\/index.php\/wp-json\/wp\/v2\/types\/product"}],"replies":[{"embeddable":true,"href":"https:\/\/www.cncmarketi.com\/index.php\/wp-json\/wp\/v2\/comments?post=7847"}],"version-history":[{"count":0,"href":"https:\/\/www.cncmarketi.com\/index.php\/wp-json\/wp\/v2\/product\/7847\/revisions"}],"wp:featuredmedia":[{"embeddable":true,"href":"https:\/\/www.cncmarketi.com\/index.php\/wp-json\/wp\/v2\/media\/7845"}],"wp:attachment":[{"href":"https:\/\/www.cncmarketi.com\/index.php\/wp-json\/wp\/v2\/media?parent=7847"}],"wp:term":[{"taxonomy":"brand","embeddable":true,"href":"https:\/\/www.cncmarketi.com\/index.php\/wp-json\/wp\/v2\/etheme_brands?post=7847"},{"taxonomy":"product_cat","embeddable":true,"href":"https:\/\/www.cncmarketi.com\/index.php\/wp-json\/wp\/v2\/product_cat?post=7847"},{"taxonomy":"product_tag","embeddable":true,"href":"https:\/\/www.cncmarketi.com\/index.php\/wp-json\/wp\/v2\/product_tag?post=7847"}],"curies":[{"name":"wp","href":"https:\/\/api.w.org\/{rel}","templated":true}]}}