{"id":7801,"date":"2023-08-16T12:32:59","date_gmt":"2023-08-16T09:32:59","guid":{"rendered":"https:\/\/www.cncmarketi.com\/index.php\/product\/ct120-pcb-kesme-makinesi-pcb-ayirici\/"},"modified":"2023-08-16T13:07:41","modified_gmt":"2023-08-16T10:07:41","slug":"ct120-pcb-kesme-makinesi-pcb-ayirici","status":"publish","type":"product","link":"https:\/\/www.cncmarketi.com\/index.php\/product\/ct120-pcb-kesme-makinesi-pcb-ayirici\/","title":{"rendered":"CT120 PCB Kesme Makinesi PCB Ay\u0131r\u0131c\u0131"},"content":{"rendered":"<p>CT120 PCB cutting machine,multicut PCB separator support Board material :Aluminum substrate,cooper substrate,FR1~4,glass fiber board can be cut .PCB LED V cutter<br \/>\nDescription<br \/>\nInquiry<br \/>\nDescription<br \/>\nCT120 PCB cutting machine,multicut PCB separator support Board material :Aluminum substrate,cooper substrate,FR1~4,glass fiber board can be cut<br \/>\nMulticut PCB cutting separating machine features:<br \/>\na.Decrease the stress , invoide the welding pot break.<br \/>\nb.Adjust the up guide slip by manual, which can solve the cut depth different problem.<br \/>\nc. There is the guide for V groove, which can ensure the cutting quality<br \/>\nd.High efficiency , Feed plate speed max=400mm\/s. Speed is adjustable.<br \/>\ne.High precision, easy to maintenance, safe enough.<br \/>\nf.Machine is portable,high speed, easy to operate.<br \/>\ng.The up and down blade can be adjusted accurately,Up blade adjust : 0-15mm.<br \/>\nh. PCB components height limit : 15mm, under the PCB board\u2019s components height limit 10mm.Inside of the PCB max. width is 240mm, another side don\u2019t limit<br \/>\ni.The length of PCB Board can be Unlimited<br \/>\nMulticut PCB separating machine details<br \/>\n1.Coutrolled by microcomputer program, it can cut board accurately with no error.<br \/>\n2.This machine applies unique multi sections cutting, the cutting is to be finished<br \/>\nby 6 pieces round blade.<br \/>\n3.Precise adjustment of up and down blade.Adjustable blade moving speed : 400mm\/s. As per customers\u2019 need, certain speed can be set<br \/>\n4.Operation platform can be adjustable higher and lower between 0 and 50mm<br \/>\nWorking process is pretty smooth, due multi sections cutting.<br \/>\n6.There won`t be any deviation when cutting along the v-cut slot, even the v-cut slot is shallow.<br \/>\n7.Pre-set the cutting start and end point to well control the cutting length<br \/>\nMachine modelCT120Board thickness0.5~3mmFeed plate speed0-400mm \/ secondsBlade materialHSS SKH7Be cut board materialAluminum substrate,cooper substrate,FR1~4,glass fiber boardRated power60WWorking voltage220 v AC( 50 hz)The host size1200*380*240 mm (L*W*H)Feed\/ disk installed after the overall size2400*380*240mm(L*W*H)The packing size1250*450*270 mm (L*W*H)Net weight38kgGross weight40kg<\/p>\n","protected":false},"excerpt":{"rendered":"<p>CT120 PCB cutting machine,multicut PCB separator support Board material :Aluminum substrate,cooper substrate,FR1~4,glass fiber board can be cut .PCB LED V cutter Description Inquiry Description CT120&#8230;<\/p>\n","protected":false},"featured_media":7797,"comment_status":"open","ping_status":"closed","template":"","meta":[],"etheme_brands":[{"term_id":196,"name":"QiHe","slug":"qihe","term_group":0,"term_taxonomy_id":196,"taxonomy":"brand","description":"","parent":0,"count":35,"filter":"raw"}],"product_cat":[63],"product_tag":[241,242,243,244,245,246,247,248],"_links":{"self":[{"href":"https:\/\/www.cncmarketi.com\/index.php\/wp-json\/wp\/v2\/product\/7801"}],"collection":[{"href":"https:\/\/www.cncmarketi.com\/index.php\/wp-json\/wp\/v2\/product"}],"about":[{"href":"https:\/\/www.cncmarketi.com\/index.php\/wp-json\/wp\/v2\/types\/product"}],"replies":[{"embeddable":true,"href":"https:\/\/www.cncmarketi.com\/index.php\/wp-json\/wp\/v2\/comments?post=7801"}],"version-history":[{"count":0,"href":"https:\/\/www.cncmarketi.com\/index.php\/wp-json\/wp\/v2\/product\/7801\/revisions"}],"wp:featuredmedia":[{"embeddable":true,"href":"https:\/\/www.cncmarketi.com\/index.php\/wp-json\/wp\/v2\/media\/7797"}],"wp:attachment":[{"href":"https:\/\/www.cncmarketi.com\/index.php\/wp-json\/wp\/v2\/media?parent=7801"}],"wp:term":[{"taxonomy":"brand","embeddable":true,"href":"https:\/\/www.cncmarketi.com\/index.php\/wp-json\/wp\/v2\/etheme_brands?post=7801"},{"taxonomy":"product_cat","embeddable":true,"href":"https:\/\/www.cncmarketi.com\/index.php\/wp-json\/wp\/v2\/product_cat?post=7801"},{"taxonomy":"product_tag","embeddable":true,"href":"https:\/\/www.cncmarketi.com\/index.php\/wp-json\/wp\/v2\/product_tag?post=7801"}],"curies":[{"name":"wp","href":"https:\/\/api.w.org\/{rel}","templated":true}]}}