{"id":7796,"date":"2023-08-16T12:32:50","date_gmt":"2023-08-16T09:32:50","guid":{"rendered":"https:\/\/www.cncmarketi.com\/index.php\/product\/qp450-otomatik-gorus-lehim-pastasi-yazici-sabetci-yazici-makinesi-ekran-yazici-makinesi\/"},"modified":"2023-08-16T13:07:41","modified_gmt":"2023-08-16T10:07:41","slug":"qp450-otomatik-gorus-lehim-pastasi-yazici-sabetci-yazici-makinesi-ekran-yazici-makinesi","status":"publish","type":"product","link":"https:\/\/www.cncmarketi.com\/index.php\/product\/qp450-otomatik-gorus-lehim-pastasi-yazici-sabetci-yazici-makinesi-ekran-yazici-makinesi\/","title":{"rendered":"QP450+ Otomatik G\u00f6r\u00fc\u015f Lehim Pastas\u0131 Yaz\u0131c\u0131 Sabet\u00e7i Yaz\u0131c\u0131 Makinesi Ekran Yaz\u0131c\u0131 Makinesi"},"content":{"rendered":"<p>QP450+ automatic vision solder paste printer stencil printer machine screen printer machine<br \/>\nQP450+automatic soldering machine (fully automatic vision solder paste printer )stencil printer machine screen printer machine stencil printer .<br \/>\nDescription<br \/>\nInquiry<br \/>\nDescription<br \/>\nQP450+automatic soldering machine (fully automatic vision solder paste printer )stencil printer machine screen printer machine stencil printer .The whole machine is fully controlled by servo system.Automatic pressure feedback system.Multifunctional image processing system.Precise PCB transportation system.Intelligent PCB holding device.Automatic steel mesh positioning module.Automatic and effective steel mesh cleaning system.User-friendly operation interface.<br \/>\nPCB Parameters\u2160Maximum board size(X x Y)450mm x 350mmMinimum board size(Y x X)50mm x 50mmPCB thickness0.4mm~6mmWarpageMax. PCB \u22641%DiagonalMaximum board weight6KgBoard margin gapConfiguration to 3mmMaximum bottom gap20mmTransfer speed1500mm\/s(Max)Transfer height from the ground900\u00b140mmTransfer orbit directionLeft-Right,Right-Left,Left-Left,Right-RightTransfer modeOne stage orbitPCB damping methodProgrammable flexible side pressure, (Optional: 1,Bottom integral suction cavity vacuum, 2.Multipoint partial vacuum at the bottom; 3. Edge locking and Substrate clamping)Support methodMagnetic thimble, Equal high block,Vacuum suction cavity; Special workpiece fixturePrinting parameters\u2161Printing headLinear motor type close loop printing headTemplate frame size470mm x 370mm~737 mm x 737 mmMaximum printing area(X x Y)450mm x 350mmSquegee typeSteel scraper\/Glue scraper(Angel 45\u00b0\/50\u00b0\/60\u00b0 matching the printing process)Squegee length220mm~ 500mmSquegee height65\u00b11mmSquegee thickness0.25mm Diamond-like carbon coatingPrinting modeSingle or double scraper printingDemoulding length0.02 mm \u2013 12 mmPrinting speed0 ~ 200 mm\/sPrinting pressure0.5kg \u2013 10KgPrinting stroke\u00b1200 mm (From the center)Field of view6.4mm x 4.8mmPlatform adjustment rangeX.Y:\u00b17.0mm,\u03b8:\u00b12.0\u00b0Benchmark point typeStandard shape benchmark point(SMEMA standard), solder pad\/openingsCamera systemIndependent camera,upwards\/downwards imaging vision systemPerformance parameters\u2162Repetition precision of image calibration\u00b115.0micron @6 \u03c3,Cpk \u2265 2.0Repetition precision of printing\u00b120.0micron @6 \u03c3,Cpk \u2265 2.0Cycle time<7sProduct changeover<5minsPower supplyAC220V\u00b110%,50\/60HZ,15AAir supply4~6Kg\/cm2, 10.0 Diameter of the tubeGas consumptionAbout 5L\/minOperating systemWindows XPExternal dimension1140mm(L) x 1450mm(W) x 1480mm(H) (Without light,monitor and keyboard)Machine weightAround 1000KgTemperature and humidity control module(optional)Environment temperature23\u00b13\u02daCRelative humidity45-70%RH4\n<\/p>\n","protected":false},"excerpt":{"rendered":"<p>QP450+ automatic vision solder paste printer stencil printer machine screen printer machine QP450+automatic soldering machine (fully automatic vision solder paste printer )stencil printer machine screen&#8230;<\/p>\n","protected":false},"featured_media":7791,"comment_status":"open","ping_status":"closed","template":"","meta":[],"etheme_brands":[{"term_id":196,"name":"QiHe","slug":"qihe","term_group":0,"term_taxonomy_id":196,"taxonomy":"brand","description":"","parent":0,"count":35,"filter":"raw"}],"product_cat":[63],"product_tag":[238,239,240],"_links":{"self":[{"href":"https:\/\/www.cncmarketi.com\/index.php\/wp-json\/wp\/v2\/product\/7796"}],"collection":[{"href":"https:\/\/www.cncmarketi.com\/index.php\/wp-json\/wp\/v2\/product"}],"about":[{"href":"https:\/\/www.cncmarketi.com\/index.php\/wp-json\/wp\/v2\/types\/product"}],"replies":[{"embeddable":true,"href":"https:\/\/www.cncmarketi.com\/index.php\/wp-json\/wp\/v2\/comments?post=7796"}],"version-history":[{"count":0,"href":"https:\/\/www.cncmarketi.com\/index.php\/wp-json\/wp\/v2\/product\/7796\/revisions"}],"wp:featuredmedia":[{"embeddable":true,"href":"https:\/\/www.cncmarketi.com\/index.php\/wp-json\/wp\/v2\/media\/7791"}],"wp:attachment":[{"href":"https:\/\/www.cncmarketi.com\/index.php\/wp-json\/wp\/v2\/media?parent=7796"}],"wp:term":[{"taxonomy":"brand","embeddable":true,"href":"https:\/\/www.cncmarketi.com\/index.php\/wp-json\/wp\/v2\/etheme_brands?post=7796"},{"taxonomy":"product_cat","embeddable":true,"href":"https:\/\/www.cncmarketi.com\/index.php\/wp-json\/wp\/v2\/product_cat?post=7796"},{"taxonomy":"product_tag","embeddable":true,"href":"https:\/\/www.cncmarketi.com\/index.php\/wp-json\/wp\/v2\/product_tag?post=7796"}],"curies":[{"name":"wp","href":"https:\/\/api.w.org\/{rel}","templated":true}]}}