{"id":7788,"date":"2023-08-16T12:32:27","date_gmt":"2023-08-16T09:32:27","guid":{"rendered":"https:\/\/www.cncmarketi.com\/index.php\/product\/qrf1235-12-bolge-smt-recrow-firini-kilavuz-rayli-lehir-kaynagi\/"},"modified":"2023-08-16T13:07:41","modified_gmt":"2023-08-16T10:07:41","slug":"qrf1235-12-bolge-smt-recrow-firini-kilavuz-rayli-lehir-kaynagi","status":"publish","type":"product","link":"https:\/\/www.cncmarketi.com\/index.php\/product\/qrf1235-12-bolge-smt-recrow-firini-kilavuz-rayli-lehir-kaynagi\/","title":{"rendered":"QRF1235 12 B\u00f6lge SMT RECROW F\u0131r\u0131n\u0131 K\u0131lavuz Rayl\u0131 Lehir Kayna\u011f\u0131"},"content":{"rendered":"<p>Desktop reflow oven QR962C Maximum Soldering Area\uff1a 400*600 mm<br \/>\nDescription<br \/>\nInquiry<br \/>\nDescription<br \/>\nThe QRF1235 infrared benchtop reflow oven is with guide rail series\uff0cbigger size than QRF835 model SMT Reflow Oven solder welding .Which uses the PID temperature control system and rapid infrared heating technology controlling, so the temperature is being kept very accurate and evenly distributed. The whole soldering process can be completed automatically and it is very easy to use. It is suitable for the board has chips and output is larger or the welding quality requirements are better.Designed with Multi-temperature curve choose.Four zones special temperature control mode more stable and precise.High quality thermocouple porcelain bead protect.Full-color HMI human-computer interface(touch screen).Super anti-temperature fan.Liner hearth use industrial grade anti high temperature and corrosion panel paint.PID microcomputer global temperature control system. High efficiency and energy saving finned heating tube.High temperature fan.Built in analog governor.<br \/>\nModelQRF1235Heat zone numbers12 zones(Up6, Down6)Heat methodHot airCooling zone numbers3 ventilation coolingLength of heating zone2060mmWidth of net belt450mmRail Width350mmAllowed PCB sizeMAX 350mmHeigh of Guide rail880\u00b120mmHeight of net belt900\u00b120mmTransport speed of net belt160~1350mm\/min(Analog quantity adjusting)Transport direction of net beltLeft to right( right to left)Starting power22KWWorking power4.5KWInput supply powerThree-phase five-wire 380\u00b110% 50HZHeat up timeAbout 20 minsTime of passing through the machine3.5 to 5.5 minsRange of temperature controlIndoor temperature to 400 degrees PID Closed-loop ControlMethod of temperature controlPID closed-loop controlNet weight560kgOutline size3380x820x1360mm<br \/>\nRead more: QRF1235 12 Zones SMT Reflow Oven solder welding with guide rail<br \/>\nQM10 SMT pick and place machine 10heads 80slots Fully Automatic Chip mounter SMT Assembly<br \/>\nQFA5060 automatic solder paste printer stencil printer machine screen printer machine<br \/>\nQUL350 pcb up loader machine For Smt Pcb Circuit Board<\/p>\n","protected":false},"excerpt":{"rendered":"<p>Desktop reflow oven QR962C Maximum Soldering Area\uff1a 400*600 mm Description Inquiry Description The QRF1235 infrared benchtop reflow oven is with guide rail series\uff0cbigger size than&#8230;<\/p>\n","protected":false},"featured_media":7784,"comment_status":"open","ping_status":"closed","template":"","meta":[],"etheme_brands":[{"term_id":196,"name":"QiHe","slug":"qihe","term_group":0,"term_taxonomy_id":196,"taxonomy":"brand","description":"","parent":0,"count":35,"filter":"raw"}],"product_cat":[63],"product_tag":[204,205,206,207,208,209,210,233,212,228,213,214,215],"_links":{"self":[{"href":"https:\/\/www.cncmarketi.com\/index.php\/wp-json\/wp\/v2\/product\/7788"}],"collection":[{"href":"https:\/\/www.cncmarketi.com\/index.php\/wp-json\/wp\/v2\/product"}],"about":[{"href":"https:\/\/www.cncmarketi.com\/index.php\/wp-json\/wp\/v2\/types\/product"}],"replies":[{"embeddable":true,"href":"https:\/\/www.cncmarketi.com\/index.php\/wp-json\/wp\/v2\/comments?post=7788"}],"version-history":[{"count":0,"href":"https:\/\/www.cncmarketi.com\/index.php\/wp-json\/wp\/v2\/product\/7788\/revisions"}],"wp:featuredmedia":[{"embeddable":true,"href":"https:\/\/www.cncmarketi.com\/index.php\/wp-json\/wp\/v2\/media\/7784"}],"wp:attachment":[{"href":"https:\/\/www.cncmarketi.com\/index.php\/wp-json\/wp\/v2\/media?parent=7788"}],"wp:term":[{"taxonomy":"brand","embeddable":true,"href":"https:\/\/www.cncmarketi.com\/index.php\/wp-json\/wp\/v2\/etheme_brands?post=7788"},{"taxonomy":"product_cat","embeddable":true,"href":"https:\/\/www.cncmarketi.com\/index.php\/wp-json\/wp\/v2\/product_cat?post=7788"},{"taxonomy":"product_tag","embeddable":true,"href":"https:\/\/www.cncmarketi.com\/index.php\/wp-json\/wp\/v2\/product_tag?post=7788"}],"curies":[{"name":"wp","href":"https:\/\/api.w.org\/{rel}","templated":true}]}}