{"id":7599,"date":"2023-08-13T17:54:28","date_gmt":"2023-08-13T14:54:28","guid":{"rendered":"https:\/\/www.cncmarketi.com\/?post_type=product&#038;p=7599"},"modified":"2023-08-16T13:10:58","modified_gmt":"2023-08-16T10:10:58","slug":"pek-yakinda-bu-kategoriye-urunlerimiz-eklenecektir","status":"publish","type":"product","link":"https:\/\/www.cncmarketi.com\/index.php\/product\/pek-yakinda-bu-kategoriye-urunlerimiz-eklenecektir\/","title":{"rendered":"Pek Yak\u0131nda, Bu kategoriye \u00fcr\u00fcnlerimiz eklenecektir. \u00d6zel istekleriniz i\u00e7in bizimle ileti\u015fime ge\u00e7ebilirsiniz."},"content":{"rendered":"","protected":false},"excerpt":{"rendered":"","protected":false},"featured_media":7661,"comment_status":"open","ping_status":"closed","template":"","meta":[],"etheme_brands":[{"term_id":62,"name":"Yerli \u00dcretim","slug":"yerli-uretim","term_group":0,"term_taxonomy_id":62,"taxonomy":"brand","description":"","parent":0,"count":1,"filter":"raw"}],"product_cat":[63,50,54,53,57,59,52,58,56,55,51,64,15],"product_tag":[],"_links":{"self":[{"href":"https:\/\/www.cncmarketi.com\/index.php\/wp-json\/wp\/v2\/product\/7599"}],"collection":[{"href":"https:\/\/www.cncmarketi.com\/index.php\/wp-json\/wp\/v2\/product"}],"about":[{"href":"https:\/\/www.cncmarketi.com\/index.php\/wp-json\/wp\/v2\/types\/product"}],"replies":[{"embeddable":true,"href":"https:\/\/www.cncmarketi.com\/index.php\/wp-json\/wp\/v2\/comments?post=7599"}],"version-history":[{"count":0,"href":"https:\/\/www.cncmarketi.com\/index.php\/wp-json\/wp\/v2\/product\/7599\/revisions"}],"wp:featuredmedia":[{"embeddable":true,"href":"https:\/\/www.cncmarketi.com\/index.php\/wp-json\/wp\/v2\/media\/7661"}],"wp:attachment":[{"href":"https:\/\/www.cncmarketi.com\/index.php\/wp-json\/wp\/v2\/media?parent=7599"}],"wp:term":[{"taxonomy":"brand","embeddable":true,"href":"https:\/\/www.cncmarketi.com\/index.php\/wp-json\/wp\/v2\/etheme_brands?post=7599"},{"taxonomy":"product_cat","embeddable":true,"href":"https:\/\/www.cncmarketi.com\/index.php\/wp-json\/wp\/v2\/product_cat?post=7599"},{"taxonomy":"product_tag","embeddable":true,"href":"https:\/\/www.cncmarketi.com\/index.php\/wp-json\/wp\/v2\/product_tag?post=7599"}],"curies":[{"name":"wp","href":"https:\/\/api.w.org\/{rel}","templated":true}]}}