{"id":7524,"date":"2023-08-13T15:54:56","date_gmt":"2023-08-13T12:54:56","guid":{"rendered":"https:\/\/www.cncmarketi.com\/index.php\/product\/cin-baozi-yapim-makinesi-otomatik-gida-makineleri-fabrikasi\/"},"modified":"2023-08-16T13:10:02","modified_gmt":"2023-08-16T10:10:02","slug":"cin-baozi-yapim-makinesi-otomatik-gida-makineleri-fabrikasi","status":"publish","type":"product","link":"https:\/\/www.cncmarketi.com\/index.php\/product\/cin-baozi-yapim-makinesi-otomatik-gida-makineleri-fabrikasi\/","title":{"rendered":"\u00c7in Baozi Yap\u0131m Makinesi | Otomatik G\u0131da Makineleri Fabrikas\u0131"},"content":{"rendered":"<p>Chinese Baozi Making Machine<br \/>\nChinese Steamed Bun Making Machine Description:<br \/>\nThe SV-180 steamed bun machine has been upgraded and refitted to handle dough with gluten, making baozi, steamed buns,momo, mantou. Small size, easy to move, very suitable for small restaurant stores. Influenced by Chinese food culture, this machine is very popular in Southeast Asian countries, such as Thailand, Vietnam, Indonesia and so on.<br \/>\nThe steamed bun making machine has 2 hoppers. The bigger one is for dough, another small one is for filling.It is worth mentioning that the hopper for dough and the screws inside are custom-made, which will not damage the gluten of the dough and keep the steamed buns with a good taste. Without the custom hopper and screws, the resulting baozi is very hard and unpalatable!!!<br \/>\nAs for the stuffing, there is no problem with vegetable stuffing and meat stuffing. But if it is beef stuffing, customer need to remove the fascia on the meat first, otherwise the cutter is not easy to cut off.<br \/>\nThe appearance of this baozi making machine is the same as that of ordinary small encrusting machine in the market. But the internal structure is different. Ordinary small encrusting machines can\u2019t make baozi. Their differences are mainly reflected in the hopper, screws, cutter blade and cutter head. Among them, the cutter is the main difference.<br \/>\nThe cutter used on the baozi making machine is 9-piece blade with designed patterns, specialized for making steamed bun. The side of the blades is not closed, reducing the friction area between blades. It has high- frequency closure, easy to dissipate heat, so that the cutter is more wear-resistant and the service life can be extended.<br \/>\nWhile, the the cutter on the ordinary machine usually is 6-piece blades. Usually used to make coxinha, kubba, maamoul, energy ball and other products. The 6 blade cutter is the most common cutter and is found in almost every encrusting machine on the market.<br \/>\nSome customers want to ask, can the Chinese baozi making machine only make steamed bun? Can it make other products? The answer is: of course!! it\u2019s a multifunctional machine, which can make more than 100 kinds of products by changing the cutters and extrusion molds.<br \/>\nIf customer wants to make baozi and coxinha, he needs to purchase another hopper, screws , cutter blades and cutter head. The cutter formaking steamed buns is 9 pieces, and the cutter for coxinha is 6 pieces, they do not share the same cutterhead.<br \/>\nBesides the baozi, the sv-180 encrusting machine also can make kubba, coxinha, maamoul, energy ball, stuffed cookie, arancini, falafel, mochi, ice cream mochi, churros, meat ball, rice cake, etc.<br \/>\nThe SV-180 baozi making machine is the smallest steamed bun machine in Longyu Company, which is suitable for small stores, such as breakfast stores, restaurant. We also have the industrial steamed bun production line with a capacity of 10800 pcs\/h for big factory. At the same time, our engineers can also make plant planning drawings for customers\uff01<br \/>\nSteamed Bun Machine Parameters<br \/>\nModel: SV-180<br \/>\nMachine Size: 100*100*138cm<br \/>\nMachnie weight: 180KG<br \/>\nPower: 1.5KW<br \/>\nVoltage: 220V 50\/60Hz Single Phrase<br \/>\nCapacity: 60-80pcs\/min<br \/>\nProduct Weight: 10-150g<br \/>\nBaozi Making Machine Details:<br \/>\nBaozi Making Machine Advantages:<br \/>\n304 stainless steel, food grade material, durable and easy to clean.<br \/>\nHigh speed. Up to 90 pcs\/min.<br \/>\nError of each product within 1g, stable product weight.<br \/>\nPLC intelligent touch screen, easy to operate for beginners.<br \/>\nFamous electric components, OTG motor, Delta PLC &#038; inverters, make the machine operational performance more stabler.<br \/>\nCan save the production data of 99 products\uff0c just need to adjust the parameters one time for single product.<br \/>\nAvailable for gluten dough, such as steamed bun, mantou, momo, baozi, siopao.<br \/>\nSmall volume, suitable for small shop, restaurant, breakfast shop.<\/p>\n<p>8-2=?<\/p>\n","protected":false},"excerpt":{"rendered":"<p>Chinese Baozi Making Machine Chinese Steamed Bun Making Machine Description: The SV-180 steamed bun machine has been upgraded and refitted to handle dough with gluten,&#8230;<\/p>\n","protected":false},"featured_media":7522,"comment_status":"open","ping_status":"closed","template":"","meta":[],"etheme_brands":[{"term_id":194,"name":"Longyu","slug":"longyu","term_group":0,"term_taxonomy_id":194,"taxonomy":"brand","description":"","parent":0,"count":72,"filter":"raw"}],"product_cat":[54],"product_tag":[188,189,90,190,191,136,192,193],"_links":{"self":[{"href":"https:\/\/www.cncmarketi.com\/index.php\/wp-json\/wp\/v2\/product\/7524"}],"collection":[{"href":"https:\/\/www.cncmarketi.com\/index.php\/wp-json\/wp\/v2\/product"}],"about":[{"href":"https:\/\/www.cncmarketi.com\/index.php\/wp-json\/wp\/v2\/types\/product"}],"replies":[{"embeddable":true,"href":"https:\/\/www.cncmarketi.com\/index.php\/wp-json\/wp\/v2\/comments?post=7524"}],"version-history":[{"count":0,"href":"https:\/\/www.cncmarketi.com\/index.php\/wp-json\/wp\/v2\/product\/7524\/revisions"}],"wp:featuredmedia":[{"embeddable":true,"href":"https:\/\/www.cncmarketi.com\/index.php\/wp-json\/wp\/v2\/media\/7522"}],"wp:attachment":[{"href":"https:\/\/www.cncmarketi.com\/index.php\/wp-json\/wp\/v2\/media?parent=7524"}],"wp:term":[{"taxonomy":"brand","embeddable":true,"href":"https:\/\/www.cncmarketi.com\/index.php\/wp-json\/wp\/v2\/etheme_brands?post=7524"},{"taxonomy":"product_cat","embeddable":true,"href":"https:\/\/www.cncmarketi.com\/index.php\/wp-json\/wp\/v2\/product_cat?post=7524"},{"taxonomy":"product_tag","embeddable":true,"href":"https:\/\/www.cncmarketi.com\/index.php\/wp-json\/wp\/v2\/product_tag?post=7524"}],"curies":[{"name":"wp","href":"https:\/\/api.w.org\/{rel}","templated":true}]}}