{"id":7521,"date":"2023-08-13T15:54:55","date_gmt":"2023-08-13T12:54:55","guid":{"rendered":"https:\/\/www.cncmarketi.com\/index.php\/product\/otomatik-mochi-dondurma-yapim-makinesi-otomatik-gida-makineleri-fabrikasi\/"},"modified":"2023-08-16T13:10:14","modified_gmt":"2023-08-16T10:10:14","slug":"otomatik-mochi-dondurma-yapim-makinesi-otomatik-gida-makineleri-fabrikasi","status":"publish","type":"product","link":"https:\/\/www.cncmarketi.com\/index.php\/product\/otomatik-mochi-dondurma-yapim-makinesi-otomatik-gida-makineleri-fabrikasi\/","title":{"rendered":"Otomatik Mochi Dondurma Yap\u0131m Makinesi | Otomatik G\u0131da Makineleri Fabrikas\u0131"},"content":{"rendered":"<p>Mochi &#038; Ice cream mochi machineSV-208A automatic mochi ice cream making machine is more suitable for factory use.It can make various kinds products by changing mould\/shutter.PLC touch control panel,the ratio of dough &#038;inside filling can be adjustable ,the weight,size,speed of products also can be adjustable according to your request.304 stainless steel for machine body and food grade material to ensure safety and healthy.Add one more hopper can make products with three color.This is a multifunctional automatic encrusting machine. It can fill the filling automatically and shape them to be ball, rod, double tip, water drop shape, etc. It can make many kinds of food with high capacity. This machine can also add various of device according to your needs.<br \/>\nDescription<br \/>\nMochi Ice Cream Production Line<br \/>\nSV-208A automatic mochi ice cream making machine is more suitable for factory use.It can make various kinds products by changing mould\/shutter.PLC touch control panel,the ratio of dough &#038;inside filling can be adjustable ,the weight,size,speed of products also can be adjustable according to your request.304 stainless steel for machine body and food grade material to ensure safety and healthy.Add one more hopper can make products with three color.It can be matched with steam generator, mochi steamer and rotary powder coating machine to form a production line.<br \/>\nThe fully automatic mochi ice cream machine can make different types of ice cream mochi, such as double filling mochi, two-color mochi, mochi balls, and Japanese popular Daifuku, just need to change different molds.<br \/>\nThe SV-208A stuffing machine is equipped with three hoppers, which can realize two skins and one filling, or one skin and two fillings.<br \/>\nSince the mochi machine is a multifunctional equipment, the mochi machine can also make:<br \/>\nMammoul, kubba, churros, coxinha, falafel, mooncake, arancini, pineapple cake, colorful cookies, mini pizza, suncake, Filled biscuits, animal cookie, twist roll, meat pie, mochi, meat ball, fish ball,glutinous rice ball, sesame ball, chocolate ball, protein ball, stripe shape snack, cylinder shape snack, pillow shape food, hot pot materials, crystal bun, crystal ball, etc.<br \/>\nParameters<br \/>\nSV-208A encrusting machine<br \/>\nModel: SV-208A<br \/>\nMachine Size: 168*86*170cm<br \/>\nMachnie weight: 360KG<br \/>\nPower: 1.75KW<br \/>\nVoltage: 220V 50\/60Hz Single Phrase<br \/>\nCapacity: 60-110pcs\/min<br \/>\nProduct Weight: 10-270g<br \/>\nRotary powder coating machine<br \/>\nmachine size:190*84*102cm<br \/>\nmachine weight:190KG<br \/>\nmachine voltage:sigle chase 220V<br \/>\nmachine power:0.75KW<br \/>\nproduction speed:90-100pcs\/min<br \/>\nFeatures<br \/>\n304 stainless steel for machine body and parts in contact with the machine are food grade.<br \/>\n304 stainless steel hopper&#038;plastic hopper for your choice.<br \/>\nMake various kinds of products by changing mould\/shutter.<br \/>\nConveyor are food grade material to make sure all the foods will be healthy.Push-back device make better producs.<br \/>\nUp and downs dusters are designed for sticky food like mochi,filled cookies.<br \/>\nIt is a multifunctional machine,it can make many foods like mochi\/kubba\/filled cookies\/pineapple cake\/pies\/coxinha etc.<br \/>\nPLC control panel,which you just press the switch and easy operation.<br \/>\nThe fillings could be jam, chocolate, cream, ice cream, bean paste, minced meat, paste mixed with small nuts (sesame, corn,peanut).<br \/>\nWide usage. It can be used for home, factory, store, supermarket, school, dining hall, hotel, etc.<\/p>\n<p>8-2=?<\/p>\n","protected":false},"excerpt":{"rendered":"<p>Mochi &#038; Ice cream mochi machineSV-208A automatic mochi ice cream making machine is more suitable for factory use.It can make various kinds products by changing&#8230;<\/p>\n","protected":false},"featured_media":7519,"comment_status":"open","ping_status":"closed","template":"","meta":[],"etheme_brands":[{"term_id":194,"name":"Longyu","slug":"longyu","term_group":0,"term_taxonomy_id":194,"taxonomy":"brand","description":"","parent":0,"count":72,"filter":"raw"}],"product_cat":[54],"product_tag":[185,186,187],"_links":{"self":[{"href":"https:\/\/www.cncmarketi.com\/index.php\/wp-json\/wp\/v2\/product\/7521"}],"collection":[{"href":"https:\/\/www.cncmarketi.com\/index.php\/wp-json\/wp\/v2\/product"}],"about":[{"href":"https:\/\/www.cncmarketi.com\/index.php\/wp-json\/wp\/v2\/types\/product"}],"replies":[{"embeddable":true,"href":"https:\/\/www.cncmarketi.com\/index.php\/wp-json\/wp\/v2\/comments?post=7521"}],"version-history":[{"count":0,"href":"https:\/\/www.cncmarketi.com\/index.php\/wp-json\/wp\/v2\/product\/7521\/revisions"}],"wp:featuredmedia":[{"embeddable":true,"href":"https:\/\/www.cncmarketi.com\/index.php\/wp-json\/wp\/v2\/media\/7519"}],"wp:attachment":[{"href":"https:\/\/www.cncmarketi.com\/index.php\/wp-json\/wp\/v2\/media?parent=7521"}],"wp:term":[{"taxonomy":"brand","embeddable":true,"href":"https:\/\/www.cncmarketi.com\/index.php\/wp-json\/wp\/v2\/etheme_brands?post=7521"},{"taxonomy":"product_cat","embeddable":true,"href":"https:\/\/www.cncmarketi.com\/index.php\/wp-json\/wp\/v2\/product_cat?post=7521"},{"taxonomy":"product_tag","embeddable":true,"href":"https:\/\/www.cncmarketi.com\/index.php\/wp-json\/wp\/v2\/product_tag?post=7521"}],"curies":[{"name":"wp","href":"https:\/\/api.w.org\/{rel}","templated":true}]}}