{"id":7513,"date":"2023-08-13T15:54:47","date_gmt":"2023-08-13T12:54:47","guid":{"rendered":"https:\/\/www.cncmarketi.com\/index.php\/product\/chewy-cikolatali-kurabiye-makinesi-otomatik-gida-makineleri-fabrikasi\/"},"modified":"2023-08-13T16:09:02","modified_gmt":"2023-08-13T13:09:02","slug":"chewy-cikolatali-kurabiye-makinesi-otomatik-gida-makineleri-fabrikasi","status":"publish","type":"product","link":"https:\/\/www.cncmarketi.com\/index.php\/product\/chewy-cikolatali-kurabiye-makinesi-otomatik-gida-makineleri-fabrikasi\/","title":{"rendered":"Chewy \u00c7ikolatal\u0131 Kurabiye Makinesi | Otomatik G\u0131da Makineleri Fabrikas\u0131"},"content":{"rendered":"<p>Chewy Chocolate Chip Cookies Machine<br \/>\nWhat\u2019s Chewy Chocolate Chip Cookies?<br \/>\nChocolate chip cookies were created in the 1930s by the Massachusetts cook Ruth Wakerfield, and were originally called Toll House Chocolate Crunch Cookie. A chocolate chip cookie is a sweet baked treat that is recognized by its butter flavor and the inclusion of chocolate chips. Some variations can include nuts, oatmeal or raisins as well.<br \/>\nHow does SV-380 Encrusting Machine Make Chocolate Chips Cookies?<br \/>\nFirst step: prepare the materials, mixing the materials in the mixer evenly.<br \/>\nSecond step: put the cookie dough and fillings into hoppers of encrusting machine<br \/>\nThird step: set the parameters on the PLC touch screen, then click \u201d start\u201d<br \/>\nReally really really easy to operate!!!<br \/>\nSV-380 Encrusting Machine, our latest machine, which is an upgrade of the ordinary SV- 208 encrusting machine. It can do all the food that the ordinary encrusting machine can do, such as dates maamoul, stuffed cookies, energy ball, kubba, coxinha, mooncake, falafel, rice cake, mochi, ice cream mochi, protein bar, and so on.<br \/>\nThe ordinary encrusting machine in the market only can process the soft and sticky fillings, like dates filling, red bean paste,etc. While the SV-380 encrusting machine, besides the soft and sticky fillings, biggest upgrade point is that it can handle dry, hard and loose fillings, such as nuts filling, chocolate chips, pea yellow, cooked ground meat.<br \/>\nSo SV-380 encrusting machine can make chocolate chip cookies, nuts balls, energy balls with nuts granules, French arancini, walnut maamoul\u2026. all these can not be made by ordinary encrusting machine.<br \/>\nAnother advantage is that SV-380 encrusting machine process gluten dough, while ordinary machine can not! Usually, encrusting machines in the market mostly produce gluten-free products, such as common moon cakes, kubba, cookies, empanada, dumplings, etc. But for SV-380 encrusting machine, it also can make naan bread, steamed bun, kubba musel, cheese bread\u2026\u2026 such low-gluten and medium gluten products!<br \/>\nIn addition to these two points, the SV-380 encrusting machine is specially developed for big gram products, up to 1500 g, amazing!!! In China, this machine is specially used to make local specialties, such as super big moon cakes, Yunnan buckwheat cakes, blessing cakes. In foreign countries, customers often use it to make pizza crust and naan bread.<br \/>\nHigh-end Configurations:<br \/>\nThe SV-380 encrusting machine, equipped with high-end configurations, has a long time service life. Under normal situation, it can work for more than 12 years!<br \/>\nChocolate Chip Cookie Machine Parameters:<br \/>\nModel: SV-380<br \/>\nMachine Size: 135*100*140cm<br \/>\nMachnie weight: 500KG<br \/>\nPower: 3KW<br \/>\nVoltage: 220V 50\/60Hz Single Phrase<br \/>\nCapacity: 20-80pcs\/min<br \/>\nProduct Weight: 8-1500g<br \/>\nFeatures<br \/>\nSpecially developed for big gram products, up to 1500g!<br \/>\nCan process hard and loose fillings, while other machines can not.<br \/>\nCan make gluten products, such cheese bread, naan bread, empanada,etc.<br \/>\nSmall weight error, about within 1g, stable product weight.<br \/>\nPLC intelligent touch screen, easy to operate for beginners.<br \/>\nFamous electric components, SERVO motor, Delta PLC &#038; inverters, make the machine operational performance more stabler.<br \/>\nCan save the production data of 99 products\uff0c just need to adjust the parameters one time for single product.<br \/>\nVarious kinds of products can be made, more than 100.<br \/>\nMany devices and molds can be choose, very flexible.<br \/>\n12-month warranty.<br \/>\nDetailed instruction manuals, training videos.<\/p>\n","protected":false},"excerpt":{"rendered":"<p>Chewy Chocolate Chip Cookies Machine What\u2019s Chewy Chocolate Chip Cookies? Chocolate chip cookies were created in the 1930s by the Massachusetts cook Ruth Wakerfield, and&#8230;<\/p>\n","protected":false},"featured_media":7509,"comment_status":"open","ping_status":"closed","template":"","meta":[],"etheme_brands":[{"term_id":194,"name":"Longyu","slug":"longyu","term_group":0,"term_taxonomy_id":194,"taxonomy":"brand","description":"","parent":0,"count":72,"filter":"raw"}],"product_cat":[54],"product_tag":[82,177,178,179,71,133,83],"_links":{"self":[{"href":"https:\/\/www.cncmarketi.com\/index.php\/wp-json\/wp\/v2\/product\/7513"}],"collection":[{"href":"https:\/\/www.cncmarketi.com\/index.php\/wp-json\/wp\/v2\/product"}],"about":[{"href":"https:\/\/www.cncmarketi.com\/index.php\/wp-json\/wp\/v2\/types\/product"}],"replies":[{"embeddable":true,"href":"https:\/\/www.cncmarketi.com\/index.php\/wp-json\/wp\/v2\/comments?post=7513"}],"version-history":[{"count":0,"href":"https:\/\/www.cncmarketi.com\/index.php\/wp-json\/wp\/v2\/product\/7513\/revisions"}],"wp:featuredmedia":[{"embeddable":true,"href":"https:\/\/www.cncmarketi.com\/index.php\/wp-json\/wp\/v2\/media\/7509"}],"wp:attachment":[{"href":"https:\/\/www.cncmarketi.com\/index.php\/wp-json\/wp\/v2\/media?parent=7513"}],"wp:term":[{"taxonomy":"brand","embeddable":true,"href":"https:\/\/www.cncmarketi.com\/index.php\/wp-json\/wp\/v2\/etheme_brands?post=7513"},{"taxonomy":"product_cat","embeddable":true,"href":"https:\/\/www.cncmarketi.com\/index.php\/wp-json\/wp\/v2\/product_cat?post=7513"},{"taxonomy":"product_tag","embeddable":true,"href":"https:\/\/www.cncmarketi.com\/index.php\/wp-json\/wp\/v2\/product_tag?post=7513"}],"curies":[{"name":"wp","href":"https:\/\/api.w.org\/{rel}","templated":true}]}}