{"id":7471,"date":"2023-08-13T15:54:22","date_gmt":"2023-08-13T12:54:22","guid":{"rendered":"https:\/\/www.cncmarketi.com\/index.php\/product\/mochi-yapim-makinesi-otomatik-gida-makineleri-fabrikasi\/"},"modified":"2023-08-13T16:09:03","modified_gmt":"2023-08-13T13:09:03","slug":"mochi-yapim-makinesi-otomatik-gida-makineleri-fabrikasi","status":"publish","type":"product","link":"https:\/\/www.cncmarketi.com\/index.php\/product\/mochi-yapim-makinesi-otomatik-gida-makineleri-fabrikasi\/","title":{"rendered":"Mochi Yap\u0131m Makinesi | Otomatik G\u0131da Makineleri Fabrikas\u0131"},"content":{"rendered":"<p>Mochi Making Machine<br \/>\nMochi Making Production Line Description:<br \/>\nMochi making production line is mainly composed of these machines: mochi dough making machines, mochi encrusting machine, and powder coating machine, the most important of which is the mochi making machine.<br \/>\nTo make mochi or ice cream mochi, the most important thing is to make the mochi dough. If you want the taste of mochi to be soft and elastic, it is best to choose a mochi dough steamer to make mochi dough. In order to match the output of a mochi making machine, we recommend a 75L mochi dough steamer.<br \/>\nIt\u2019s very easy to operate the mochi dough steamer. All that needs to be done manually is to pour the ingredients(mainly glutinous rice flour and water) into the machine, and the rest can be done by the machine. The machine provides steam to steam the mixture while stirring continuously, and then the mixture gradually becomes elastic dough, saving a lot of labor and time!!<br \/>\nThe next machine is mochi making machine. The standard type has two hoppers, one is for mochi dough, another is for filling. After putting the mochi dough and stuffing into the hopper, the screws in the hopper pushes the them forward, extrudes it through the extrusion mold, and cuts it into small pieces of equal weight by the cutter.<br \/>\nThe most common mochi is with one skin and one filling. But by changing the molds, our mochi maker machine can make double-filled mochi, double-colored mochi, long strips of mochi, etc.<br \/>\nAfter years of research, Longyu Company has launched several other models of mochi machines. such as SV-208A, SV-380, SV-180\u2026<br \/>\nSv-208 mochi making machine has 3 hoppers, which can make mochi with 3 colors, like mochi with double color skin, or with double fillings. for model sv-208, the filling should be soft and thick, such as ice cream, red bean paste.<br \/>\nIf customers want to add large chunks of pulp to mochi dough, we highly recommend the SV-380 model, which can protect the pulp intact without being crushed and turned into juice.<br \/>\nWe all know that the skin of mochi is very sticky, and it needs to be coated with a layer of flour, otherwise it will stick to our hands. At this time, the powder coating machine is used, and the mochi is dropped into the rotating disk through the conveyor belt. After evenly coating the powder, filter out the excess powder by climbing device. Greatly save time and labors!<br \/>\nAs for the forming part of making mochi, just the 3 machines are required. if customer want to make ice cream mochi, another machine is needed\u2013freezer. if the output capacity is small, freezer is enough. if the capacity of machi customer wants to make is large, we suggest frozen tunnel, which we can provide!<br \/>\nMochi Making Production Line Parameters<br \/>\nMochi Dough Making Machine<br \/>\nMachine Size: 110*102*141cm<br \/>\nMachnie weight: 350KG<br \/>\nPower: 1.5KW<br \/>\nVoltage: 220V 50\/60Hz Single Phrase<br \/>\nCapacity: 75L<br \/>\nMochi dough: 70kg<br \/>\nSV-208A Encrusting Machine<br \/>\nModel: SV-208A<br \/>\nMachine Size: 168*86*170cm<br \/>\nMachnie weight: 360KG<br \/>\nPower: 1.75KW<br \/>\nVoltage: 220V 50\/60Hz Single Phrase<br \/>\nCapacity: 60-110pcs\/min<br \/>\nProduct Weight: 10-270g<br \/>\nPowder Coating Machine<br \/>\nMachine Size: 187*110*102cm<br \/>\nMachnie weight:180KG<br \/>\nPower: 1.2KW<br \/>\nVoltage: 220V 50\/60Hz Single Phrase<br \/>\nCapacity: 90-100pcs\/min<br \/>\nProduct Weight: According to the shaping speed<br \/>\nMochi Encrusting Machine Details<br \/>\nFeasures<br \/>\n304 stainless steel, food grade material, durable and easy to clean.<br \/>\nHigh speed. the max speed can reach 120 pcs\/min, faster than others.<br \/>\nSmall weight error, about within 1g, stable product weight.<br \/>\nPLC intelligent touch screen, easy to operate for beginners.<br \/>\nFamous electric components, OTG motor, Delta PLC &#038; inverters, make the machine operational performance more stabler.<br \/>\nCan save the production data of 99 products\uff0c just need to adjust the parameters one time for single product.<br \/>\nVarious kinds of products can be made, more than 100.<br \/>\nMany devices and molds can be choose, very flexible.<br \/>\n12-month warranty.<br \/>\nDetailed instruction manuals, training videos.<\/p>\n<p>8-2=?<\/p>\n","protected":false},"excerpt":{"rendered":"<p>Mochi Making Machine Mochi Making Production Line Description: Mochi making production line is mainly composed of these machines: mochi dough making machines, mochi encrusting machine,&#8230;<\/p>\n","protected":false},"featured_media":7467,"comment_status":"open","ping_status":"closed","template":"","meta":[],"etheme_brands":[{"term_id":194,"name":"Longyu","slug":"longyu","term_group":0,"term_taxonomy_id":194,"taxonomy":"brand","description":"","parent":0,"count":72,"filter":"raw"}],"product_cat":[54],"product_tag":[143,144,145,146,147,148,149,150],"_links":{"self":[{"href":"https:\/\/www.cncmarketi.com\/index.php\/wp-json\/wp\/v2\/product\/7471"}],"collection":[{"href":"https:\/\/www.cncmarketi.com\/index.php\/wp-json\/wp\/v2\/product"}],"about":[{"href":"https:\/\/www.cncmarketi.com\/index.php\/wp-json\/wp\/v2\/types\/product"}],"replies":[{"embeddable":true,"href":"https:\/\/www.cncmarketi.com\/index.php\/wp-json\/wp\/v2\/comments?post=7471"}],"version-history":[{"count":0,"href":"https:\/\/www.cncmarketi.com\/index.php\/wp-json\/wp\/v2\/product\/7471\/revisions"}],"wp:featuredmedia":[{"embeddable":true,"href":"https:\/\/www.cncmarketi.com\/index.php\/wp-json\/wp\/v2\/media\/7467"}],"wp:attachment":[{"href":"https:\/\/www.cncmarketi.com\/index.php\/wp-json\/wp\/v2\/media?parent=7471"}],"wp:term":[{"taxonomy":"brand","embeddable":true,"href":"https:\/\/www.cncmarketi.com\/index.php\/wp-json\/wp\/v2\/etheme_brands?post=7471"},{"taxonomy":"product_cat","embeddable":true,"href":"https:\/\/www.cncmarketi.com\/index.php\/wp-json\/wp\/v2\/product_cat?post=7471"},{"taxonomy":"product_tag","embeddable":true,"href":"https:\/\/www.cncmarketi.com\/index.php\/wp-json\/wp\/v2\/product_tag?post=7471"}],"curies":[{"name":"wp","href":"https:\/\/api.w.org\/{rel}","templated":true}]}}