{"id":7457,"date":"2023-08-13T15:54:15","date_gmt":"2023-08-13T12:54:15","guid":{"rendered":"https:\/\/www.cncmarketi.com\/index.php\/product\/corba-dumpling-xiaolongbao-uretim-hatti-otomatik-gida-makineleri-fabrikasi\/"},"modified":"2023-08-13T16:09:04","modified_gmt":"2023-08-13T13:09:04","slug":"corba-dumpling-xiaolongbao-uretim-hatti-otomatik-gida-makineleri-fabrikasi","status":"publish","type":"product","link":"https:\/\/www.cncmarketi.com\/index.php\/product\/corba-dumpling-xiaolongbao-uretim-hatti-otomatik-gida-makineleri-fabrikasi\/","title":{"rendered":"\u00c7orba Dumpling (Xiaolongbao) \u00dcretim Hatt\u0131 | Otomatik G\u0131da Makineleri Fabrikas\u0131"},"content":{"rendered":"<p>Steamed Bun MachineSoup Dumpling (XiaoLongBao) are soup-filled dumplings originating from the 19th century Nan Xiang, what is today Shanghai\u2019s Jiading district. The dumplings are usually filled with a large volume of soup and minced pork, then steamed in a specially-designed bamboo steamer. Sometimes, xiaolongbao can also be filled with crab or shrimp meat. It is recommended to serve xiaolongbao dumplings while they are still hot, preferably with a vinegar and ginger dip on the side. This unique delicacy can be made by using our Soup Dumpling (XiaoLongBao) Production Line.<br \/>\nDescription<br \/>\nWhat are Soup Dumplings (XiaoLongBao)?<br \/>\nChinese soup dumplings, sometimes also referred to as Shanghai Soup Dumplings, xiaolongbao or tang bao, are a steamed dumpling consisting of a paper thin wrapper enveloping a seasoned pork filling and hot, flavorful soup.<br \/>\nEach dumpling is pleated with many folds. Once steamed, the delicate dumpling are dipped in a mixture of Chinese black vinegar and julienned ginger for the perfectly balanced bite.<br \/>\nSoup dumplings are traditionlly made with a plain pork filling, while some versions contain a mixture of pork and crab. New and modern versions may also contain other types of meat, seafood, or vegetarian fillings.<br \/>\nWhat equipment can make Soup Dumplings (XiaoLongBao)?<br \/>\nOur Soup Dumplings (XiaoLongBao) production line is our newly developed production line, which consists of the main machine, pinch cutter machine and tray arranging machine.<br \/>\nThe Soup Dumplings (XiaoLongBao) produced by our newly develped multi purpose filling&#038;forming encrusting machine can compete with hand-made ones. It has not only pleasing appearance, but also juicy taste, thin skin, plenty filling, as well as soft and springy texture.<br \/>\nSoup Dumplings (XiaoLongBao) encrusting machine boasts efficient motors controlled by an inverter so that the speed is adjustable according to productive demand. Parts of both machines are made of food grade stainless steel, plastic and surface treatment of aluminium alloy to comply with food hygiene regulations.<br \/>\nDisassembly for cleaning and maintenance is fast and convenient. Either large-scale factory or small restaurant can be satisfied with our offer.<\/p>\n","protected":false},"excerpt":{"rendered":"<p>Steamed Bun MachineSoup Dumpling (XiaoLongBao) are soup-filled dumplings originating from the 19th century Nan Xiang, what is today Shanghai\u2019s Jiading district. The dumplings are usually&#8230;<\/p>\n","protected":false},"featured_media":7452,"comment_status":"open","ping_status":"closed","template":"","meta":[],"etheme_brands":[{"term_id":194,"name":"Longyu","slug":"longyu","term_group":0,"term_taxonomy_id":194,"taxonomy":"brand","description":"","parent":0,"count":72,"filter":"raw"}],"product_cat":[54],"product_tag":[84,136,137,138,139],"_links":{"self":[{"href":"https:\/\/www.cncmarketi.com\/index.php\/wp-json\/wp\/v2\/product\/7457"}],"collection":[{"href":"https:\/\/www.cncmarketi.com\/index.php\/wp-json\/wp\/v2\/product"}],"about":[{"href":"https:\/\/www.cncmarketi.com\/index.php\/wp-json\/wp\/v2\/types\/product"}],"replies":[{"embeddable":true,"href":"https:\/\/www.cncmarketi.com\/index.php\/wp-json\/wp\/v2\/comments?post=7457"}],"version-history":[{"count":0,"href":"https:\/\/www.cncmarketi.com\/index.php\/wp-json\/wp\/v2\/product\/7457\/revisions"}],"wp:featuredmedia":[{"embeddable":true,"href":"https:\/\/www.cncmarketi.com\/index.php\/wp-json\/wp\/v2\/media\/7452"}],"wp:attachment":[{"href":"https:\/\/www.cncmarketi.com\/index.php\/wp-json\/wp\/v2\/media?parent=7457"}],"wp:term":[{"taxonomy":"brand","embeddable":true,"href":"https:\/\/www.cncmarketi.com\/index.php\/wp-json\/wp\/v2\/etheme_brands?post=7457"},{"taxonomy":"product_cat","embeddable":true,"href":"https:\/\/www.cncmarketi.com\/index.php\/wp-json\/wp\/v2\/product_cat?post=7457"},{"taxonomy":"product_tag","embeddable":true,"href":"https:\/\/www.cncmarketi.com\/index.php\/wp-json\/wp\/v2\/product_tag?post=7457"}],"curies":[{"name":"wp","href":"https:\/\/api.w.org\/{rel}","templated":true}]}}