{"id":7447,"date":"2023-08-13T15:54:09","date_gmt":"2023-08-13T12:54:09","guid":{"rendered":"https:\/\/www.cncmarketi.com\/index.php\/product\/sv-180-steam-bok-makinesi-otomatik-gida-makineleri-fabrikasi\/"},"modified":"2023-08-13T16:10:49","modified_gmt":"2023-08-13T13:10:49","slug":"sv-180-steam-bok-makinesi-otomatik-gida-makineleri-fabrikasi","status":"publish","type":"product","link":"https:\/\/www.cncmarketi.com\/index.php\/product\/sv-180-steam-bok-makinesi-otomatik-gida-makineleri-fabrikasi\/","title":{"rendered":"SV-180 Steam B\u00f6k Makinesi | Otomatik G\u0131da Makineleri Fabrikas\u0131"},"content":{"rendered":"<p>Steamed Bun Machine<br \/>\nSV-180 steamed bun\/baozi machine is an excellent equipment for food processing factories to make steamed buns or similar stuffed foods. Small and easy to operate, it is also suitable for stores or home. It meets the food hygiene requirements of SB140-83 published by my country. It is first designed by our company in China to provide machinery manufacturing for Chinese traditional food buns and similar food.<br \/>\nFor more details, pls send an inquiry!<br \/>\nRelated products<\/p>\n","protected":false},"excerpt":{"rendered":"<p>Steamed Bun Machine SV-180 steamed bun\/baozi machine is an excellent equipment for food processing factories to make steamed buns or similar stuffed foods. Small and&#8230;<\/p>\n","protected":false},"featured_media":7446,"comment_status":"open","ping_status":"closed","template":"","meta":[],"etheme_brands":[{"term_id":194,"name":"Longyu","slug":"longyu","term_group":0,"term_taxonomy_id":194,"taxonomy":"brand","description":"","parent":0,"count":72,"filter":"raw"}],"product_cat":[54],"product_tag":[],"_links":{"self":[{"href":"https:\/\/www.cncmarketi.com\/index.php\/wp-json\/wp\/v2\/product\/7447"}],"collection":[{"href":"https:\/\/www.cncmarketi.com\/index.php\/wp-json\/wp\/v2\/product"}],"about":[{"href":"https:\/\/www.cncmarketi.com\/index.php\/wp-json\/wp\/v2\/types\/product"}],"replies":[{"embeddable":true,"href":"https:\/\/www.cncmarketi.com\/index.php\/wp-json\/wp\/v2\/comments?post=7447"}],"version-history":[{"count":0,"href":"https:\/\/www.cncmarketi.com\/index.php\/wp-json\/wp\/v2\/product\/7447\/revisions"}],"wp:featuredmedia":[{"embeddable":true,"href":"https:\/\/www.cncmarketi.com\/index.php\/wp-json\/wp\/v2\/media\/7446"}],"wp:attachment":[{"href":"https:\/\/www.cncmarketi.com\/index.php\/wp-json\/wp\/v2\/media?parent=7447"}],"wp:term":[{"taxonomy":"brand","embeddable":true,"href":"https:\/\/www.cncmarketi.com\/index.php\/wp-json\/wp\/v2\/etheme_brands?post=7447"},{"taxonomy":"product_cat","embeddable":true,"href":"https:\/\/www.cncmarketi.com\/index.php\/wp-json\/wp\/v2\/product_cat?post=7447"},{"taxonomy":"product_tag","embeddable":true,"href":"https:\/\/www.cncmarketi.com\/index.php\/wp-json\/wp\/v2\/product_tag?post=7447"}],"curies":[{"name":"wp","href":"https:\/\/api.w.org\/{rel}","templated":true}]}}