{"id":7377,"date":"2023-08-13T15:53:19","date_gmt":"2023-08-13T12:53:19","guid":{"rendered":"https:\/\/www.cncmarketi.com\/index.php\/product\/sv-209-simit-uretim-seri-otomatik-gida-makineleri-fabrikasi\/"},"modified":"2023-08-13T16:11:03","modified_gmt":"2023-08-13T13:11:03","slug":"sv-209-simit-uretim-seri-otomatik-gida-makineleri-fabrikasi","status":"publish","type":"product","link":"https:\/\/www.cncmarketi.com\/index.php\/product\/sv-209-simit-uretim-seri-otomatik-gida-makineleri-fabrikasi\/","title":{"rendered":"SV-209 Simit \u00dcretim Seri | Otomatik G\u0131da Makineleri Fabrikas\u0131"},"content":{"rendered":"<p>Bagel Machine Line<br \/>\nBagel, doughnut-shaped yeast-leavened roll that is characterized by a crisp, shiny crust and a dense interior. Long regarded as a Jewish specialty item, the bagel is commonly eaten as a breakfast food or snack, often with toppings such as cream cheese and smoked salmon.<br \/>\nLet me introduce our lastest automatic machine line SV-209 Bagel Production Serie, which has 8 pieces of equipment that consists of dough mixer, dough conveying machine, dough pressing machine, dough dividing machine, main machine, pinching cutting machine, bagel forming machine and tray arranging machine. The max capacity is 1800 pcs\/h.<br \/>\nDescription<br \/>\nWhat exactly is a Bagel?<br \/>\nA bagel is made by first cooking it in water-very hot boiling water-for one or two minutes to lock in its flavor. Then it\u2019s browned in the oven to create that hard, delectable crust. This process produces a dense, chewy roll with a crisp exterior, no doubt giving rise to the name \u201ccement doughnut.\u201d Of course, bagels have evolved over the years to include not only egg to make the roll a bit lighter, but also spices, herbs, and fruit to give added flavor.<br \/>\nThe advantage of SV-209 Bagel Production Serie<br \/>\nThe tipping bucket dough mixer can be used with the flour supply equipment to complete the dough mixing, then transfering to the dough spiral mixer;<br \/>\nThe dough pressing machines is another major technological breakthrough made by the R&#038;D department: it is composed of two sets of equipment, transfering, pre-pressing and quantitative cutting, which saves the work of manual division, transferring and carrying. Maitaining the high-level of automation between equipemnts.<br \/>\nAfter the dough is ready, it will be divided quantitatively and send to the pressing machine, the pressing machine will automatically roll and fold repeatedly until dough becomes ractangle shape in perfect texture and smooth.<br \/>\nThe three-piece set of machine consists of main machine, pinching cutting machine and bagel forming machine. The main propose of this set of machine is to ensure each bagel weight and shape are the same, which has various kinds of moldings.<br \/>\nThe tray arrangement system is the last procedure before the bread rise. First put the bread into the baking tray, and then move the baking tray to the trolley. The plate arranging machine is a new product developed last year. Its appearance takes the automation of the bagel production serie to the next level.<\/p>\n","protected":false},"excerpt":{"rendered":"<p>Bagel Machine Line Bagel, doughnut-shaped yeast-leavened roll that is characterized by a crisp, shiny crust and a dense interior. Long regarded as a Jewish specialty&#8230;<\/p>\n","protected":false},"featured_media":7373,"comment_status":"open","ping_status":"closed","template":"","meta":[],"etheme_brands":[{"term_id":194,"name":"Longyu","slug":"longyu","term_group":0,"term_taxonomy_id":194,"taxonomy":"brand","description":"","parent":0,"count":72,"filter":"raw"}],"product_cat":[54],"product_tag":[112,113],"_links":{"self":[{"href":"https:\/\/www.cncmarketi.com\/index.php\/wp-json\/wp\/v2\/product\/7377"}],"collection":[{"href":"https:\/\/www.cncmarketi.com\/index.php\/wp-json\/wp\/v2\/product"}],"about":[{"href":"https:\/\/www.cncmarketi.com\/index.php\/wp-json\/wp\/v2\/types\/product"}],"replies":[{"embeddable":true,"href":"https:\/\/www.cncmarketi.com\/index.php\/wp-json\/wp\/v2\/comments?post=7377"}],"version-history":[{"count":0,"href":"https:\/\/www.cncmarketi.com\/index.php\/wp-json\/wp\/v2\/product\/7377\/revisions"}],"wp:featuredmedia":[{"embeddable":true,"href":"https:\/\/www.cncmarketi.com\/index.php\/wp-json\/wp\/v2\/media\/7373"}],"wp:attachment":[{"href":"https:\/\/www.cncmarketi.com\/index.php\/wp-json\/wp\/v2\/media?parent=7377"}],"wp:term":[{"taxonomy":"brand","embeddable":true,"href":"https:\/\/www.cncmarketi.com\/index.php\/wp-json\/wp\/v2\/etheme_brands?post=7377"},{"taxonomy":"product_cat","embeddable":true,"href":"https:\/\/www.cncmarketi.com\/index.php\/wp-json\/wp\/v2\/product_cat?post=7377"},{"taxonomy":"product_tag","embeddable":true,"href":"https:\/\/www.cncmarketi.com\/index.php\/wp-json\/wp\/v2\/product_tag?post=7377"}],"curies":[{"name":"wp","href":"https:\/\/api.w.org\/{rel}","templated":true}]}}