{"id":7364,"date":"2023-08-13T15:53:06","date_gmt":"2023-08-13T12:53:06","guid":{"rendered":"https:\/\/www.cncmarketi.com\/index.php\/product\/sv-209-steam-bun-makine-maker-hatti-otomatik-gida-makineleri-fabrikasi\/"},"modified":"2023-08-13T16:11:04","modified_gmt":"2023-08-13T13:11:04","slug":"sv-209-steam-bun-makine-maker-hatti-otomatik-gida-makineleri-fabrikasi","status":"publish","type":"product","link":"https:\/\/www.cncmarketi.com\/index.php\/product\/sv-209-steam-bun-makine-maker-hatti-otomatik-gida-makineleri-fabrikasi\/","title":{"rendered":"SV-209 Steam BUN MAK\u0130NE MAKER HATTI | Otomatik G\u0131da Makineleri Fabrikas\u0131"},"content":{"rendered":"<p>Steamed Bun Machine<br \/>\nSV-209 industrial multifunctional steam bun machine maker is suitable for the production of steamed buns in the factory. This equipment replicates the manual production process and successfully maintains the skin toughness of the steamed buns, saving a lot of time and labor costs in the factory. It is an excellent equipment for food factories. SV-209 production line can also make other kinds of bread. Such as toast, baguette, pastry, hamburger bread and so on.<br \/>\nif you want to get more informations pls send an inquiry<\/p>\n","protected":false},"excerpt":{"rendered":"<p>Steamed Bun Machine SV-209 industrial multifunctional steam bun machine maker is suitable for the production of steamed buns in the factory. This equipment replicates the&#8230;<\/p>\n","protected":false},"featured_media":7363,"comment_status":"open","ping_status":"closed","template":"","meta":[],"etheme_brands":[{"term_id":194,"name":"Longyu","slug":"longyu","term_group":0,"term_taxonomy_id":194,"taxonomy":"brand","description":"","parent":0,"count":72,"filter":"raw"}],"product_cat":[54],"product_tag":[101,102,103],"_links":{"self":[{"href":"https:\/\/www.cncmarketi.com\/index.php\/wp-json\/wp\/v2\/product\/7364"}],"collection":[{"href":"https:\/\/www.cncmarketi.com\/index.php\/wp-json\/wp\/v2\/product"}],"about":[{"href":"https:\/\/www.cncmarketi.com\/index.php\/wp-json\/wp\/v2\/types\/product"}],"replies":[{"embeddable":true,"href":"https:\/\/www.cncmarketi.com\/index.php\/wp-json\/wp\/v2\/comments?post=7364"}],"version-history":[{"count":0,"href":"https:\/\/www.cncmarketi.com\/index.php\/wp-json\/wp\/v2\/product\/7364\/revisions"}],"wp:featuredmedia":[{"embeddable":true,"href":"https:\/\/www.cncmarketi.com\/index.php\/wp-json\/wp\/v2\/media\/7363"}],"wp:attachment":[{"href":"https:\/\/www.cncmarketi.com\/index.php\/wp-json\/wp\/v2\/media?parent=7364"}],"wp:term":[{"taxonomy":"brand","embeddable":true,"href":"https:\/\/www.cncmarketi.com\/index.php\/wp-json\/wp\/v2\/etheme_brands?post=7364"},{"taxonomy":"product_cat","embeddable":true,"href":"https:\/\/www.cncmarketi.com\/index.php\/wp-json\/wp\/v2\/product_cat?post=7364"},{"taxonomy":"product_tag","embeddable":true,"href":"https:\/\/www.cncmarketi.com\/index.php\/wp-json\/wp\/v2\/product_tag?post=7364"}],"curies":[{"name":"wp","href":"https:\/\/api.w.org\/{rel}","templated":true}]}}