{"id":7295,"date":"2023-08-13T15:51:38","date_gmt":"2023-08-13T12:51:38","guid":{"rendered":"https:\/\/www.cncmarketi.com\/index.php\/product\/sv-700a-tek-renkli-cerez-makinesi-otomatik-gida-makineleri-fabrikasi-2\/"},"modified":"2023-08-13T16:11:21","modified_gmt":"2023-08-13T13:11:21","slug":"sv-700a-tek-renkli-cerez-makinesi-otomatik-gida-makineleri-fabrikasi-2","status":"publish","type":"product","link":"https:\/\/www.cncmarketi.com\/index.php\/product\/sv-700a-tek-renkli-cerez-makinesi-otomatik-gida-makineleri-fabrikasi-2\/","title":{"rendered":"SV-700A Tek Renkli \u00c7erez Makinesi | Otomatik G\u0131da Makineleri Fabrikas\u0131"},"content":{"rendered":"<p>Cookies\/Biscuit machine<br \/>\nThe SV-700A Single Color Cookies Machine provides a cost-effective solution for cookie factories with a space-saving design. The design of the roller and the storage bin adopts two structural principles respectively, so that the production of cakes and butter products can share the same body with biscuits to meet the diversification of biscuits. PLC intelligent programming can meet the random changes in the shape, pattern and style of the cookie machine, whether it is wire twisting or wire cutting, making the product variety rich and flexible. If you make small, soft cookies, you usually use the medium style. If you encounter relatively dry and hard particles or raw materials, or the product diameter exceeds 5 cm, you need to use a large style.If you want to make three-color cookies, you need to choose SV-700C Cookies machine<br \/>\nFor more information, please send an inquiry!<br \/>\nDescription<br \/>\nMachine size: 124*98*131cm<br \/>\nProduction speed: 0-45 rows\/min<br \/>\nVoltage: Single-phase 220V<br \/>\nPower: 3.5KW<br \/>\nMachine weight: 250kg<br \/>\nProduct seed volume: 10-270g<br \/>\nMachine Advantages<br \/>\nPLC intelligent programming, with 99 kinds of product memory function, easy to operate, and can also count production capacity, which is convenient for production management.<br \/>\npattern and style of the cookie machine whether it is twisting or wire cutting, making the product types abundant and flexible.<br \/>\nOne machine is multi-purpose; it can be equipped with twisting device, wire cutting device, and various molds for reference.<br \/>\nEquipped with safety devices to prevent accidents.<br \/>\nFour servo controls for discharging, conveying, twisting, and lifting, and can make various laminated products, such as Jenny cookies.<\/p>\n","protected":false},"excerpt":{"rendered":"<p>Cookies\/Biscuit machine The SV-700A Single Color Cookies Machine provides a cost-effective solution for cookie factories with a space-saving design. The design of the roller and&#8230;<\/p>\n","protected":false},"featured_media":7294,"comment_status":"open","ping_status":"closed","template":"","meta":[],"etheme_brands":[{"term_id":194,"name":"Longyu","slug":"longyu","term_group":0,"term_taxonomy_id":194,"taxonomy":"brand","description":"","parent":0,"count":72,"filter":"raw"}],"product_cat":[54],"product_tag":[],"_links":{"self":[{"href":"https:\/\/www.cncmarketi.com\/index.php\/wp-json\/wp\/v2\/product\/7295"}],"collection":[{"href":"https:\/\/www.cncmarketi.com\/index.php\/wp-json\/wp\/v2\/product"}],"about":[{"href":"https:\/\/www.cncmarketi.com\/index.php\/wp-json\/wp\/v2\/types\/product"}],"replies":[{"embeddable":true,"href":"https:\/\/www.cncmarketi.com\/index.php\/wp-json\/wp\/v2\/comments?post=7295"}],"version-history":[{"count":0,"href":"https:\/\/www.cncmarketi.com\/index.php\/wp-json\/wp\/v2\/product\/7295\/revisions"}],"wp:featuredmedia":[{"embeddable":true,"href":"https:\/\/www.cncmarketi.com\/index.php\/wp-json\/wp\/v2\/media\/7294"}],"wp:attachment":[{"href":"https:\/\/www.cncmarketi.com\/index.php\/wp-json\/wp\/v2\/media?parent=7295"}],"wp:term":[{"taxonomy":"brand","embeddable":true,"href":"https:\/\/www.cncmarketi.com\/index.php\/wp-json\/wp\/v2\/etheme_brands?post=7295"},{"taxonomy":"product_cat","embeddable":true,"href":"https:\/\/www.cncmarketi.com\/index.php\/wp-json\/wp\/v2\/product_cat?post=7295"},{"taxonomy":"product_tag","embeddable":true,"href":"https:\/\/www.cncmarketi.com\/index.php\/wp-json\/wp\/v2\/product_tag?post=7295"}],"curies":[{"name":"wp","href":"https:\/\/api.w.org\/{rel}","templated":true}]}}