{"id":7284,"date":"2023-08-13T15:51:34","date_gmt":"2023-08-13T12:51:34","guid":{"rendered":"https:\/\/www.cncmarketi.com\/index.php\/product\/otomatik-cerez-uretim-hatti-otomatik-gida-makineleri-fabrikasi\/"},"modified":"2023-08-13T16:11:21","modified_gmt":"2023-08-13T13:11:21","slug":"otomatik-cerez-uretim-hatti-otomatik-gida-makineleri-fabrikasi","status":"publish","type":"product","link":"https:\/\/www.cncmarketi.com\/index.php\/product\/otomatik-cerez-uretim-hatti-otomatik-gida-makineleri-fabrikasi\/","title":{"rendered":"Otomatik \u00c7erez \u00dcretim Hatt\u0131 | Otomatik G\u0131da Makineleri Fabrikas\u0131"},"content":{"rendered":"<p>Automatic Cookie Production Line<br \/>\nShanghai Longyu Electro-Mechanic Technology Co., Ltd, located in Shanghai, and has agents or branches in Hangzhou, Beijing, Wuhan, Indonesia, Malaysia, Serbia, the Philippines, the United States, Lebanon and other places. It is a leading enterprise in the Chinese food machinery industry, and has cooperated with all famous food factories in China, such as Daoxiangcun, Haolilai, Mengniu, Yuanzu Food, etc.<br \/>\nEncrusting machine is the best-selling machine in Longyu Company, due to its diversity, versatility and flexibility. With various cookie molds and equipment, users can make cookies of various shapes, more than 200 kinds! Astonishing! !<br \/>\nThrough changing the devices and cookie molds, the SV-208A encrusting machine can roughly make three types of cookies\uff1a wire cut cookies, long strip cookies, stuffed cookies.<br \/>\nWith the cutter( for cutting dough into round shape), the cookie encrusting machine can make round products, such as chocolate stuffed cookies, dates cookies. when opening the function of top structure, the machine also can make flat product. Through changing different extrusion molds, the shapes and patterns of the cookies can be different.For example, here are two types of cookies with double-color skin and one filling. One has a smooth surface and the other has distinct raised lines.<br \/>\nThe power of the wire cutting device comes from the air pressure provided by the air compressor. It can cut the extruded cookie dough into small pieces with uniform thickness. Of course, users can control the thickness of cookie by adjusting the speed of wire cutting device. Longyu company uses piano wire as the cutting wire, which can make the surface of the cookie smooth and not rough. With the wire cutting device, the cookie making machine can make cookies in different shapes, such as panda shape, love shape, mosaic shape, bear shape, penguin shape, Christmas tree shape, smiley face shape, lion shape, flower shape, etc.<br \/>\nBlade cutting device is a self-contained unit that can be moved. It is also controlled by air pressure. By adjusting the air pressure, the speed of the blade can be changed, thereby changing the length of the cookie bar. We use imported blades, where the cookie dough will not stick. Keeping the product in good shape.<br \/>\nBesides the cookie bars, SV-208A encrusting machine also can make date bar, protein bar, energy bar, peanut butter bar and so on. Over the years, the continuous production and improvement of the cookie machine has accumulated more pattern molds and programming solutions, and customers can freely choose from the abundant products in the mold catalog. We also can customize the extrusion mold according to customer\u2019s need.<br \/>\nStamping device is the most popular device as it can make not only cookies but also maamoul\/mooncake. Different stamping molds make different shapes of cookies. and the size of the stamping molds( length, width and height) can be customized according to sample picture.<br \/>\nSV-208A encrusting machine is developed on the basis of SV-208 encrusting machine. Compared with the SV-208 encrusting machine, there is one more jam hopper, a total of three hoppers, which can make three colors of cookies, such as, cookies with double-color skin and one filling, or with double-fillings and one color, or with 3-color skin, etc.<br \/>\nWell, we have other types of encrusting machine: SV-208B encrusting machine has 4 hoppers, so it can make 4-color cookies; SV-208C encrusting machine has 5 hoppers, so it can make 5-color cookie, such as rainbow cookies.<br \/>\nCookie Encrusting Machine Parameters<br \/>\nModel: SV-208A<br \/>\nMachine Size: 168*86*170cm<br \/>\nMachnie weight: 360KG<br \/>\nPower: 1.75KW<br \/>\nVoltage: 220V 50\/60Hz Single Phrase<br \/>\nCapacity: 60-110pcs\/min<br \/>\nProduct Weight: 10-270g<br \/>\nCookies Machine Details<br \/>\nFeasures<br \/>\n304 stainless steel, food grade material, durable and easy to clean.<br \/>\nHigh speed. the max speed can reach 120 pcs\/min, faster than others.<br \/>\nSmall weight error, about within 1g, stable product weight.<br \/>\nPLC intelligent touch screen, easy to operate for beginners.<br \/>\nFamous electric components, OTG motor, Delta PLC &#038; inverters, make the machine operational performance more stabler.<br \/>\nCan save the production data of 99 products\uff0c just need to adjust the parameters one time for single product.<br \/>\nVarious kinds of products can be made, more than 100.<br \/>\nMany devices and molds can be choose, very flexible.<br \/>\n12-month warranty.<br \/>\nDetailed instruction manuals, training videos.<\/p>\n<p>8-2=?<\/p>\n","protected":false},"excerpt":{"rendered":"<p>Automatic Cookie Production Line Shanghai Longyu Electro-Mechanic Technology Co., Ltd, located in Shanghai, and has agents or branches in Hangzhou, Beijing, Wuhan, Indonesia, Malaysia, Serbia,&#8230;<\/p>\n","protected":false},"featured_media":7280,"comment_status":"open","ping_status":"closed","template":"","meta":[],"etheme_brands":[{"term_id":194,"name":"Longyu","slug":"longyu","term_group":0,"term_taxonomy_id":194,"taxonomy":"brand","description":"","parent":0,"count":72,"filter":"raw"}],"product_cat":[54],"product_tag":[70,71,72,73,74,75,76],"_links":{"self":[{"href":"https:\/\/www.cncmarketi.com\/index.php\/wp-json\/wp\/v2\/product\/7284"}],"collection":[{"href":"https:\/\/www.cncmarketi.com\/index.php\/wp-json\/wp\/v2\/product"}],"about":[{"href":"https:\/\/www.cncmarketi.com\/index.php\/wp-json\/wp\/v2\/types\/product"}],"replies":[{"embeddable":true,"href":"https:\/\/www.cncmarketi.com\/index.php\/wp-json\/wp\/v2\/comments?post=7284"}],"version-history":[{"count":0,"href":"https:\/\/www.cncmarketi.com\/index.php\/wp-json\/wp\/v2\/product\/7284\/revisions"}],"wp:featuredmedia":[{"embeddable":true,"href":"https:\/\/www.cncmarketi.com\/index.php\/wp-json\/wp\/v2\/media\/7280"}],"wp:attachment":[{"href":"https:\/\/www.cncmarketi.com\/index.php\/wp-json\/wp\/v2\/media?parent=7284"}],"wp:term":[{"taxonomy":"brand","embeddable":true,"href":"https:\/\/www.cncmarketi.com\/index.php\/wp-json\/wp\/v2\/etheme_brands?post=7284"},{"taxonomy":"product_cat","embeddable":true,"href":"https:\/\/www.cncmarketi.com\/index.php\/wp-json\/wp\/v2\/product_cat?post=7284"},{"taxonomy":"product_tag","embeddable":true,"href":"https:\/\/www.cncmarketi.com\/index.php\/wp-json\/wp\/v2\/product_tag?post=7284"}],"curies":[{"name":"wp","href":"https:\/\/api.w.org\/{rel}","templated":true}]}}