{"id":7186,"date":"2023-08-10T22:34:27","date_gmt":"2023-08-10T19:34:27","guid":{"rendered":"https:\/\/www.cncmarketi.com\/index.php\/product\/toroid-kanca-sargi-makinesi-sarici-cekme-wh-200\/"},"modified":"2023-08-10T22:43:10","modified_gmt":"2023-08-10T19:43:10","slug":"toroid-kanca-sargi-makinesi-sarici-cekme-wh-200","status":"publish","type":"product","link":"https:\/\/www.cncmarketi.com\/index.php\/product\/toroid-kanca-sargi-makinesi-sarici-cekme-wh-200\/","title":{"rendered":"Toroid Kanca Sarg\u0131 Makinesi (Sar\u0131c\u0131 \u00c7ekme) Wh-200"},"content":{"rendered":"<p>Specification<\/p>\n<p> Programming<br \/>\n Digital controller capable of holding data for 999 winding operations, Fully programmable pitch per turn (wire spacing). Start position, winding direction and segment winding angle programmable.<br \/>\n In semi-automatic mode, hold-time is programmable at top and bottom of stroke<br \/>\n Control<br \/>\n Pneumatically operated hook<br \/>\n Stroke<br \/>\n adjustable stroke length &#8211; via magnetic sensors<br \/>\n Turns<br \/>\n counted by digital controller<\/p>\n<p> Full control of core rotation using stepping motor<br \/>\n Package Includes<br \/>\n full height cabinet, digital controller and one hook Air cylinder, filter &#038; regulator; stepper motor system, and footswitch<br \/>\n Hook sizes<br \/>\n 3 standard hook sizes, with specials available<br \/>\n Wire range<br \/>\n 0.3 ~ 2.2 mm<br \/>\n Core O.D.<br \/>\n range 15 ~ 80 mm<br \/>\n Air supply<br \/>\n Typically 5 Bar<br \/>\n Power supply<br \/>\n AC 230 \/110 V \u00b1 10%, 50 \u2013 60 Hz<br \/>\n Dimensions<br \/>\n 70 x 55 x 150 cm<br \/>\n Hook data<\/p>\n<p> Hook type H5 H8 H10<br \/>\n Hook size 5 mm 8 mm> 10 mm<br \/>\n Min. finished I.D.<br \/>\n 8 mm 11 mm 14 mm<br \/>\n Hook Winder: image 1 0f 4 thumb<br \/>\n Hook Winder: image 2 0f 4 thumb<br \/>\n Hook Winder: image 3 0f 4 thumb<br \/>\n Hook Winder: image 4 0f 4 thumb<\/p>\n<p> Click for larger image<br \/>\n Hook winding (a.k.a. pull winding) is a useful technique for manufacturing toroidal products where the Inside Diameter (I.D.) of the toroid is too small for a conventional shuttle or magazine to pass through it.<\/p>\n<p> A pre-cut length of wire is pulled though the centre of the toroidal core by means of a hook driven by a pneumatic cylinder, the stroke length being adjustable by means of magnetic sensors.<br \/>\n The CNC unit automatically rotates the core of the toroid as each turn is applied.<\/p>\n<p> Since there is no requirement to pre-load wire onto a shuttle before winding the wire onto a toroid, this winding method can often be faster and more efficient than conventional toroid winding machines for production of toroidal devices with low turns count and large wire, e.g. many chokes, filters and ballasts.<\/p>\n","protected":false},"excerpt":{"rendered":"<p>Specification Programming Digital controller capable of holding data for 999 winding operations, Fully programmable pitch per turn (wire spacing). Start position, winding direction and segment&#8230;<\/p>\n","protected":false},"featured_media":7010,"comment_status":"open","ping_status":"closed","template":"","meta":[],"etheme_brands":[{"term_id":68,"name":"Ingrid West","slug":"ingrid-west","term_group":0,"term_taxonomy_id":68,"taxonomy":"brand","description":"","parent":0,"count":60,"filter":"raw"}],"product_cat":[63],"product_tag":[],"_links":{"self":[{"href":"https:\/\/www.cncmarketi.com\/index.php\/wp-json\/wp\/v2\/product\/7186"}],"collection":[{"href":"https:\/\/www.cncmarketi.com\/index.php\/wp-json\/wp\/v2\/product"}],"about":[{"href":"https:\/\/www.cncmarketi.com\/index.php\/wp-json\/wp\/v2\/types\/product"}],"replies":[{"embeddable":true,"href":"https:\/\/www.cncmarketi.com\/index.php\/wp-json\/wp\/v2\/comments?post=7186"}],"version-history":[{"count":0,"href":"https:\/\/www.cncmarketi.com\/index.php\/wp-json\/wp\/v2\/product\/7186\/revisions"}],"wp:featuredmedia":[{"embeddable":true,"href":"https:\/\/www.cncmarketi.com\/index.php\/wp-json\/wp\/v2\/media\/7010"}],"wp:attachment":[{"href":"https:\/\/www.cncmarketi.com\/index.php\/wp-json\/wp\/v2\/media?parent=7186"}],"wp:term":[{"taxonomy":"brand","embeddable":true,"href":"https:\/\/www.cncmarketi.com\/index.php\/wp-json\/wp\/v2\/etheme_brands?post=7186"},{"taxonomy":"product_cat","embeddable":true,"href":"https:\/\/www.cncmarketi.com\/index.php\/wp-json\/wp\/v2\/product_cat?post=7186"},{"taxonomy":"product_tag","embeddable":true,"href":"https:\/\/www.cncmarketi.com\/index.php\/wp-json\/wp\/v2\/product_tag?post=7186"}],"curies":[{"name":"wp","href":"https:\/\/api.w.org\/{rel}","templated":true}]}}