{"id":7180,"date":"2023-08-10T21:45:16","date_gmt":"2023-08-10T18:45:16","guid":{"rendered":"https:\/\/www.cncmarketi.com\/index.php\/product\/yapistirici-etiket-dagitim-makinesi\/"},"modified":"2023-08-10T22:43:10","modified_gmt":"2023-08-10T19:43:10","slug":"yapistirici-etiket-dagitim-makinesi","status":"publish","type":"product","link":"https:\/\/www.cncmarketi.com\/index.php\/product\/yapistirici-etiket-dagitim-makinesi\/","title":{"rendered":"Yap\u0131\u015ft\u0131r\u0131c\u0131 Etiket Da\u011f\u0131t\u0131m Makinesi"},"content":{"rendered":"<p>Specification<\/p>\n<p> Label counter<br \/>\n 0 &#8211; 999999 pcs<br \/>\n Roll ID (min)<br \/>\n 25 mm<br \/>\n Roll OD (max)<br \/>\n 250 mm<br \/>\n Label Length<br \/>\n 3 to 150mm<br \/>\n Label Width<br \/>\n 4 to 140mm<br \/>\n Feed Speed<br \/>\n 16 \u2013 130 mm\/Sec \u2013 adjustable via dial<br \/>\n Power<br \/>\n AC 230 V \u00b1 10%, 50 &#8211; 60hz<br \/>\n Dimensions<br \/>\n 210 L * 210 W * 220 H (mm)<br \/>\n Net weight<br \/>\n 4.5 kg<br \/>\n CE cert.<br \/>\n No.AE9955093 01<br \/>\n electronic label dispenser<br \/>\n Click for larger image<br \/>\n Key Features<br \/>\n Ideal for small labels and small work areas<br \/>\n Will dispense labels and die-cut parts<br \/>\n Photo sensor Accuracy and Reliability<br \/>\n Automatically removes paper, vinyl, acetate, polyester, foil, etc. from its liner<br \/>\n Automatically rewinds liner scrap for a cleaner working environment<br \/>\n Liner scrap is easily removed<br \/>\n No maintenance required<br \/>\n Adjustable strip plate for hard-to-release labels<br \/>\n High Torque Motor for large diameter label rolls.<\/p>\n","protected":false},"excerpt":{"rendered":"<p>Specification Label counter 0 &#8211; 999999 pcs Roll ID (min) 25 mm Roll OD (max) 250 mm Label Length 3 to 150mm Label Width 4&#8230;<\/p>\n","protected":false},"featured_media":7179,"comment_status":"open","ping_status":"closed","template":"","meta":[],"etheme_brands":[{"term_id":68,"name":"Ingrid West","slug":"ingrid-west","term_group":0,"term_taxonomy_id":68,"taxonomy":"brand","description":"","parent":0,"count":60,"filter":"raw"}],"product_cat":[63],"product_tag":[],"_links":{"self":[{"href":"https:\/\/www.cncmarketi.com\/index.php\/wp-json\/wp\/v2\/product\/7180"}],"collection":[{"href":"https:\/\/www.cncmarketi.com\/index.php\/wp-json\/wp\/v2\/product"}],"about":[{"href":"https:\/\/www.cncmarketi.com\/index.php\/wp-json\/wp\/v2\/types\/product"}],"replies":[{"embeddable":true,"href":"https:\/\/www.cncmarketi.com\/index.php\/wp-json\/wp\/v2\/comments?post=7180"}],"version-history":[{"count":0,"href":"https:\/\/www.cncmarketi.com\/index.php\/wp-json\/wp\/v2\/product\/7180\/revisions"}],"wp:featuredmedia":[{"embeddable":true,"href":"https:\/\/www.cncmarketi.com\/index.php\/wp-json\/wp\/v2\/media\/7179"}],"wp:attachment":[{"href":"https:\/\/www.cncmarketi.com\/index.php\/wp-json\/wp\/v2\/media?parent=7180"}],"wp:term":[{"taxonomy":"brand","embeddable":true,"href":"https:\/\/www.cncmarketi.com\/index.php\/wp-json\/wp\/v2\/etheme_brands?post=7180"},{"taxonomy":"product_cat","embeddable":true,"href":"https:\/\/www.cncmarketi.com\/index.php\/wp-json\/wp\/v2\/product_cat?post=7180"},{"taxonomy":"product_tag","embeddable":true,"href":"https:\/\/www.cncmarketi.com\/index.php\/wp-json\/wp\/v2\/product_tag?post=7180"}],"curies":[{"name":"wp","href":"https:\/\/api.w.org\/{rel}","templated":true}]}}