{"id":7174,"date":"2023-08-10T21:45:15","date_gmt":"2023-08-10T18:45:15","guid":{"rendered":"https:\/\/www.cncmarketi.com\/index.php\/product\/katmanli-transformator-laminasyonlari-icin-laminatorler\/"},"modified":"2023-08-10T22:43:11","modified_gmt":"2023-08-10T19:43:11","slug":"katmanli-transformator-laminasyonlari-icin-laminatorler","status":"publish","type":"product","link":"https:\/\/www.cncmarketi.com\/index.php\/product\/katmanli-transformator-laminasyonlari-icin-laminatorler\/","title":{"rendered":"Katmanl\u0131 Transformat\u00f6r Laminasyonlar\u0131 \u0130\u00e7in Laminat\u00f6rler."},"content":{"rendered":"<p>Key Specifications\/Special Features:<\/p>\n<p> These machines stack standard EI, UI &#038; EE laminations in a wide range of sizes, from EI-19 to EI-162.<br \/>\n Other sizes are available, Please contact us to discuss your requirements.<\/p>\n<p> Lamination thicknesses of 0.35 mm to 0.5 mm are stacked at up to 300 pieces per minute, either manually or automatically, with full interleaving.<\/p>\n<p> Custom OEM sizes also available<\/p>\n","protected":false},"excerpt":{"rendered":"<p>Key Specifications\/Special Features: These machines stack standard EI, UI &#038; EE laminations in a wide range of sizes, from EI-19 to EI-162. Other sizes are&#8230;<\/p>\n","protected":false},"featured_media":7171,"comment_status":"open","ping_status":"closed","template":"","meta":[],"etheme_brands":[{"term_id":68,"name":"Ingrid West","slug":"ingrid-west","term_group":0,"term_taxonomy_id":68,"taxonomy":"brand","description":"","parent":0,"count":60,"filter":"raw"}],"product_cat":[63],"product_tag":[],"_links":{"self":[{"href":"https:\/\/www.cncmarketi.com\/index.php\/wp-json\/wp\/v2\/product\/7174"}],"collection":[{"href":"https:\/\/www.cncmarketi.com\/index.php\/wp-json\/wp\/v2\/product"}],"about":[{"href":"https:\/\/www.cncmarketi.com\/index.php\/wp-json\/wp\/v2\/types\/product"}],"replies":[{"embeddable":true,"href":"https:\/\/www.cncmarketi.com\/index.php\/wp-json\/wp\/v2\/comments?post=7174"}],"version-history":[{"count":0,"href":"https:\/\/www.cncmarketi.com\/index.php\/wp-json\/wp\/v2\/product\/7174\/revisions"}],"wp:featuredmedia":[{"embeddable":true,"href":"https:\/\/www.cncmarketi.com\/index.php\/wp-json\/wp\/v2\/media\/7171"}],"wp:attachment":[{"href":"https:\/\/www.cncmarketi.com\/index.php\/wp-json\/wp\/v2\/media?parent=7174"}],"wp:term":[{"taxonomy":"brand","embeddable":true,"href":"https:\/\/www.cncmarketi.com\/index.php\/wp-json\/wp\/v2\/etheme_brands?post=7174"},{"taxonomy":"product_cat","embeddable":true,"href":"https:\/\/www.cncmarketi.com\/index.php\/wp-json\/wp\/v2\/product_cat?post=7174"},{"taxonomy":"product_tag","embeddable":true,"href":"https:\/\/www.cncmarketi.com\/index.php\/wp-json\/wp\/v2\/product_tag?post=7174"}],"curies":[{"name":"wp","href":"https:\/\/api.w.org\/{rel}","templated":true}]}}