{"id":7167,"date":"2023-08-10T21:45:14","date_gmt":"2023-08-10T18:45:14","guid":{"rendered":"https:\/\/www.cncmarketi.com\/index.php\/product\/atlikarinca-yapiskan-bant-dagitim-makinesi-tda-025\/"},"modified":"2023-09-05T20:27:25","modified_gmt":"2023-09-05T17:27:25","slug":"atlikarinca-yapiskan-bant-dagitim-makinesi-tda-025","status":"publish","type":"product","link":"https:\/\/www.cncmarketi.com\/index.php\/product\/atlikarinca-yapiskan-bant-dagitim-makinesi-tda-025\/","title":{"rendered":"Atl\u0131kar\u0131nca Yap\u0131\u015fkan Bant Da\u011f\u0131t\u0131m Makinesi Tda-025"},"content":{"rendered":"<p>Specification<\/p>\n<p> Features<br \/>\n \u2022 Ideal for multi-operator applications<br \/>\n \u2022 Automatic cutter and tape feed<br \/>\n \u2022 Allows up to 20 pieces of tape to be cut at the touch of a button<br \/>\n \u2022 Unique feed system places tape on carousel for easy removal<br \/>\n \u2022 Manual override of preset lengths<br \/>\n \u2022 Accepts 25.4, 32 &#038; 76mm core diameter tapes (max OD 130mm)<br \/>\n \u2022 Safety switch on cover<br \/>\n Tape Width<br \/>\n 3 \u2013 25 mm<br \/>\n Tape Length<br \/>\n 12 &#8211; 60 mm (depending on tape material)<br \/>\n Mounting<br \/>\n On rubber feet making storage simple<br \/>\n Power<br \/>\n AC 230 V \u00b1 10%, 50 &#8211; 60hz<br \/>\n Dimensions<br \/>\n 300 L * 160 W * 160 H (mm)<br \/>\n Net weight<br \/>\n 2.75 kg<br \/>\n CE cert.<br \/>\n No.AE9955093 01<br \/>\n tape dispenser short length<br \/>\n Click for larger image<\/p>\n<p> This automatic machine cuts and dispenses a series of preset lengths of adhesive tape on operator demand.<br \/>\n As this machine places tape onto a rotating disk, or carousel, this tape dispenser is ideal for short lengths of tape. The carousel arrangement is also well suited for sharing between a group of operators in production situations where more than one person needs access to pre-cut tape.<\/p>\n<p> The spacing of the tape on the carousel, and the length of tape to be cut is fully adjustable, and one press of the actuation button can dispense up to 20 pieces of tape at a time.<br \/>\n Please view the video showing this tape dispensing machine in operation.<\/p>\n","protected":false},"excerpt":{"rendered":"<p>Specification Features \u2022 Ideal for multi-operator applications \u2022 Automatic cutter and tape feed \u2022 Allows up to 20 pieces of tape to be cut at&#8230;<\/p>\n","protected":false},"featured_media":7166,"comment_status":"open","ping_status":"closed","template":"","meta":[],"etheme_brands":[{"term_id":68,"name":"Ingrid West","slug":"ingrid-west","term_group":0,"term_taxonomy_id":68,"taxonomy":"brand","description":"","parent":0,"count":60,"filter":"raw"}],"product_cat":[63],"product_tag":[],"_links":{"self":[{"href":"https:\/\/www.cncmarketi.com\/index.php\/wp-json\/wp\/v2\/product\/7167"}],"collection":[{"href":"https:\/\/www.cncmarketi.com\/index.php\/wp-json\/wp\/v2\/product"}],"about":[{"href":"https:\/\/www.cncmarketi.com\/index.php\/wp-json\/wp\/v2\/types\/product"}],"replies":[{"embeddable":true,"href":"https:\/\/www.cncmarketi.com\/index.php\/wp-json\/wp\/v2\/comments?post=7167"}],"version-history":[{"count":0,"href":"https:\/\/www.cncmarketi.com\/index.php\/wp-json\/wp\/v2\/product\/7167\/revisions"}],"wp:featuredmedia":[{"embeddable":true,"href":"https:\/\/www.cncmarketi.com\/index.php\/wp-json\/wp\/v2\/media\/7166"}],"wp:attachment":[{"href":"https:\/\/www.cncmarketi.com\/index.php\/wp-json\/wp\/v2\/media?parent=7167"}],"wp:term":[{"taxonomy":"brand","embeddable":true,"href":"https:\/\/www.cncmarketi.com\/index.php\/wp-json\/wp\/v2\/etheme_brands?post=7167"},{"taxonomy":"product_cat","embeddable":true,"href":"https:\/\/www.cncmarketi.com\/index.php\/wp-json\/wp\/v2\/product_cat?post=7167"},{"taxonomy":"product_tag","embeddable":true,"href":"https:\/\/www.cncmarketi.com\/index.php\/wp-json\/wp\/v2\/product_tag?post=7167"}],"curies":[{"name":"wp","href":"https:\/\/api.w.org\/{rel}","templated":true}]}}