{"id":7163,"date":"2023-08-10T21:45:13","date_gmt":"2023-08-10T18:45:13","guid":{"rendered":"https:\/\/www.cncmarketi.com\/index.php\/product\/bant-dagitici-dogrusal-yem-surumu-iwm-1000\/"},"modified":"2023-08-10T22:43:11","modified_gmt":"2023-08-10T19:43:11","slug":"bant-dagitici-dogrusal-yem-surumu-iwm-1000","status":"publish","type":"product","link":"https:\/\/www.cncmarketi.com\/index.php\/product\/bant-dagitici-dogrusal-yem-surumu-iwm-1000\/","title":{"rendered":"Bant Da\u011f\u0131t\u0131c\u0131 &#8211; Do\u011frusal Yem S\u00fcr\u00fcm\u00fc Iwm -1000"},"content":{"rendered":"<p>Specification<\/p>\n<p> Features<br \/>\n \u2022 Automatic cutter and tape feed<br \/>\n \u2022 Digital length adjustment<br \/>\n \u2022 Adjustable pressure feed to help prevent curling of tape<br \/>\n \u2022 Manual override of preset lengths<br \/>\n \u2022 Accepts 25.4, 32 &#038; 76mm core diameter tapes (max OD 130mm)<br \/>\n \u2022 Safety switch on cover<br \/>\n Tape Width<br \/>\n 7 \u2013 50 mm<br \/>\n Tape Length<br \/>\n 30 &#8211; 999 mm<br \/>\n -depending on tape material<br \/>\n Operation modes<br \/>\n Manual<br \/>\n &#8211; dispenses and cuts any length of tape<br \/>\n &#8211; dispenses and cuts pre programmed length of tape<br \/>\n Automatic<br \/>\n &#8211; pre-cut tape is presented at the front of the machine.<br \/>\n An opto-sensor detects tape removal, and immediately dispenses and cuts (to pre programmed length) fresh tape ready for use.<br \/>\n Mounting<br \/>\n On rubber feet making storage simple<br \/>\n Power<br \/>\n AC 230 V \u00b1 10%, 50 &#8211; 60hz<br \/>\n Dimensions<br \/>\n 218 L * 137 W * 150 H (mm)<br \/>\n Net weight<br \/>\n 3.4 kg<br \/>\n CE cert.<br \/>\n No.AE9955093 01<br \/>\n electronic tape dispenser<br \/>\n Click for larger image<\/p>\n<p> Machine to automatically cut and dispense preset lengths of tape.<br \/>\n This tape dispenser is ideal for longer lengths of tape.<br \/>\n Please take a look at the video demonstration showing this machine in operation.<\/p>\n","protected":false},"excerpt":{"rendered":"<p>Specification Features \u2022 Automatic cutter and tape feed \u2022 Digital length adjustment \u2022 Adjustable pressure feed to help prevent curling of tape \u2022 Manual override&#8230;<\/p>\n","protected":false},"featured_media":7162,"comment_status":"open","ping_status":"closed","template":"","meta":[],"etheme_brands":[{"term_id":68,"name":"Ingrid West","slug":"ingrid-west","term_group":0,"term_taxonomy_id":68,"taxonomy":"brand","description":"","parent":0,"count":60,"filter":"raw"}],"product_cat":[63],"product_tag":[],"_links":{"self":[{"href":"https:\/\/www.cncmarketi.com\/index.php\/wp-json\/wp\/v2\/product\/7163"}],"collection":[{"href":"https:\/\/www.cncmarketi.com\/index.php\/wp-json\/wp\/v2\/product"}],"about":[{"href":"https:\/\/www.cncmarketi.com\/index.php\/wp-json\/wp\/v2\/types\/product"}],"replies":[{"embeddable":true,"href":"https:\/\/www.cncmarketi.com\/index.php\/wp-json\/wp\/v2\/comments?post=7163"}],"version-history":[{"count":0,"href":"https:\/\/www.cncmarketi.com\/index.php\/wp-json\/wp\/v2\/product\/7163\/revisions"}],"wp:featuredmedia":[{"embeddable":true,"href":"https:\/\/www.cncmarketi.com\/index.php\/wp-json\/wp\/v2\/media\/7162"}],"wp:attachment":[{"href":"https:\/\/www.cncmarketi.com\/index.php\/wp-json\/wp\/v2\/media?parent=7163"}],"wp:term":[{"taxonomy":"brand","embeddable":true,"href":"https:\/\/www.cncmarketi.com\/index.php\/wp-json\/wp\/v2\/etheme_brands?post=7163"},{"taxonomy":"product_cat","embeddable":true,"href":"https:\/\/www.cncmarketi.com\/index.php\/wp-json\/wp\/v2\/product_cat?post=7163"},{"taxonomy":"product_tag","embeddable":true,"href":"https:\/\/www.cncmarketi.com\/index.php\/wp-json\/wp\/v2\/product_tag?post=7163"}],"curies":[{"name":"wp","href":"https:\/\/api.w.org\/{rel}","templated":true}]}}