{"id":7159,"date":"2023-08-10T21:45:12","date_gmt":"2023-08-10T18:45:12","guid":{"rendered":"https:\/\/www.cncmarketi.com\/index.php\/product\/emaye-tel-striptizcileri-bicak-bicagi-versiyonu\/"},"modified":"2023-08-10T22:43:11","modified_gmt":"2023-08-10T19:43:11","slug":"emaye-tel-striptizcileri-bicak-bicagi-versiyonu","status":"publish","type":"product","link":"https:\/\/www.cncmarketi.com\/index.php\/product\/emaye-tel-striptizcileri-bicak-bicagi-versiyonu\/","title":{"rendered":"Emaye Tel Striptizcileri &#8211; B\u0131\u00e7ak B\u0131\u00e7a\u011f\u0131 Versiyonu"},"content":{"rendered":"<p>Specification<\/p>\n<p> Features<br \/>\n A fast and inexpensive method of wire stripping<br \/>\n Removal of enamel coating from copper wire with automatic dust collection<br \/>\n Wire range<br \/>\n 0.4 \u2013 3.0 mm<br \/>\n screw &#8211; adjustable aperture (hole size)<br \/>\n In-feed Length<br \/>\n 1.7mm<br \/>\n -how close the machine can strip from coil body<br \/>\n Package Includes<br \/>\n Five blades to remove wire enamel<br \/>\n Application<br \/>\n Winding Wire &#8211; enamel coating removal<br \/>\n Stripping<br \/>\n Single wire only, must be round<br \/>\n Mounting<br \/>\n On rubber feet making storage simple<br \/>\n Power<br \/>\n AC 230 \/ 110 V \u00b1 10%, 50 &#8211; 60hz<br \/>\n Dimensions<br \/>\n 280 L * 160 W * 200 H (mm)<br \/>\n Net weight<br \/>\n 6.8 kg<br \/>\n CE cert.<br \/>\n No.AE9955093 01<br \/>\n enamel winding wire stripper<br \/>\n Click for larger image<br \/>\n Machine to automatically strip enamel insulation coatings and laquers from copper winding wire.<br \/>\n This wire stripping machine uses a set of rotating knife blades to remove the coating, and is ideal for stripping medium sized round wires.<\/p>\n","protected":false},"excerpt":{"rendered":"<p>Specification Features A fast and inexpensive method of wire stripping Removal of enamel coating from copper wire with automatic dust collection Wire range 0.4 \u2013&#8230;<\/p>\n","protected":false},"featured_media":7158,"comment_status":"open","ping_status":"closed","template":"","meta":[],"etheme_brands":[{"term_id":68,"name":"Ingrid West","slug":"ingrid-west","term_group":0,"term_taxonomy_id":68,"taxonomy":"brand","description":"","parent":0,"count":60,"filter":"raw"}],"product_cat":[63],"product_tag":[],"_links":{"self":[{"href":"https:\/\/www.cncmarketi.com\/index.php\/wp-json\/wp\/v2\/product\/7159"}],"collection":[{"href":"https:\/\/www.cncmarketi.com\/index.php\/wp-json\/wp\/v2\/product"}],"about":[{"href":"https:\/\/www.cncmarketi.com\/index.php\/wp-json\/wp\/v2\/types\/product"}],"replies":[{"embeddable":true,"href":"https:\/\/www.cncmarketi.com\/index.php\/wp-json\/wp\/v2\/comments?post=7159"}],"version-history":[{"count":0,"href":"https:\/\/www.cncmarketi.com\/index.php\/wp-json\/wp\/v2\/product\/7159\/revisions"}],"wp:featuredmedia":[{"embeddable":true,"href":"https:\/\/www.cncmarketi.com\/index.php\/wp-json\/wp\/v2\/media\/7158"}],"wp:attachment":[{"href":"https:\/\/www.cncmarketi.com\/index.php\/wp-json\/wp\/v2\/media?parent=7159"}],"wp:term":[{"taxonomy":"brand","embeddable":true,"href":"https:\/\/www.cncmarketi.com\/index.php\/wp-json\/wp\/v2\/etheme_brands?post=7159"},{"taxonomy":"product_cat","embeddable":true,"href":"https:\/\/www.cncmarketi.com\/index.php\/wp-json\/wp\/v2\/product_cat?post=7159"},{"taxonomy":"product_tag","embeddable":true,"href":"https:\/\/www.cncmarketi.com\/index.php\/wp-json\/wp\/v2\/product_tag?post=7159"}],"curies":[{"name":"wp","href":"https:\/\/api.w.org\/{rel}","templated":true}]}}