{"id":7157,"date":"2023-08-10T21:45:12","date_gmt":"2023-08-10T18:45:12","guid":{"rendered":"https:\/\/www.cncmarketi.com\/index.php\/product\/emaye-tel-striptizcileri-asindirici-tekerlek-versiyonu\/"},"modified":"2023-08-10T22:43:11","modified_gmt":"2023-08-10T19:43:11","slug":"emaye-tel-striptizcileri-asindirici-tekerlek-versiyonu","status":"publish","type":"product","link":"https:\/\/www.cncmarketi.com\/index.php\/product\/emaye-tel-striptizcileri-asindirici-tekerlek-versiyonu\/","title":{"rendered":"Emaye Tel Striptizcileri &#8211; A\u015f\u0131nd\u0131r\u0131c\u0131 Tekerlek Versiyonu"},"content":{"rendered":"<p>Specification<\/p>\n<p> Features<br \/>\n A fast and inexpensive method of wire stripping.<br \/>\n Removal of enamel coating from copper wire with fine adjustment for small wire diameters<br \/>\n Wire range<br \/>\n 0.4 mm max<br \/>\n screw &#8211; adjustable aperture (hole size)<br \/>\n In-feed Length<br \/>\n 2.7mm (how close the machine can strip from coil body)<br \/>\n Package Includes<br \/>\n Fibreglass abrasive wheel to remove wire enamel<br \/>\n Application<br \/>\n Winding wire &#8211; enamel coating removal<br \/>\n Stripping<br \/>\n Single wire only.<br \/>\n Mounting<br \/>\n On rubber feet making storage simple<br \/>\n Power<br \/>\n AC 220 \/ 240 V \u00b1 10%, 50 &#8211; 60hz<br \/>\n Dimensions<br \/>\n 230 L * 160 W * 195 H (mm)<br \/>\n Net weight<br \/>\n 7.5 kg<br \/>\n CE cert.<br \/>\n No.AE9955093 01<\/p>\n<p> Stripping Wheels:<\/p>\n<p> Size<br \/>\n Recommended Stripping Range<br \/>\n S02-1<br \/>\n 0.18mm to 0.40mm<br \/>\n S02-0<br \/>\n 0.03mm to 0.16mm<br \/>\n enamel winding wire stripper<br \/>\n Click for larger image<\/p>\n<p> Machine head<\/p>\n<p> Machine head<\/p>\n<p> Machine to automatically strip enamel insulation coatings and laquers from copper winding wire and magnet wire.<br \/>\n This wire stripping machine uses a pair of rotating abrasive wheels to remove the coating. The machine is provided with a fine adjustment mechanism, and is ideal for stripping small sized round wires.<\/p>\n","protected":false},"excerpt":{"rendered":"<p>Specification Features A fast and inexpensive method of wire stripping. Removal of enamel coating from copper wire with fine adjustment for small wire diameters Wire&#8230;<\/p>\n","protected":false},"featured_media":7154,"comment_status":"open","ping_status":"closed","template":"","meta":[],"etheme_brands":[{"term_id":68,"name":"Ingrid West","slug":"ingrid-west","term_group":0,"term_taxonomy_id":68,"taxonomy":"brand","description":"","parent":0,"count":60,"filter":"raw"}],"product_cat":[63],"product_tag":[],"_links":{"self":[{"href":"https:\/\/www.cncmarketi.com\/index.php\/wp-json\/wp\/v2\/product\/7157"}],"collection":[{"href":"https:\/\/www.cncmarketi.com\/index.php\/wp-json\/wp\/v2\/product"}],"about":[{"href":"https:\/\/www.cncmarketi.com\/index.php\/wp-json\/wp\/v2\/types\/product"}],"replies":[{"embeddable":true,"href":"https:\/\/www.cncmarketi.com\/index.php\/wp-json\/wp\/v2\/comments?post=7157"}],"version-history":[{"count":0,"href":"https:\/\/www.cncmarketi.com\/index.php\/wp-json\/wp\/v2\/product\/7157\/revisions"}],"wp:featuredmedia":[{"embeddable":true,"href":"https:\/\/www.cncmarketi.com\/index.php\/wp-json\/wp\/v2\/media\/7154"}],"wp:attachment":[{"href":"https:\/\/www.cncmarketi.com\/index.php\/wp-json\/wp\/v2\/media?parent=7157"}],"wp:term":[{"taxonomy":"brand","embeddable":true,"href":"https:\/\/www.cncmarketi.com\/index.php\/wp-json\/wp\/v2\/etheme_brands?post=7157"},{"taxonomy":"product_cat","embeddable":true,"href":"https:\/\/www.cncmarketi.com\/index.php\/wp-json\/wp\/v2\/product_cat?post=7157"},{"taxonomy":"product_tag","embeddable":true,"href":"https:\/\/www.cncmarketi.com\/index.php\/wp-json\/wp\/v2\/product_tag?post=7157"}],"curies":[{"name":"wp","href":"https:\/\/api.w.org\/{rel}","templated":true}]}}