{"id":7107,"date":"2023-08-10T21:44:58","date_gmt":"2023-08-10T18:44:58","guid":{"rendered":"https:\/\/www.cncmarketi.com\/index.php\/product\/bobin-sargisi-icin-mekanik-tel-gerginlikler\/"},"modified":"2023-08-10T22:44:13","modified_gmt":"2023-08-10T19:44:13","slug":"bobin-sargisi-icin-mekanik-tel-gerginlikler","status":"publish","type":"product","link":"https:\/\/www.cncmarketi.com\/index.php\/product\/bobin-sargisi-icin-mekanik-tel-gerginlikler\/","title":{"rendered":"Bobin Sarg\u0131s\u0131 \u0130\u00e7in Mekanik Tel Gerginlikler"},"content":{"rendered":"<p>Our range of benchtop bobbin winding machines are supplied as standard with appropriate tensioners from the selection below. However on occasions you may wish to purchase separate additional tensioners.<\/p>\n<p> This range of economically priced tensioners are highly recommended for use either with IWM coil winding machine or almost any make of winding machine.<\/p>\n<p> These mechanical tensioners provide precision control of winding tension for wires in the range from 0.02mm to 0.65mm.<br \/>\n Types available: TC3S, TCSS-X, TCSS, TCS-E, TCS, TCM<br \/>\n \u2022 The arm position provides feedback to the system, adjusting the main friction wheel to regulate and maintain constant wire tension during the coil winding cycle.<br \/>\n \u2022 Felt pads provide pre-tension and remove dust and other debris from the wire.<br \/>\n \u2022 Ceramic eyelets and roller guides at each point of contact protect insulation from mechanical damage, and guide the wire.<br \/>\n \u2022 The performance of these wire tensioning units is exceptional given the low cost, providing outstanding value for money.<br \/>\n \u2022 Captive roller on tension arm is easy to thread, eliminates chance of losing wire.<\/p>\n<p> Specification<br \/>\n Model<br \/>\n Type<br \/>\n Min Tension<br \/>\n (grams)<br \/>\n Max Tension<br \/>\n (grams)<br \/>\n Min Wire<br \/>\n Gauge (mm)<br \/>\n Max Wire<br \/>\n Gauge (mm)<br \/>\n TC3S<br \/>\n 2<br \/>\n 11<br \/>\n 0.02<br \/>\n 0.04<br \/>\n TCSS-X<br \/>\n 7<br \/>\n 30<br \/>\n 0.03<br \/>\n 0.06<br \/>\n TCSS<br \/>\n 9<br \/>\n 50<br \/>\n 0.04<br \/>\n 0.08<br \/>\n TCS-E<br \/>\n 20<br \/>\n 130<br \/>\n 0.06<br \/>\n 0.13<br \/>\n TCS<br \/>\n 40<br \/>\n 200<br \/>\n 0.08<br \/>\n 0.16<br \/>\n TCM<br \/>\n 90<br \/>\n 500<br \/>\n 0.16<br \/>\n 0.25<br \/>\n TCL-X<br \/>\n 200<br \/>\n 2000<br \/>\n 0.20<br \/>\n 0.6<br \/>\n TCLL-X<br \/>\n 1000<br \/>\n 5000<br \/>\n 0.50<br \/>\n 1.2<br \/>\n TC3L<br \/>\n 2000<br \/>\n 10000<br \/>\n 0.70<br \/>\n 2.0<\/p>\n","protected":false},"excerpt":{"rendered":"<p>Our range of benchtop bobbin winding machines are supplied as standard with appropriate tensioners from the selection below. However on occasions you may wish to&#8230;<\/p>\n","protected":false},"featured_media":7104,"comment_status":"open","ping_status":"closed","template":"","meta":[],"etheme_brands":[{"term_id":68,"name":"Ingrid West","slug":"ingrid-west","term_group":0,"term_taxonomy_id":68,"taxonomy":"brand","description":"","parent":0,"count":60,"filter":"raw"}],"product_cat":[63],"product_tag":[],"_links":{"self":[{"href":"https:\/\/www.cncmarketi.com\/index.php\/wp-json\/wp\/v2\/product\/7107"}],"collection":[{"href":"https:\/\/www.cncmarketi.com\/index.php\/wp-json\/wp\/v2\/product"}],"about":[{"href":"https:\/\/www.cncmarketi.com\/index.php\/wp-json\/wp\/v2\/types\/product"}],"replies":[{"embeddable":true,"href":"https:\/\/www.cncmarketi.com\/index.php\/wp-json\/wp\/v2\/comments?post=7107"}],"version-history":[{"count":0,"href":"https:\/\/www.cncmarketi.com\/index.php\/wp-json\/wp\/v2\/product\/7107\/revisions"}],"wp:featuredmedia":[{"embeddable":true,"href":"https:\/\/www.cncmarketi.com\/index.php\/wp-json\/wp\/v2\/media\/7104"}],"wp:attachment":[{"href":"https:\/\/www.cncmarketi.com\/index.php\/wp-json\/wp\/v2\/media?parent=7107"}],"wp:term":[{"taxonomy":"brand","embeddable":true,"href":"https:\/\/www.cncmarketi.com\/index.php\/wp-json\/wp\/v2\/etheme_brands?post=7107"},{"taxonomy":"product_cat","embeddable":true,"href":"https:\/\/www.cncmarketi.com\/index.php\/wp-json\/wp\/v2\/product_cat?post=7107"},{"taxonomy":"product_tag","embeddable":true,"href":"https:\/\/www.cncmarketi.com\/index.php\/wp-json\/wp\/v2\/product_tag?post=7107"}],"curies":[{"name":"wp","href":"https:\/\/api.w.org\/{rel}","templated":true}]}}