{"id":7099,"date":"2023-08-10T21:44:56","date_gmt":"2023-08-10T18:44:56","guid":{"rendered":"https:\/\/www.cncmarketi.com\/index.php\/product\/lv-transformatorler-icin-folyo-sargi-makinesi-serisi\/"},"modified":"2023-08-10T22:44:13","modified_gmt":"2023-08-10T19:44:13","slug":"lv-transformatorler-icin-folyo-sargi-makinesi-serisi","status":"publish","type":"product","link":"https:\/\/www.cncmarketi.com\/index.php\/product\/lv-transformatorler-icin-folyo-sargi-makinesi-serisi\/","title":{"rendered":"Lv Transformat\u00f6rler \u0130\u00e7in Folyo Sarg\u0131 Makinesi Serisi"},"content":{"rendered":"<p>This all-new design, together with our latest high-tech control system, improves quality of winding and reduces machine maintenance to a minimum.<\/p>\n<p> Heavy duty coil winding machine series<br \/>\n The foil and insulation de-reelers are provided with an automatically controlled brake system, which applies a constant tension to the materials during the winding process.<br \/>\n The winding unit is equipped with a pressure roller system and the machine is supplied with two expanding mandrels for the copper foil and two for the paper insulation.<br \/>\n The &#8220;state of the art&#8221; CNC with colour touch screen, precision servo motor drives, and bespoke software provide continuous control and monitoring of all of the process parameters, together with the capacity to store thousands of programs.<br \/>\n There are various configurations possible, up to 1500mm width. This allows winding of primaries easily and with very short production cycle times.<br \/>\n A typical machine includes:<br \/>\n Heavy duty coil winding machine series<br \/>\n High powered Parker servo motors with integrated gear box and drive systems.<br \/>\n Heavy duty coil winding machine series<br \/>\n Expanding mandrels are designed and manufactured in house, to suit the exact requirement of the product to be made.<br \/>\n Heavy duty coil winding machine series<br \/>\n Various automatic functions and processes can be added to the machine according to the user&#8217;s requirements.<br \/>\n Shown here is a cold pressure welding station, used for fixing the terminal leads<br \/>\n Standard specifications can be modified according to customer requirement.<br \/>\n Torque (Brushless motors):<br \/>\n 5.000 Nm<br \/>\n Maximum Speed:<br \/>\n 40 Rpm<br \/>\n Max Winding Dia.:<br \/>\n 900 mm<br \/>\n Max winding length (foil width):<br \/>\n 600 \/ 900 \/ 1500 mm (other types available on request)<br \/>\n Max coil weight:<br \/>\n 2000 Kg<br \/>\n Maximum distance between points:<br \/>\n 1200 mm &#8211; depends on foil width<br \/>\n Number of conductor de-reelers:<br \/>\n 1 or 2<br \/>\n Number of insulation de-reelers:<br \/>\n 1 or 2<br \/>\n Conductor Foil materials:<br \/>\n Copper or Aluminium<br \/>\n Foil Thickness min. and max (Aluminium):<br \/>\n 0.4 &#8211; 2.5 mm<br \/>\n Foil Thickness min. and max (Copper):<br \/>\n 0.3 &#8211; 2.0 mm<br \/>\n Insulation de-reelers Shafts:<br \/>\n Expandable (pneumatic open\/close action)<br \/>\n Conductor de-reelers Shafts:<br \/>\n open\/close action- Pneumatic <600mm; Hydraulic >600mm<br \/>\n End filler:<br \/>\n Strip paper included<br \/>\n Welding system:<br \/>\n Cold pressure welding \/ Tig (optional)<br \/>\n Foil De-burring system:<br \/>\n Cleaning foil device<br \/>\n Electrical supply:<br \/>\n 3 x 400 + GND + Neutral<br \/>\n Air pressure:<br \/>\n 6 Bar<br \/>\n User interface:<br \/>\n 12inch (304mm) touch screen industrial PC \/ access controller<br \/>\n Max. No. of programmable windings:<br \/>\n 1000 (unlimited with SD card)<br \/>\n Type of programming:<br \/>\n CNC<\/p>\n","protected":false},"excerpt":{"rendered":"<p>This all-new design, together with our latest high-tech control system, improves quality of winding and reduces machine maintenance to a minimum. Heavy duty coil winding&#8230;<\/p>\n","protected":false},"featured_media":7093,"comment_status":"open","ping_status":"closed","template":"","meta":[],"etheme_brands":[{"term_id":68,"name":"Ingrid West","slug":"ingrid-west","term_group":0,"term_taxonomy_id":68,"taxonomy":"brand","description":"","parent":0,"count":60,"filter":"raw"}],"product_cat":[63],"product_tag":[],"_links":{"self":[{"href":"https:\/\/www.cncmarketi.com\/index.php\/wp-json\/wp\/v2\/product\/7099"}],"collection":[{"href":"https:\/\/www.cncmarketi.com\/index.php\/wp-json\/wp\/v2\/product"}],"about":[{"href":"https:\/\/www.cncmarketi.com\/index.php\/wp-json\/wp\/v2\/types\/product"}],"replies":[{"embeddable":true,"href":"https:\/\/www.cncmarketi.com\/index.php\/wp-json\/wp\/v2\/comments?post=7099"}],"version-history":[{"count":0,"href":"https:\/\/www.cncmarketi.com\/index.php\/wp-json\/wp\/v2\/product\/7099\/revisions"}],"wp:featuredmedia":[{"embeddable":true,"href":"https:\/\/www.cncmarketi.com\/index.php\/wp-json\/wp\/v2\/media\/7093"}],"wp:attachment":[{"href":"https:\/\/www.cncmarketi.com\/index.php\/wp-json\/wp\/v2\/media?parent=7099"}],"wp:term":[{"taxonomy":"brand","embeddable":true,"href":"https:\/\/www.cncmarketi.com\/index.php\/wp-json\/wp\/v2\/etheme_brands?post=7099"},{"taxonomy":"product_cat","embeddable":true,"href":"https:\/\/www.cncmarketi.com\/index.php\/wp-json\/wp\/v2\/product_cat?post=7099"},{"taxonomy":"product_tag","embeddable":true,"href":"https:\/\/www.cncmarketi.com\/index.php\/wp-json\/wp\/v2\/product_tag?post=7099"}],"curies":[{"name":"wp","href":"https:\/\/api.w.org\/{rel}","templated":true}]}}