{"id":7092,"date":"2023-08-10T21:44:54","date_gmt":"2023-08-10T18:44:54","guid":{"rendered":"https:\/\/www.cncmarketi.com\/index.php\/product\/lv-transformatorler-icin-kompakt-300mm-genisliginde-folyo-sarma-makinesi-serisi\/"},"modified":"2023-08-10T22:44:13","modified_gmt":"2023-08-10T19:44:13","slug":"lv-transformatorler-icin-kompakt-300mm-genisliginde-folyo-sarma-makinesi-serisi","status":"publish","type":"product","link":"https:\/\/www.cncmarketi.com\/index.php\/product\/lv-transformatorler-icin-kompakt-300mm-genisliginde-folyo-sarma-makinesi-serisi\/","title":{"rendered":"Lv Transformat\u00f6rler \u0130\u00e7in Kompakt 300Mm Geni\u015fli\u011finde Folyo Sarma Makinesi Serisi"},"content":{"rendered":"<p>This all-new design, together with our latest high-tech control system, improves quality of winding and reduces machine maintenance to a minimum. Heavy duty coil winding machine series<br \/>\n The foil and insulation de-reelers are provided with an automatically controlled brake system, which applies a constant tension to the materials during the winding process.<br \/>\n The winding unit is equipped with a pressure roller system and the machine is supplied with two expanding mandrels for the copper foil and two for the paper insulation.<br \/>\n The &#8220;state of the art&#8221; CNC with colour touch screen, precision servo motor drives, and bespoke software provide continuous control and monitoring of all of the process parameters, together with the capacity to store thousands of programs.<br \/>\n There are various configurations possible, up to 500mm width. Compact machine foot print and easy access for the operator help in easy winding of primaries reducing production cycle times.<br \/>\n A typical machine includes:<br \/>\n Heavy duty coil winding machine series<br \/>\n adjustable independent sensors are using in a closed loop feedback system to align each paper and foil..<br \/>\n Heavy duty coil winding machine series<br \/>\n Expanding mandrels are designed open ended to allow easy access for fast supply spool changeover.<br \/>\n Heavy duty coil winding machine series<br \/>\n Foil press arm aids the operator at start end end of winding to keep tension on the foil.<br \/>\n A typical standard specifications shown below, however this can easily be modified according to customer requirements.<br \/>\n Torque at max. Speed (Brushless motors):<br \/>\n 2,150 Nm<br \/>\n Maximum Speed:<br \/>\n 40 Rpm<br \/>\n Max Winding Dia.:<br \/>\n 800 mm<br \/>\n Max winding length (foil width):<br \/>\n 300 \/ 400 mm (other types available on request)<br \/>\n Foil Thickness min. and max (Aluminum):<br \/>\n 0.4 &#8211; 1.8 mm<br \/>\n Foil Thickness min. and max (Copper):<br \/>\n 0.3 &#8211; 2.8 mm<br \/>\n Max supply spool weight:<br \/>\n 250 Kg<br \/>\n Max finished coil weight:<br \/>\n 400 Kg<br \/>\n Max finished coil OD:<br \/>\n 550 mm<br \/>\n Number of conductor de-reelers:<br \/>\n 1 or 2<br \/>\n Number of insulation de-reelers:<br \/>\n 1 or 2<br \/>\n Conductor Foil materials:<br \/>\n Copper or Aluminum<br \/>\n Insulation de-reelers Shafts:<br \/>\n Expandable (pneumatic open\/close action)<br \/>\n End filler:<br \/>\n Strip paper included<br \/>\n Welding system (optional):<br \/>\n Cold pressure welding \/ Tig<br \/>\n Foil De-burring system:<br \/>\n 3 roller system, or Cleaning foil device for CPW<br \/>\n Electrical supply:<br \/>\n 3 x 400 + GND + Neutral<br \/>\n Air pressure:<br \/>\n 6 Bar<br \/>\n User interface:<br \/>\n 12inch (304mm) touch screen industrial PC \/ access controller<br \/>\n Max. No. of programmable windings:<br \/>\n 1000 (unlimited with SD card)<br \/>\n Type of programming:<br \/>\n CNC<\/p>\n","protected":false},"excerpt":{"rendered":"<p>This all-new design, together with our latest high-tech control system, improves quality of winding and reduces machine maintenance to a minimum. Heavy duty coil winding&#8230;<\/p>\n","protected":false},"featured_media":7087,"comment_status":"open","ping_status":"closed","template":"","meta":[],"etheme_brands":[{"term_id":68,"name":"Ingrid West","slug":"ingrid-west","term_group":0,"term_taxonomy_id":68,"taxonomy":"brand","description":"","parent":0,"count":60,"filter":"raw"}],"product_cat":[63],"product_tag":[],"_links":{"self":[{"href":"https:\/\/www.cncmarketi.com\/index.php\/wp-json\/wp\/v2\/product\/7092"}],"collection":[{"href":"https:\/\/www.cncmarketi.com\/index.php\/wp-json\/wp\/v2\/product"}],"about":[{"href":"https:\/\/www.cncmarketi.com\/index.php\/wp-json\/wp\/v2\/types\/product"}],"replies":[{"embeddable":true,"href":"https:\/\/www.cncmarketi.com\/index.php\/wp-json\/wp\/v2\/comments?post=7092"}],"version-history":[{"count":0,"href":"https:\/\/www.cncmarketi.com\/index.php\/wp-json\/wp\/v2\/product\/7092\/revisions"}],"wp:featuredmedia":[{"embeddable":true,"href":"https:\/\/www.cncmarketi.com\/index.php\/wp-json\/wp\/v2\/media\/7087"}],"wp:attachment":[{"href":"https:\/\/www.cncmarketi.com\/index.php\/wp-json\/wp\/v2\/media?parent=7092"}],"wp:term":[{"taxonomy":"brand","embeddable":true,"href":"https:\/\/www.cncmarketi.com\/index.php\/wp-json\/wp\/v2\/etheme_brands?post=7092"},{"taxonomy":"product_cat","embeddable":true,"href":"https:\/\/www.cncmarketi.com\/index.php\/wp-json\/wp\/v2\/product_cat?post=7092"},{"taxonomy":"product_tag","embeddable":true,"href":"https:\/\/www.cncmarketi.com\/index.php\/wp-json\/wp\/v2\/product_tag?post=7092"}],"curies":[{"name":"wp","href":"https:\/\/api.w.org\/{rel}","templated":true}]}}