{"id":7073,"date":"2023-08-10T21:44:48","date_gmt":"2023-08-10T18:44:48","guid":{"rendered":"https:\/\/www.cncmarketi.com\/index.php\/product\/guc-transformator-sargi-makinesi-e-1500\/"},"modified":"2023-08-10T22:44:13","modified_gmt":"2023-08-10T19:44:13","slug":"guc-transformator-sargi-makinesi-e-1500","status":"publish","type":"product","link":"https:\/\/www.cncmarketi.com\/index.php\/product\/guc-transformator-sargi-makinesi-e-1500\/","title":{"rendered":"G\u00fc\u00e7 Transformat\u00f6r Sarg\u0131 Makinesi E-1500"},"content":{"rendered":"<p>Specifications can be modified according to customer requirements.<\/p>\n<p> Max Wire Dia. &#038; profile wire:<br \/>\n 0.01 \u2013 30mm<br \/>\n Max winding length:<br \/>\n 1380 mm<br \/>\n Max distance between points:<br \/>\n 1500 mm<br \/>\n Max Winding Diameter:<br \/>\n 800 mm<br \/>\n Guider precision:<br \/>\n 0.01 mm<br \/>\n Main shaft motor:<br \/>\n Asynchronous &#8211; 7.5 HP \/ 5.5 KW<br \/>\n Guider motor (Brushless):<br \/>\n 0.4HP \/ 300W (2.2Nm)<br \/>\n Winding shaft speed:<br \/>\n 0 \u2013 500 rpm.*<br \/>\n Electrical supply:<br \/>\n 3 x 380Vca &#8211; 50Hz<br \/>\n Air supply:<br \/>\n 6 bar<br \/>\n Net weight:<br \/>\n 1100 kg Approx<\/p>\n<p> Torque and Speed<\/p>\n<p> * Belt system with 2 positions<\/p>\n<p> Position<br \/>\n 500 RPM version<br \/>\n Torque (Nm)<br \/>\n Speed (Rpm)<br \/>\n 1<br \/>\n 198<br \/>\n 500<br \/>\n 2<br \/>\n 795<br \/>\n 100<br \/>\n Programming Characteristics<\/p>\n<p> User interface:<br \/>\n PLC controller<br \/>\n Max. No. of programmable windings:<br \/>\n 165<br \/>\n Max. No. of windings per coil:<br \/>\n 200<br \/>\n Type of programming:<br \/>\n CNC<br \/>\n Heavy Duty Coil winding machine E-1500<br \/>\n Click for larger image<\/p>\n<p> The E-1500 is a large floor standing style coil winding machine, designed to be easily positioned in a factory or workshop. The head and bench is fabricated from heavy guage galvanised steel and covered in stainless steel, and the machine is provided with a fixture plate, tailstock with security closure, guider system, safety guard and foot pedal.<br \/>\n The machine CNC is easily programmed electronically and a foot pedal is provided for full manual control of the machine when this is required.<br \/>\n This machine is specially designed for the manufacture of large inductive devices, solenoids and power and distribution transformers, typically in the range of 10 to 1,200 KVA, using aluminium or copper wires, (including rectangular or flat wires with a special guider).<br \/>\n The wide range of available winding speeds (up to 500 rpm.*) permits primary and secondary windings to be made on the same machine, thus reducing the number of production processes.<br \/>\n The layout and design of the winding machine facilitates the placement of ancillary materials such as end-fillers, insulation paper and foils of various types.<\/p>\n","protected":false},"excerpt":{"rendered":"<p>Specifications can be modified according to customer requirements. Max Wire Dia. &#038; profile wire: 0.01 \u2013 30mm Max winding length: 1380 mm Max distance between&#8230;<\/p>\n","protected":false},"featured_media":7061,"comment_status":"open","ping_status":"closed","template":"","meta":[],"etheme_brands":[{"term_id":68,"name":"Ingrid West","slug":"ingrid-west","term_group":0,"term_taxonomy_id":68,"taxonomy":"brand","description":"","parent":0,"count":60,"filter":"raw"}],"product_cat":[63],"product_tag":[],"_links":{"self":[{"href":"https:\/\/www.cncmarketi.com\/index.php\/wp-json\/wp\/v2\/product\/7073"}],"collection":[{"href":"https:\/\/www.cncmarketi.com\/index.php\/wp-json\/wp\/v2\/product"}],"about":[{"href":"https:\/\/www.cncmarketi.com\/index.php\/wp-json\/wp\/v2\/types\/product"}],"replies":[{"embeddable":true,"href":"https:\/\/www.cncmarketi.com\/index.php\/wp-json\/wp\/v2\/comments?post=7073"}],"version-history":[{"count":0,"href":"https:\/\/www.cncmarketi.com\/index.php\/wp-json\/wp\/v2\/product\/7073\/revisions"}],"wp:featuredmedia":[{"embeddable":true,"href":"https:\/\/www.cncmarketi.com\/index.php\/wp-json\/wp\/v2\/media\/7061"}],"wp:attachment":[{"href":"https:\/\/www.cncmarketi.com\/index.php\/wp-json\/wp\/v2\/media?parent=7073"}],"wp:term":[{"taxonomy":"brand","embeddable":true,"href":"https:\/\/www.cncmarketi.com\/index.php\/wp-json\/wp\/v2\/etheme_brands?post=7073"},{"taxonomy":"product_cat","embeddable":true,"href":"https:\/\/www.cncmarketi.com\/index.php\/wp-json\/wp\/v2\/product_cat?post=7073"},{"taxonomy":"product_tag","embeddable":true,"href":"https:\/\/www.cncmarketi.com\/index.php\/wp-json\/wp\/v2\/product_tag?post=7073"}],"curies":[{"name":"wp","href":"https:\/\/api.w.org\/{rel}","templated":true}]}}