{"id":7072,"date":"2023-08-10T21:44:48","date_gmt":"2023-08-10T18:44:48","guid":{"rendered":"https:\/\/www.cncmarketi.com\/index.php\/product\/agir-dereceli-bobin-sargi-makinesi-e-1200-c-serisi\/"},"modified":"2023-09-05T20:27:13","modified_gmt":"2023-09-05T17:27:13","slug":"agir-dereceli-bobin-sargi-makinesi-e-1200-c-serisi","status":"publish","type":"product","link":"https:\/\/www.cncmarketi.com\/index.php\/product\/agir-dereceli-bobin-sargi-makinesi-e-1200-c-serisi\/","title":{"rendered":"A\u011f\u0131r Dereceli Bobin Sarg\u0131 Makinesi E-1200 &#8220;C&#8221; Serisi"},"content":{"rendered":"<p>Specifications can be modified according to customer requirements.<\/p>\n<p> Max Wire Dia. &#038; profile wire:<br \/>\n 0.01 \u2013 30mm<br \/>\n Max winding length:<br \/>\n 1100 mm<br \/>\n Max distance between points:<br \/>\n 1200 mm<br \/>\n Max Winding Diameter:<br \/>\n 1600 mm<br \/>\n Guider precision:<br \/>\n 0.01 mm<br \/>\n Main shaft motor:<br \/>\n Servo &#8211; 28Nm at 3000 rpm<br \/>\n Winding shaft speed:<br \/>\n 500 rpm.*<br \/>\n Electrical supply:<br \/>\n 3 x 380Vca &#8211; 50Hz<br \/>\n Air supply:<br \/>\n 6 bar<br \/>\n Net weight:<br \/>\n 900 kg<br \/>\n User interface:<br \/>\n Standard with the machine, turns counter, simple programming (CMZ240). Full touch screen system available upon request.<br \/>\n Max. No. of programmable windings:<br \/>\n 130<br \/>\n Max. No. of windings per coil:<br \/>\n 12<br \/>\n Type of programming:<br \/>\n CNC<\/p>\n<p> Torque and Speed<\/p>\n<p> *There are various drive options aviable depedning on your requirements.<\/p>\n<p> SGB -Switch Gear Box &#8211; has four gear rations with quick gear change by levers<\/p>\n<p> Gear Position<br \/>\n 500 RPM version<\/p>\n<p> Torque (NM)<br \/>\n Speed (Rpm)<br \/>\n 1<br \/>\n 168<br \/>\n 500<br \/>\n 2<br \/>\n 252<br \/>\n 333<br \/>\n 3<br \/>\n 504<br \/>\n 166<br \/>\n 4<br \/>\n 756<br \/>\n 111<\/p>\n<p> Heavy duty coil winding machine series<br \/>\n Click for larger image<\/p>\n<p> Example custom e-2000C machine below with 15,000Nm torque and 2 meter coil diameter capacity.<br \/>\n Heavy duty coil winding machine series<br \/>\n Heavy duty coil winding machine series<br \/>\n Heavy duty coil winding machine series<br \/>\n Robust and reliable, the E-1200C Winding Machine is a floor standing style winding machine.<br \/>\n The chassis is fabricated from heavy guage galvanised steel and the machine covers in stainless steel for ease of cleaning and maintenance.<br \/>\n The winding machine consists of a head stock with speed change, face plate, and foot pedal.<br \/>\n This machine is designed for applications where a bench and guiding system is not required, for example, winding pancake coils, typically using rectangular or flat wires.<\/p>\n","protected":false},"excerpt":{"rendered":"<p>Specifications can be modified according to customer requirements. Max Wire Dia. &#038; profile wire: 0.01 \u2013 30mm Max winding length: 1100 mm Max distance between&#8230;<\/p>\n","protected":false},"featured_media":7068,"comment_status":"open","ping_status":"closed","template":"","meta":[],"etheme_brands":[{"term_id":68,"name":"Ingrid West","slug":"ingrid-west","term_group":0,"term_taxonomy_id":68,"taxonomy":"brand","description":"","parent":0,"count":60,"filter":"raw"}],"product_cat":[63],"product_tag":[],"_links":{"self":[{"href":"https:\/\/www.cncmarketi.com\/index.php\/wp-json\/wp\/v2\/product\/7072"}],"collection":[{"href":"https:\/\/www.cncmarketi.com\/index.php\/wp-json\/wp\/v2\/product"}],"about":[{"href":"https:\/\/www.cncmarketi.com\/index.php\/wp-json\/wp\/v2\/types\/product"}],"replies":[{"embeddable":true,"href":"https:\/\/www.cncmarketi.com\/index.php\/wp-json\/wp\/v2\/comments?post=7072"}],"version-history":[{"count":0,"href":"https:\/\/www.cncmarketi.com\/index.php\/wp-json\/wp\/v2\/product\/7072\/revisions"}],"wp:featuredmedia":[{"embeddable":true,"href":"https:\/\/www.cncmarketi.com\/index.php\/wp-json\/wp\/v2\/media\/7068"}],"wp:attachment":[{"href":"https:\/\/www.cncmarketi.com\/index.php\/wp-json\/wp\/v2\/media?parent=7072"}],"wp:term":[{"taxonomy":"brand","embeddable":true,"href":"https:\/\/www.cncmarketi.com\/index.php\/wp-json\/wp\/v2\/etheme_brands?post=7072"},{"taxonomy":"product_cat","embeddable":true,"href":"https:\/\/www.cncmarketi.com\/index.php\/wp-json\/wp\/v2\/product_cat?post=7072"},{"taxonomy":"product_tag","embeddable":true,"href":"https:\/\/www.cncmarketi.com\/index.php\/wp-json\/wp\/v2\/product_tag?post=7072"}],"curies":[{"name":"wp","href":"https:\/\/api.w.org\/{rel}","templated":true}]}}