{"id":7067,"date":"2023-08-10T21:44:46","date_gmt":"2023-08-10T18:44:46","guid":{"rendered":"https:\/\/www.cncmarketi.com\/index.php\/product\/disli-kutusu-e-1200-sgb-ile-agir-hizmet-bobin-sargi-makinesi\/"},"modified":"2023-08-10T22:44:13","modified_gmt":"2023-08-10T19:44:13","slug":"disli-kutusu-e-1200-sgb-ile-agir-hizmet-bobin-sargi-makinesi","status":"publish","type":"product","link":"https:\/\/www.cncmarketi.com\/index.php\/product\/disli-kutusu-e-1200-sgb-ile-agir-hizmet-bobin-sargi-makinesi\/","title":{"rendered":"Di\u015fli Kutusu E-1200-Sgb \u0130le A\u011f\u0131r Hizmet Bobin Sarg\u0131 Makinesi"},"content":{"rendered":"<p>Specifications can be modified according to customer requirements.<br \/>\n Max Wire Diameter &#038; profile wire:<br \/>\n 0.01 \u2013 30mm<br \/>\n Max winding length:<br \/>\n 1100 mm<br \/>\n Max distance between points:<br \/>\n 1200 mm<br \/>\n Max Winding Diameter:<br \/>\n 800 mm<br \/>\n Guider precision:<br \/>\n 0.01 mm<br \/>\n Main shaft motor:<br \/>\n Brishless servo motor<br \/>\n Guider motor (Brushless):<br \/>\n 0.4HP \/ 300W (2.2Nm)<br \/>\n Winding shaft speed:<br \/>\n 0- 500 rpm \/ 0 &#8211; 750 rpm*<br \/>\n Electrical supply:<br \/>\n 3 x 380Vca &#8211; 50Hz<br \/>\n Air supply:<br \/>\n Not required<br \/>\n Net weight:<br \/>\n Approx. 1100 kg<br \/>\n User interface:<br \/>\n 10inch (254mm) colour touch screen<br \/>\n Max. No. of programmable windings:<br \/>\n 1000 (unlimited with SD card)<br \/>\n Max. No. of windings per coil:<br \/>\n 200<br \/>\n Type of programming:<br \/>\n CNC<br \/>\n Torque and Speed<br \/>\n *The standard machine is available with either high speed or low speed gear ratios, each having a four ratio quick change gearbox.<\/p>\n<p> Heavy duty coil winding machine series<br \/>\n Click for larger image<br \/>\n Gear Position<br \/>\n 500 RPM version<br \/>\n 750 RPM version<br \/>\n Torque (Nm)<br \/>\n Max Speed (Rpm)<br \/>\n Torque (Nm)<br \/>\n MAx Speed (Rpm)<br \/>\n 1<br \/>\n 168<br \/>\n 500<br \/>\n 112<br \/>\n 750<br \/>\n 2<br \/>\n 252<br \/>\n 333<br \/>\n 168<br \/>\n 500<br \/>\n 3<br \/>\n 504<br \/>\n 166<br \/>\n 336<br \/>\n 250<br \/>\n 4<br \/>\n 756<br \/>\n 111<br \/>\n 504<br \/>\n 166<br \/>\n Various gear ratio and motor combinations are available according to the customer\u2019s requirement, including high torque versions.<\/p>\n<p> Torque and Speed (High Torque version):<br \/>\n Gear Position<br \/>\n 333 RPM version<br \/>\n Torque (Nm)<br \/>\n Max Speed (Rpm)<br \/>\n 1<br \/>\n 265<br \/>\n 333<br \/>\n 2<br \/>\n 394<br \/>\n 222<br \/>\n 3<br \/>\n 796<br \/>\n 111<br \/>\n 4<br \/>\n 1194<br \/>\n 74<br \/>\n The E-1200-SGB is a high power, one spindle floor standing coil winding machine with a colour touch screen CNC, precision servomotor drive, and four-ratio gearbox. The winding machine is strongly constructed from heavy guage welded galvanised steel, with machine covers in stainless steel and is provided with a fixture plate, tailstock with security closure, guider system, safety guard and foot pedal.<br \/>\n This machine is specially designed for the manufacture of large wound components, including motors, solenoids and power distribution transformers (typically from 10 to 2000 KVA), using aluminium or copper wires (including rectangular or flat wires with a special guider).<br \/>\n The wide range of available winding speeds, (up to 750* rpm.) permits primary and secondary windings to be produced on the same machine, thus reducing production cycle time and number of processes to a minimum.<br \/>\n The layout and design of the winding machine facilitates the placement of ancillary materials such as end-fillers, insulation paper and foils of various types.<br \/>\n The powerful brushless servo motor, equipped with a four-ratio gearbox, allows the operator to select an appropriate maximum winding speed and torque for each individual task.<br \/>\n The all-new machine operating software has an intuitive graphical interface and a 10-inch (254mm) full colour touch screen &#8211; with on-screen help and user\u2019s choice of language &#8211; which allows windings for even the most complex coils to be programmed in short periods of time.<br \/>\n Program storage is on a standard SD memory card for fast and simple backup of winding programs, with the option of Windows \u2122 software, &#8220;WIN bobbin&#8221; for full PC connectivity.<\/p>\n","protected":false},"excerpt":{"rendered":"<p>Specifications can be modified according to customer requirements. Max Wire Diameter &#038; profile wire: 0.01 \u2013 30mm Max winding length: 1100 mm Max distance between&#8230;<\/p>\n","protected":false},"featured_media":7066,"comment_status":"open","ping_status":"closed","template":"","meta":[],"etheme_brands":[{"term_id":68,"name":"Ingrid West","slug":"ingrid-west","term_group":0,"term_taxonomy_id":68,"taxonomy":"brand","description":"","parent":0,"count":60,"filter":"raw"}],"product_cat":[63],"product_tag":[],"_links":{"self":[{"href":"https:\/\/www.cncmarketi.com\/index.php\/wp-json\/wp\/v2\/product\/7067"}],"collection":[{"href":"https:\/\/www.cncmarketi.com\/index.php\/wp-json\/wp\/v2\/product"}],"about":[{"href":"https:\/\/www.cncmarketi.com\/index.php\/wp-json\/wp\/v2\/types\/product"}],"replies":[{"embeddable":true,"href":"https:\/\/www.cncmarketi.com\/index.php\/wp-json\/wp\/v2\/comments?post=7067"}],"version-history":[{"count":0,"href":"https:\/\/www.cncmarketi.com\/index.php\/wp-json\/wp\/v2\/product\/7067\/revisions"}],"wp:featuredmedia":[{"embeddable":true,"href":"https:\/\/www.cncmarketi.com\/index.php\/wp-json\/wp\/v2\/media\/7066"}],"wp:attachment":[{"href":"https:\/\/www.cncmarketi.com\/index.php\/wp-json\/wp\/v2\/media?parent=7067"}],"wp:term":[{"taxonomy":"brand","embeddable":true,"href":"https:\/\/www.cncmarketi.com\/index.php\/wp-json\/wp\/v2\/etheme_brands?post=7067"},{"taxonomy":"product_cat","embeddable":true,"href":"https:\/\/www.cncmarketi.com\/index.php\/wp-json\/wp\/v2\/product_cat?post=7067"},{"taxonomy":"product_tag","embeddable":true,"href":"https:\/\/www.cncmarketi.com\/index.php\/wp-json\/wp\/v2\/product_tag?post=7067"}],"curies":[{"name":"wp","href":"https:\/\/api.w.org\/{rel}","templated":true}]}}