{"id":7065,"date":"2023-08-10T21:44:43","date_gmt":"2023-08-10T18:44:43","guid":{"rendered":"https:\/\/www.cncmarketi.com\/index.php\/product\/yuksek-tork-sargi-makinesi-otomatik-sanziman-e-1200servotech\/"},"modified":"2023-08-10T22:44:13","modified_gmt":"2023-08-10T19:44:13","slug":"yuksek-tork-sargi-makinesi-otomatik-sanziman-e-1200servotech","status":"publish","type":"product","link":"https:\/\/www.cncmarketi.com\/index.php\/product\/yuksek-tork-sargi-makinesi-otomatik-sanziman-e-1200servotech\/","title":{"rendered":"Y\u00fcksek Tork Sarg\u0131 Makinesi &#8211; Otomatik \u015eanz\u0131man E -1200Servotech"},"content":{"rendered":"<p>Specifications can be modified according to customer requirements.<\/p>\n<p> Max Wire Diameter &#038; profile wire:<br \/>\n 0.01 \u2013 30mm<br \/>\n Max winding length:<br \/>\n 1100 mm<br \/>\n Max distance between points:<br \/>\n 1200 mm<br \/>\n Max Winding Diameter:<br \/>\n 800 mm<br \/>\n Guider precision:<br \/>\n 0.01 mm<br \/>\n Main shaft motor:<br \/>\n servo &#8211; 28Nm at 3000 rpm<br \/>\n Guider motor (Brushless):<br \/>\n 0.4HP \/ 300W (2.2Nm)<br \/>\n Winding shaft speed:<br \/>\n 0- 450 rpm *<br \/>\n Electrical supply:<br \/>\n 3 x 380Vca &#8211; 50Hz<br \/>\n Air supply:<br \/>\n Not required<br \/>\n Max Load between Centres:<br \/>\n 1000 kg<br \/>\n Net weight:<br \/>\n Approx. 1300 kg<br \/>\n User interface:<br \/>\n 10inch (254mm) colour touch screen<br \/>\n Max. No. of programmable windings:<br \/>\n 10,000 (per SD card)<br \/>\n Max. No. of windings per coil:<br \/>\n 200<br \/>\n Type of programming:<br \/>\n CNC<br \/>\n Torque and Speed<br \/>\n *There are many versions of this machine, each having a two ratios gearbox (automatic).<br \/>\n Gear Position<br \/>\n Low speed version *<br \/>\n Flexiable version *<br \/>\n Torque (Nm)<br \/>\n Max Speed (Rpm)<br \/>\n Torque (Nm)<br \/>\n Max Speed (Rpm)<br \/>\n 1<br \/>\n 410<br \/>\n 244<br \/>\n 205<br \/>\n 485<br \/>\n 2<br \/>\n 1232<br \/>\n 81<br \/>\n 1232<br \/>\n 81<br \/>\n Heavy duty coil winding machine series<br \/>\n Click for larger image<\/p>\n<p> Heavy duty coil winding machine series<br \/>\n The E-1200 \u201cSERVOTECH\u201d is a state-of-the-art winding machine with highly advanced features, including an automatic gearbox, energy efficient servo motors, and intelligent torque boosting technology.<br \/>\n It is equipped with head and bench in welded steel, faceplate, tailstock with Morse cone N\u00ba5 turning centre, guider system, security closure and foot pedal.<br \/>\n The machine is operated by a powerful CNC with user-friendly electronic programming. The energy efficient design concept reduces power consumption. All motors are synchronous and each movement has been optimised for maximum energy efficiency.<br \/>\n A new feature of the \u201cSERVOTECH\u201d model is the automatic gearbox, enabling the appropriate gear ratio to be selected by software.<br \/>\n This machine is specially designed for the manufacture of solenoids and power and distribution transformers from 10 to 2000 KVA, using aluminium or copper wires, including rectangular or flat wires with a special guider.<br \/>\n The wide range of winding speeds (up to 485 r.p.m) permits primary and secondary windings on the same machine, thus reducing the cycle time for many production processes. The concept and design facilitates the placement of necessary accessories such as end-fillers or insulation paper.<br \/>\n Automatic Gear Box<br \/>\n This all-new gear box is electronically controlled; the gear ratio specified within the winding program is selected automatically with no operator intervention. During the programming process, the machine software will \u201csuggest\u201d an appropriate gear to use according to the winding speed that has been entered. If required, this can be overridden by the user by simply selecting the preferred gear ratio.<br \/>\n Energy Efficiency<br \/>\n To assist our customers to compensate for ever-increasing energy costs, the E-1200 \u201cSERVOTECH\u201d has been designed for maximum energy efficiency. All of the machine movements have been optimized in order to reduce power consumption to a minimum.<br \/>\n Simple &#038; effective machine operating software<br \/>\n The all-new machine operating software has an intuitive graphical interface and a 10-inch (254mm) full colour touch screen &#8211; with user\u2019s choice of language &#8211; making programming a new coil easier than it has ever been.<br \/>\n Program storage is directly to a standard SD memory card. This allows a fast, simple program backup, with the option of Windows \u2122 software, \u201cWINbobbin\u201d for full PC connectivity.<br \/>\n Accessories<br \/>\n The wide range of accessories designed to work with the E-1200 \u201cSERVOTECH\u201d includes guiders for round and square wires, wire tensioning and de-reeling systems, paper and insulation material feeders.<\/p>\n","protected":false},"excerpt":{"rendered":"<p>Specifications can be modified according to customer requirements. Max Wire Diameter &#038; profile wire: 0.01 \u2013 30mm Max winding length: 1100 mm Max distance between&#8230;<\/p>\n","protected":false},"featured_media":7063,"comment_status":"open","ping_status":"closed","template":"","meta":[],"etheme_brands":[{"term_id":68,"name":"Ingrid West","slug":"ingrid-west","term_group":0,"term_taxonomy_id":68,"taxonomy":"brand","description":"","parent":0,"count":60,"filter":"raw"}],"product_cat":[63],"product_tag":[],"_links":{"self":[{"href":"https:\/\/www.cncmarketi.com\/index.php\/wp-json\/wp\/v2\/product\/7065"}],"collection":[{"href":"https:\/\/www.cncmarketi.com\/index.php\/wp-json\/wp\/v2\/product"}],"about":[{"href":"https:\/\/www.cncmarketi.com\/index.php\/wp-json\/wp\/v2\/types\/product"}],"replies":[{"embeddable":true,"href":"https:\/\/www.cncmarketi.com\/index.php\/wp-json\/wp\/v2\/comments?post=7065"}],"version-history":[{"count":0,"href":"https:\/\/www.cncmarketi.com\/index.php\/wp-json\/wp\/v2\/product\/7065\/revisions"}],"wp:featuredmedia":[{"embeddable":true,"href":"https:\/\/www.cncmarketi.com\/index.php\/wp-json\/wp\/v2\/media\/7063"}],"wp:attachment":[{"href":"https:\/\/www.cncmarketi.com\/index.php\/wp-json\/wp\/v2\/media?parent=7065"}],"wp:term":[{"taxonomy":"brand","embeddable":true,"href":"https:\/\/www.cncmarketi.com\/index.php\/wp-json\/wp\/v2\/etheme_brands?post=7065"},{"taxonomy":"product_cat","embeddable":true,"href":"https:\/\/www.cncmarketi.com\/index.php\/wp-json\/wp\/v2\/product_cat?post=7065"},{"taxonomy":"product_tag","embeddable":true,"href":"https:\/\/www.cncmarketi.com\/index.php\/wp-json\/wp\/v2\/product_tag?post=7065"}],"curies":[{"name":"wp","href":"https:\/\/api.w.org\/{rel}","templated":true}]}}