{"id":7060,"date":"2023-08-10T21:44:42","date_gmt":"2023-08-10T18:44:42","guid":{"rendered":"https:\/\/www.cncmarketi.com\/index.php\/product\/sanziman-e-900sgb-ile-agir-hizmet-bobin-sargi-makinesi\/"},"modified":"2023-08-10T22:44:13","modified_gmt":"2023-08-10T19:44:13","slug":"sanziman-e-900sgb-ile-agir-hizmet-bobin-sargi-makinesi","status":"publish","type":"product","link":"https:\/\/www.cncmarketi.com\/index.php\/product\/sanziman-e-900sgb-ile-agir-hizmet-bobin-sargi-makinesi\/","title":{"rendered":"\u015eanz\u0131man E-900Sgb \u0130le A\u011f\u0131r Hizmet Bobin Sarg\u0131 Makinesi"},"content":{"rendered":"<p>Specifications can be modified according to customer requirements.<\/p>\n<p> Max Wire Diameter &#038; profile wire:<br \/>\n 0.01 \u2013 10mm<br \/>\n Max winding length:<br \/>\n 800 mm<br \/>\n Max distance between points:<br \/>\n 900 mm<br \/>\n Max Winding Diameter:<br \/>\n 560 mm<br \/>\n Guider precision:<br \/>\n 0.01 mm<br \/>\n Main shaft motor:<br \/>\n Servo &#8211; 15Nm at 3000 rpm<br \/>\n Guider motor (Brushless):<br \/>\n 0.4HP \/ 300W (2.2Nm)<br \/>\n Winding shaft speed:<br \/>\n 0 &#8211; 1,500 rpm \/ 0 \u2013 3,000 rpm*<br \/>\n Electrical supply:<br \/>\n 3 x 380Vca &#8211; 50Hz<br \/>\n Air supply:<br \/>\n 6 bar<br \/>\n Net weight:<br \/>\n 700 kg approx.<br \/>\n User interface:<br \/>\n 10 inch (254 mm) colour touch screen<br \/>\n Max. No. of programmable windings:<br \/>\n 1000 (unlimited with SD card)<br \/>\n Max. No. of windings per coil:<br \/>\n 200<br \/>\n Type of programming:<br \/>\n CNC with colour touch screen<\/p>\n<p> Torque and Speed<\/p>\n<p> * There are two version of this machine, each having a four-ratio quick change gearbox.<\/p>\n<p> Gear Position<\/p>\n<p> 1500 RPM version<\/p>\n<p> 3000 RPM version<\/p>\n<p> Torque (Nm)<\/p>\n<p> Max Speed (Rpm)<\/p>\n<p> Torque (Nm)<\/p>\n<p> Max Speed (Rpm)<\/p>\n<p> 1<\/p>\n<p> 26<\/p>\n<p> 1500<\/p>\n<p> 15<\/p>\n<p> 3000<\/p>\n<p> 2<\/p>\n<p> 39<\/p>\n<p> 1000<\/p>\n<p> 19<\/p>\n<p> 2000<\/p>\n<p> 3<\/p>\n<p> 156<\/p>\n<p> 250<\/p>\n<p> 78<\/p>\n<p> 500<\/p>\n<p> 4<\/p>\n<p> 234<\/p>\n<p> 166<\/p>\n<p> 117<\/p>\n<p> 330<\/p>\n<p> Heavy duty coil winding machine series<br \/>\n Click for larger image<\/p>\n<p> The E-900 is a powerful and compact one spindle floor standing coil winding machine with a colour touch screen CNC, precision servomotor drive, and four-ratio gearbox. The winding machine is robustly constructed in heavy gauge welded galvanised steel, with covers in stainless steel, and is provided with a fixture plate, tailstock with security closure, guider system, safety guard and foot pedal<br \/>\n The applications of this machine include the manufacture of medium sized coils, including solenoids, motors, inductors, and power distribution transformers, typically in the range of 10 to 600 KVA.<br \/>\n User-selectable speed ranges of up to 3,000 rpm allow fast winding with small wires whilst delivering high torque for winding heavy wires.<br \/>\n The colour touch screen provides a simple and intuitive programming system with graphical interface and on-screen help, allowing even the most complex windings to be programmed in short periods of time in the user&#8217;s choice of language. A foot pedal is provided so that the operator can control the machine manually if required.<br \/>\n Data storage is on a standard SD card, providing a quick and simple method of backing up programs on a PC.<\/p>\n","protected":false},"excerpt":{"rendered":"<p>Specifications can be modified according to customer requirements. Max Wire Diameter &#038; profile wire: 0.01 \u2013 10mm Max winding length: 800 mm Max distance between&#8230;<\/p>\n","protected":false},"featured_media":7059,"comment_status":"open","ping_status":"closed","template":"","meta":[],"etheme_brands":[{"term_id":68,"name":"Ingrid West","slug":"ingrid-west","term_group":0,"term_taxonomy_id":68,"taxonomy":"brand","description":"","parent":0,"count":60,"filter":"raw"}],"product_cat":[63],"product_tag":[],"_links":{"self":[{"href":"https:\/\/www.cncmarketi.com\/index.php\/wp-json\/wp\/v2\/product\/7060"}],"collection":[{"href":"https:\/\/www.cncmarketi.com\/index.php\/wp-json\/wp\/v2\/product"}],"about":[{"href":"https:\/\/www.cncmarketi.com\/index.php\/wp-json\/wp\/v2\/types\/product"}],"replies":[{"embeddable":true,"href":"https:\/\/www.cncmarketi.com\/index.php\/wp-json\/wp\/v2\/comments?post=7060"}],"version-history":[{"count":0,"href":"https:\/\/www.cncmarketi.com\/index.php\/wp-json\/wp\/v2\/product\/7060\/revisions"}],"wp:featuredmedia":[{"embeddable":true,"href":"https:\/\/www.cncmarketi.com\/index.php\/wp-json\/wp\/v2\/media\/7059"}],"wp:attachment":[{"href":"https:\/\/www.cncmarketi.com\/index.php\/wp-json\/wp\/v2\/media?parent=7060"}],"wp:term":[{"taxonomy":"brand","embeddable":true,"href":"https:\/\/www.cncmarketi.com\/index.php\/wp-json\/wp\/v2\/etheme_brands?post=7060"},{"taxonomy":"product_cat","embeddable":true,"href":"https:\/\/www.cncmarketi.com\/index.php\/wp-json\/wp\/v2\/product_cat?post=7060"},{"taxonomy":"product_tag","embeddable":true,"href":"https:\/\/www.cncmarketi.com\/index.php\/wp-json\/wp\/v2\/product_tag?post=7060"}],"curies":[{"name":"wp","href":"https:\/\/api.w.org\/{rel}","templated":true}]}}