{"id":7054,"date":"2023-08-10T21:44:40","date_gmt":"2023-08-10T18:44:40","guid":{"rendered":"https:\/\/www.cncmarketi.com\/index.php\/product\/yuksek-hizli-bobin-sarma-makinesi-e-300\/"},"modified":"2023-08-10T22:44:14","modified_gmt":"2023-08-10T19:44:14","slug":"yuksek-hizli-bobin-sarma-makinesi-e-300","status":"publish","type":"product","link":"https:\/\/www.cncmarketi.com\/index.php\/product\/yuksek-hizli-bobin-sarma-makinesi-e-300\/","title":{"rendered":"Y\u00fcksek H\u0131zl\u0131 Bobin Sarma Makinesi E-300"},"content":{"rendered":"<p>Specifications can be modified according to customer requirements.<\/p>\n<p> Max Wire pitching:<br \/>\n 99 mm<br \/>\n Max winding length:<br \/>\n 350 mm<br \/>\n Max distance between points:<br \/>\n 500 mm<br \/>\n Max winding Diameter:<br \/>\n 350 mm<br \/>\n Face plate Diameter:<br \/>\n 80 mm<br \/>\n Guider precision:<br \/>\n 0.001 mm<br \/>\n Spindle resolution:<br \/>\n 0.01 mm<br \/>\n Main shaft motor:<br \/>\n Servo &#8211; 6Nm at 3000 rpm<br \/>\n Guider motor (Brushless):<br \/>\n Servo &#8211; 1.4NM<br \/>\n Winding shaft speed:<br \/>\n 0 &#8211; 3,000 \/ 6,000 \/ 9,000 rpm*<br \/>\n Electrical supply:<br \/>\n 3 x 380Vca &#8211; 50Hz<br \/>\n Net weight:<br \/>\n 250 kg approx.<br \/>\n User interface:<br \/>\n 7inch (178mm) colour touch screen<br \/>\n Max. No. of programmable windings:<br \/>\n 10,000 (per SD card)<br \/>\n Max. No. of windings per coil:<br \/>\n 200<br \/>\n Type of programming:<br \/>\n CNC with colour touch screen<br \/>\n Torque and Speed<\/p>\n<p> * There are three version of this machine, each having three belt positions.<\/p>\n<p> Belt Position<\/p>\n<p> G version &#8211; 3000 RPM<\/p>\n<p> N version &#8211; 6000 RPM<\/p>\n<p> R version &#8211; 9000 RPM<\/p>\n<p> Speed (Rpm)<\/p>\n<p> Torque (Nm)<\/p>\n<p> Speed (Rpm)<\/p>\n<p> Torque (Nm)<\/p>\n<p> Speed (Rpm)<\/p>\n<p> Torque (Nm)<\/p>\n<p> 1<\/p>\n<p> 3000<\/p>\n<p> 6<\/p>\n<p> 6000<\/p>\n<p> 3<\/p>\n<p> 9000<\/p>\n<p> 2<\/p>\n<p> 2<\/p>\n<p> 1500<\/p>\n<p> 12<\/p>\n<p> 3000<\/p>\n<p> 6<\/p>\n<p> 6000<\/p>\n<p> 3<\/p>\n<p> 3<\/p>\n<p> 750<\/p>\n<p> 24<\/p>\n<p> 1500<\/p>\n<p> 12<\/p>\n<p> 3000<\/p>\n<p> 6<\/p>\n<p> Heavy duty coil winding machine series<br \/>\n Click for larger image<\/p>\n<p> E-300 &#8211; Small sized bench Winding Machine; equipped with: &#8211;<\/p>\n<p> Traverse head<br \/>\n Sturdy base<br \/>\n Tailstock &#8211; with security lock,<br \/>\n Guider system<br \/>\n &#038; Safety shielded foot pedal.<br \/>\n Controlled by numeric PLC and electronic programming.<br \/>\n The applications of this machine is intended for the manufacture of solenoids, reactances, transformers, with capacity to make multiple windings and even distribution and power transformers.<br \/>\n There are various configurations of speed ranges, up to 9,000 rpm (depending machine version). This produces fast cycle time for high turn primary windings.<br \/>\n The colour touch screen provides a simple and intuitive programming system with graphical interface and on-screen help, allowing even the most complex windings to be programmed in short periods of time in the user&#8217;s choice of language. A foot pedal is provided so that the operator can control the machine manually if required.<br \/>\n Data storage is on a standard SD card, providing a quick and simple method of backing up programs on a PC.<\/p>\n","protected":false},"excerpt":{"rendered":"<p>Specifications can be modified according to customer requirements. Max Wire pitching: 99 mm Max winding length: 350 mm Max distance between points: 500 mm Max&#8230;<\/p>\n","protected":false},"featured_media":7041,"comment_status":"open","ping_status":"closed","template":"","meta":[],"etheme_brands":[{"term_id":68,"name":"Ingrid West","slug":"ingrid-west","term_group":0,"term_taxonomy_id":68,"taxonomy":"brand","description":"","parent":0,"count":60,"filter":"raw"}],"product_cat":[63],"product_tag":[],"_links":{"self":[{"href":"https:\/\/www.cncmarketi.com\/index.php\/wp-json\/wp\/v2\/product\/7054"}],"collection":[{"href":"https:\/\/www.cncmarketi.com\/index.php\/wp-json\/wp\/v2\/product"}],"about":[{"href":"https:\/\/www.cncmarketi.com\/index.php\/wp-json\/wp\/v2\/types\/product"}],"replies":[{"embeddable":true,"href":"https:\/\/www.cncmarketi.com\/index.php\/wp-json\/wp\/v2\/comments?post=7054"}],"version-history":[{"count":0,"href":"https:\/\/www.cncmarketi.com\/index.php\/wp-json\/wp\/v2\/product\/7054\/revisions"}],"wp:featuredmedia":[{"embeddable":true,"href":"https:\/\/www.cncmarketi.com\/index.php\/wp-json\/wp\/v2\/media\/7041"}],"wp:attachment":[{"href":"https:\/\/www.cncmarketi.com\/index.php\/wp-json\/wp\/v2\/media?parent=7054"}],"wp:term":[{"taxonomy":"brand","embeddable":true,"href":"https:\/\/www.cncmarketi.com\/index.php\/wp-json\/wp\/v2\/etheme_brands?post=7054"},{"taxonomy":"product_cat","embeddable":true,"href":"https:\/\/www.cncmarketi.com\/index.php\/wp-json\/wp\/v2\/product_cat?post=7054"},{"taxonomy":"product_tag","embeddable":true,"href":"https:\/\/www.cncmarketi.com\/index.php\/wp-json\/wp\/v2\/product_tag?post=7054"}],"curies":[{"name":"wp","href":"https:\/\/api.w.org\/{rel}","templated":true}]}}