{"id":7040,"date":"2023-08-10T21:44:35","date_gmt":"2023-08-10T18:44:35","guid":{"rendered":"https:\/\/www.cncmarketi.com\/index.php\/product\/otomatik-smd-cip-induktor-sarma-makinesi\/"},"modified":"2023-08-10T22:44:14","modified_gmt":"2023-08-10T19:44:14","slug":"otomatik-smd-cip-induktor-sarma-makinesi","status":"publish","type":"product","link":"https:\/\/www.cncmarketi.com\/index.php\/product\/otomatik-smd-cip-induktor-sarma-makinesi\/","title":{"rendered":"Otomatik Smd \u00c7ip \u0130nd\u00fckt\u00f6r Sarma Makinesi"},"content":{"rendered":"<p>Specification<\/p>\n<p> No. of spindles<br \/>\n 1<br \/>\n Wire size<br \/>\n 0.02-0.1 mm<br \/>\n Max coil width<br \/>\n 30 mm* larger upon request<br \/>\n Max coil diameter<br \/>\n 15 mm<br \/>\n Bonding method<br \/>\n Wire bonding via thermocompression technology, for start and end lead connection onto chip pad<br \/>\n Spindle speed<br \/>\n up to 9,000 rpm<br \/>\n Spindle position accuracy<br \/>\n +- 0.1\u00b0<br \/>\n Guide head drive motor<br \/>\n CNC 6 Axis AC servo motor synchronizing control<br \/>\n Control system<br \/>\n Windows interface PC with USB connector &#038; DVD ROM<br \/>\n Interface<br \/>\n RS232 or USB<br \/>\n Touch screen<br \/>\n 15 inch<br \/>\n Air supply<br \/>\n 6 Bar<br \/>\n Power supply<br \/>\n single phase 220V +-10% 50Hz<br \/>\n Power consumption<br \/>\n < 4 kwA\n Weight\n 180 Kg\n Dimensions (cm)\n 700(W) x 800(L) x 1500(H) \u2013 excluding wire spool stand\n \n Description:\n Chip inductor winding machine providing fully automatic production of SMD inductors in large volume, typically 0402, 0603, 0805, 1008 chip sizes and other ferrite-wound products.\n Main features:\n Bowl feeder for ferrite components, wire cutting on tooling clamp, guide over start pad on ferrite, weld, winding, guide over end pad, weld, cut end wire, remove ferrite, unload - all performed in a fully automatic process.\n Built-in welding system to connect start and finish leads.\n The wire guide movement can be freely programmed in all 3 axes (X, Y, and Z).\n 15 inch touch screen for easy setup, with industrial PC, network card, USB memory for program storage and simple backup.\n Wire tensioner with magnetic braking provides constant tension.\n Easy to change tooling and machine set-up recalled from the onboard computer when changing product.\n Options:\n Load and unload to tape and reel.\n Various tooling can be designed depending on component requirements.\n Customised accessories to suit your application\n<\/p>\n","protected":false},"excerpt":{"rendered":"<p>Specification No. of spindles 1 Wire size 0.02-0.1 mm Max coil width 30 mm* larger upon request Max coil diameter 15 mm Bonding method Wire&#8230;<\/p>\n","protected":false},"featured_media":7036,"comment_status":"open","ping_status":"closed","template":"","meta":[],"etheme_brands":[{"term_id":68,"name":"Ingrid West","slug":"ingrid-west","term_group":0,"term_taxonomy_id":68,"taxonomy":"brand","description":"","parent":0,"count":60,"filter":"raw"}],"product_cat":[63],"product_tag":[],"_links":{"self":[{"href":"https:\/\/www.cncmarketi.com\/index.php\/wp-json\/wp\/v2\/product\/7040"}],"collection":[{"href":"https:\/\/www.cncmarketi.com\/index.php\/wp-json\/wp\/v2\/product"}],"about":[{"href":"https:\/\/www.cncmarketi.com\/index.php\/wp-json\/wp\/v2\/types\/product"}],"replies":[{"embeddable":true,"href":"https:\/\/www.cncmarketi.com\/index.php\/wp-json\/wp\/v2\/comments?post=7040"}],"version-history":[{"count":0,"href":"https:\/\/www.cncmarketi.com\/index.php\/wp-json\/wp\/v2\/product\/7040\/revisions"}],"wp:featuredmedia":[{"embeddable":true,"href":"https:\/\/www.cncmarketi.com\/index.php\/wp-json\/wp\/v2\/media\/7036"}],"wp:attachment":[{"href":"https:\/\/www.cncmarketi.com\/index.php\/wp-json\/wp\/v2\/media?parent=7040"}],"wp:term":[{"taxonomy":"brand","embeddable":true,"href":"https:\/\/www.cncmarketi.com\/index.php\/wp-json\/wp\/v2\/etheme_brands?post=7040"},{"taxonomy":"product_cat","embeddable":true,"href":"https:\/\/www.cncmarketi.com\/index.php\/wp-json\/wp\/v2\/product_cat?post=7040"},{"taxonomy":"product_tag","embeddable":true,"href":"https:\/\/www.cncmarketi.com\/index.php\/wp-json\/wp\/v2\/product_tag?post=7040"}],"curies":[{"name":"wp","href":"https:\/\/api.w.org\/{rel}","templated":true}]}}